{"id":1235,"date":"2013-10-27T11:10:43","date_gmt":"2013-10-27T11:10:43","guid":{"rendered":"http:\/\/test.wbs-itzehoe.de\/?page_id=1235"},"modified":"2023-10-13T05:05:46","modified_gmt":"2023-10-13T03:05:46","slug":"schuelerbuecherei","status":"publish","type":"page","link":"https:\/\/wbs-itzehoe.de\/?page_id=1235","title":{"rendered":"Hereinspaziert in unsere Sch\u00fclerb\u00fccherei"},"content":{"rendered":"<p style=\"text-align: left;\"><span style=\"font-size: 14pt;\"><img loading=\"lazy\" decoding=\"async\" class=\" wp-image-9239 alignleft\" src=\"https:\/\/wbs-itzehoe.de\/wp-content\/uploads\/2023\/10\/IMG_1239-282x300.jpg\" alt=\"\" width=\"178\" height=\"189\" srcset=\"https:\/\/wbs-itzehoe.de\/wp-content\/uploads\/2023\/10\/IMG_1239-282x300.jpg 282w, https:\/\/wbs-itzehoe.de\/wp-content\/uploads\/2023\/10\/IMG_1239.jpg 301w\" sizes=\"auto, (max-width: 178px) 100vw, 178px\" \/>Lesen ist langweilig? <\/span><\/p>\n<p style=\"text-align: left;\"><span style=\"font-size: 14pt;\">Das finden unsere eingefleischten B\u00fccherw\u00fcrmer und Leseratten \u00fcberhaupt nicht, denn in dem kleinen Raum mit gem\u00fctlicher Leseecke und Sitzs\u00e4cken l\u00e4sst es sich herrlich in den Pausen schm\u00f6kern. Dabei ist f\u00fcr jeden Geschmack etwas dabei von Mangas \u00fcber Gregs Tagebuch bis hin zu Krimis und Fantasy bietet unsere kleine B\u00fccherei.<\/span><\/p>\n<p><span style=\"font-size: 14pt;\">Hier findest du ein Buch f\u00fcr gem\u00fctliche Lesestunden zu Hause, f\u00fcr die Lesezeit in der Schule oder auch Fachb\u00fccher f\u00fcr Referate oder die <img loading=\"lazy\" decoding=\"async\" class=\" wp-image-9241 alignright\" src=\"https:\/\/wbs-itzehoe.de\/wp-content\/uploads\/2023\/10\/IMG_1242-233x300.jpg\" alt=\"\" width=\"160\" height=\"206\" srcset=\"https:\/\/wbs-itzehoe.de\/wp-content\/uploads\/2023\/10\/IMG_1242-233x300.jpg 233w, https:\/\/wbs-itzehoe.de\/wp-content\/uploads\/2023\/10\/IMG_1242.jpg 249w\" sizes=\"auto, (max-width: 160px) 100vw, 160px\" \/> Projektarbeit. <\/span><\/p>\n<p><span style=\"font-size: 14pt;\">Vielleicht hast du in den Pausen auch Lust auf eine rasante Spielerunde? Unsere kleine Spielesammlung <img loading=\"lazy\" decoding=\"async\" class=\" wp-image-9238 alignleft\" src=\"https:\/\/wbs-itzehoe.de\/wp-content\/uploads\/2023\/10\/IMG_1238-300x291.jpg\" alt=\"\" width=\"163\" height=\"158\" srcset=\"https:\/\/wbs-itzehoe.de\/wp-content\/uploads\/2023\/10\/IMG_1238-300x291.jpg 300w, https:\/\/wbs-itzehoe.de\/wp-content\/uploads\/2023\/10\/IMG_1238.jpg 320w\" sizes=\"auto, (max-width: 163px) 100vw, 163px\" \/>sorgt f\u00fcr Spa\u00df und Abwechslung.<\/span><\/p>\n<p><span style=\"font-size: 14pt;\">Schau einfach mal vorbei!!! Die Sch\u00fclerb\u00fccherei ist regelm\u00e4\u00dfig ge\u00f6ffnet.<\/span><\/p>\n<p><span style=\"font-size: 14pt;\">Ansprechpartner sind Frau Schallhofer und Frau Wendtland, die von Bennet, Ashley und Johanna tatkr\u00e4ftig unterst\u00fctzt werden.<\/span><\/p>\n<p><img loading=\"lazy\" decoding=\"async\" class=\" wp-image-9240 aligncenter\" src=\"https:\/\/wbs-itzehoe.de\/wp-content\/uploads\/2023\/10\/IMG_1241-267x300.jpg\" alt=\"\" width=\"170\" height=\"191\" srcset=\"https:\/\/wbs-itzehoe.de\/wp-content\/uploads\/2023\/10\/IMG_1241-267x300.jpg 267w, https:\/\/wbs-itzehoe.de\/wp-content\/uploads\/2023\/10\/IMG_1241.jpg 285w\" sizes=\"auto, (max-width: 170px) 100vw, 170px\" \/><\/p>\n","protected":false},"excerpt":{"rendered":"<p>Lesen ist langweilig? Das finden unsere eingefleischten B\u00fccherw\u00fcrmer und Leseratten \u00fcberhaupt nicht, denn in dem kleinen Raum mit gem\u00fctlicher Leseecke und Sitzs\u00e4cken l\u00e4sst es sich herrlich in den Pausen schm\u00f6kern. Dabei ist f\u00fcr jeden Geschmack etwas dabei von Mangas \u00fcber &hellip; <a href=\"https:\/\/wbs-itzehoe.de\/?page_id=1235\">Weiterlesen <span class=\"meta-nav\">&rarr;<\/span><\/a><\/p>\n","protected":false},"author":1,"featured_media":0,"parent":984,"menu_order":0,"comment_status":"closed","ping_status":"closed","template":"","meta":{"footnotes":""},"class_list":["post-1235","page","type-page","status-publish","hentry"],"_links":{"self":[{"href":"https:\/\/wbs-itzehoe.de\/index.php?rest_route=\/wp\/v2\/pages\/1235","targetHints":{"allow":["GET"]}}],"collection":[{"href":"https:\/\/wbs-itzehoe.de\/index.php?rest_route=\/wp\/v2\/pages"}],"about":[{"href":"https:\/\/wbs-itzehoe.de\/index.php?rest_route=\/wp\/v2\/types\/page"}],"author":[{"embeddable":true,"href":"https:\/\/wbs-itzehoe.de\/index.php?rest_route=\/wp\/v2\/users\/1"}],"replies":[{"embeddable":true,"href":"https:\/\/wbs-itzehoe.de\/index.php?rest_route=%2Fwp%2Fv2%2Fcomments&post=1235"}],"version-history":[{"count":10,"href":"https:\/\/wbs-itzehoe.de\/index.php?rest_route=\/wp\/v2\/pages\/1235\/revisions"}],"predecessor-version":[{"id":9242,"href":"https:\/\/wbs-itzehoe.de\/index.php?rest_route=\/wp\/v2\/pages\/1235\/revisions\/9242"}],"up":[{"embeddable":true,"href":"https:\/\/wbs-itzehoe.de\/index.php?rest_route=\/wp\/v2\/pages\/984"}],"wp:attachment":[{"href":"https:\/\/wbs-itzehoe.de\/index.php?rest_route=%2Fwp%2Fv2%2Fmedia&parent=1235"}],"curies":[{"name":"wp","href":"https:\/\/api.w.org\/{rel}","templated":true}]}}