{"id":1259,"date":"2013-10-27T11:43:52","date_gmt":"2013-10-27T11:43:52","guid":{"rendered":"http:\/\/test.wbs-itzehoe.de\/?page_id=1259"},"modified":"2023-09-29T05:43:24","modified_gmt":"2023-09-29T03:43:24","slug":"schulband","status":"publish","type":"page","link":"https:\/\/wbs-itzehoe.de\/?page_id=1259","title":{"rendered":"Schulband"},"content":{"rendered":"<p><img loading=\"lazy\" decoding=\"async\" class=\"size-medium wp-image-7339 alignleft\" src=\"http:\/\/wbs-itzehoe.de\/wp-content\/uploads\/2021\/03\/09a090e8-e448-4d1b-bed6-00a0a69f3861-199x300.jpg\" alt=\"\" width=\"199\" height=\"300\" \/><\/p>\n<p>In der Band AG geht es vorrangig darum, Freude am Musizieren zu wecken und zu f\u00f6rdern. So kann das Musikmachen ein kreatives Hobby werden, das einen das ganze Leben lang begleitet. Dabei ist die Entwicklung der Spielfreude und Motivation sehr wichtig. Man sollte aber auch an seinem Instrument besser werden wollen.<\/p>\n<p>Unsere Schule Die Band AG bietet musikbegeisterten Sch\u00fclerInnen die M\u00f6glichkeit, sich musikalisch auszudr\u00fccken. Die Sch\u00fclerInnen profitieren von Tipps und Erfahrungen der betreuenden Lehrkraft.<\/p>\n<p>Songs werden in der Schulband gemeinsam ausgew\u00e4hlt. Allerdings richtet sich die Auswahl auch immer danach, was man musikalisch kann. Nicht selten entstehen auch ganz eigene Versionen von Songs, so dass jedes Bandmitglied mitmachen kann. Voraussetzung f\u00fcr das Mitmachen ist eine regelm\u00e4\u00dfige Teilnahme und Verl\u00e4sslichkeit. Eine Band besteht nur aus wenigen Mitgliedern. Diese m\u00fcssen sich auf einander verlassen k\u00f6nnen. Das Beherrschen eines Instrumentes ist erw\u00fcnscht, aber nicht Pflicht. Die Band AG bietet einzelnen auch die Gelegenheit, ein Instrument zu erlernen. Im Besonderen f\u00f6rdert die Band AG neben dem Musizieren in der Gruppe das Verantwortungsbewusstsein gegen\u00fcber den Mitsch\u00fclern und der Schule.<\/p>\n<p>Ansprechpartner: Herr Seehausen<\/p>\n","protected":false},"excerpt":{"rendered":"<p>In der Band AG geht es vorrangig darum, Freude am Musizieren zu wecken und zu f\u00f6rdern. So kann das Musikmachen ein kreatives Hobby werden, das einen das ganze Leben lang begleitet. Dabei ist die Entwicklung der Spielfreude und Motivation sehr &hellip; <a href=\"https:\/\/wbs-itzehoe.de\/?page_id=1259\">Weiterlesen <span class=\"meta-nav\">&rarr;<\/span><\/a><\/p>\n","protected":false},"author":1,"featured_media":0,"parent":997,"menu_order":6,"comment_status":"closed","ping_status":"closed","template":"","meta":{"footnotes":""},"class_list":["post-1259","page","type-page","status-publish","hentry"],"_links":{"self":[{"href":"https:\/\/wbs-itzehoe.de\/index.php?rest_route=\/wp\/v2\/pages\/1259","targetHints":{"allow":["GET"]}}],"collection":[{"href":"https:\/\/wbs-itzehoe.de\/index.php?rest_route=\/wp\/v2\/pages"}],"about":[{"href":"https:\/\/wbs-itzehoe.de\/index.php?rest_route=\/wp\/v2\/types\/page"}],"author":[{"embeddable":true,"href":"https:\/\/wbs-itzehoe.de\/index.php?rest_route=\/wp\/v2\/users\/1"}],"replies":[{"embeddable":true,"href":"https:\/\/wbs-itzehoe.de\/index.php?rest_route=%2Fwp%2Fv2%2Fcomments&post=1259"}],"version-history":[{"count":12,"href":"https:\/\/wbs-itzehoe.de\/index.php?rest_route=\/wp\/v2\/pages\/1259\/revisions"}],"predecessor-version":[{"id":9203,"href":"https:\/\/wbs-itzehoe.de\/index.php?rest_route=\/wp\/v2\/pages\/1259\/revisions\/9203"}],"up":[{"embeddable":true,"href":"https:\/\/wbs-itzehoe.de\/index.php?rest_route=\/wp\/v2\/pages\/997"}],"wp:attachment":[{"href":"https:\/\/wbs-itzehoe.de\/index.php?rest_route=%2Fwp%2Fv2%2Fmedia&parent=1259"}],"curies":[{"name":"wp","href":"https:\/\/api.w.org\/{rel}","templated":true}]}}