{"id":1263,"date":"2013-10-27T11:52:34","date_gmt":"2013-10-27T10:52:34","guid":{"rendered":"http:\/\/test.wbs-itzehoe.de\/?page_id=1263"},"modified":"2018-02-09T23:29:38","modified_gmt":"2018-02-09T22:29:38","slug":"niemanden-zurueck-lassen","status":"publish","type":"page","link":"https:\/\/wbs-itzehoe.de\/?page_id=1263","title":{"rendered":"Niemanden zur\u00fccklassen"},"content":{"rendered":"<p><a href=\"http:\/\/test.wbs-itzehoe.de\/wp-content\/uploads\/2013\/10\/Lesenmachtstark.jpg\"><img loading=\"lazy\" decoding=\"async\" class=\"alignleft size-medium wp-image-1266\" src=\"http:\/\/test.wbs-itzehoe.de\/wp-content\/uploads\/2013\/10\/Lesenmachtstark-300x254.jpg\" alt=\"Lesenmachtstark\" width=\"300\" height=\"254\" srcset=\"https:\/\/wbs-itzehoe.de\/wp-content\/uploads\/2013\/10\/Lesenmachtstark-300x254.jpg 300w, https:\/\/wbs-itzehoe.de\/wp-content\/uploads\/2013\/10\/Lesenmachtstark.jpg 800w\" sizes=\"auto, (max-width: 300px) 100vw, 300px\" \/><\/a>Die Wolfgang-Borchert-Schule nimmt am Schulbegleitprojekt <a href=\"http:\/\/nzl.lernnetz.de\/lesen\/content\/index.php\" target=\"_blank\" rel=\"noopener\">\u201cLesen macht stark\u201d<\/a> teil. Dies erm\u00f6glicht es uns, alle Sch\u00fclerinnen und Sch\u00fcler der Orientierungsstufe mit einem zus\u00e4tzlichen Lesetraining zu versorgen. \u00a0<\/p>\n<blockquote><p>Sch\u00fclerinnen und Sch\u00fcler der 7. Jahrgangsstufe, die mit ihren Klassen an dem schleswig-holsteinischen Schulbegleitprojekt \u201eNiemanden zur\u00fccklassen \u2013 Lesen macht stark\u201c teilnehmen, konnten ihre Lesekompetenz deutlich verbessern.<\/p><\/blockquote>\n<blockquote><p>Ziel sei es, die Risikogruppe der leseschwachen Sch\u00fclerinnen und Sch\u00fcler innerhalb von drei Jahren deutlich zu verkleinern. Damit k\u00f6nne ein wichtiger Beitrag geleistet werden gegen Schulversagen und Jugendarbeitslosigkeit.<a href=\"http:\/\/test.wbs-itzehoe.de\/wp-content\/uploads\/2013\/10\/Mathemachtstrark.jpg\"><img loading=\"lazy\" decoding=\"async\" class=\"size-medium wp-image-1267 aligncenter\" src=\"http:\/\/test.wbs-itzehoe.de\/wp-content\/uploads\/2013\/10\/Mathemachtstrark-291x300.jpg\" alt=\"Mathemachtstrark\" width=\"291\" height=\"300\" srcset=\"https:\/\/wbs-itzehoe.de\/wp-content\/uploads\/2013\/10\/Mathemachtstrark-291x300.jpg 291w, https:\/\/wbs-itzehoe.de\/wp-content\/uploads\/2013\/10\/Mathemachtstrark.jpg 778w\" sizes=\"auto, (max-width: 291px) 100vw, 291px\" \/><\/a> <\/p><\/blockquote>\n","protected":false},"excerpt":{"rendered":"<p>Die Wolfgang-Borchert-Schule nimmt am Schulbegleitprojekt \u201cLesen macht stark\u201d teil. Dies erm\u00f6glicht es uns, alle Sch\u00fclerinnen und Sch\u00fcler der Orientierungsstufe mit einem zus\u00e4tzlichen Lesetraining zu versorgen. \u00a0 Sch\u00fclerinnen und Sch\u00fcler der 7. Jahrgangsstufe, die mit ihren Klassen an dem schleswig-holsteinischen Schulbegleitprojekt &hellip; <a href=\"https:\/\/wbs-itzehoe.de\/?page_id=1263\">Weiterlesen <span class=\"meta-nav\">&rarr;<\/span><\/a><\/p>\n","protected":false},"author":1,"featured_media":0,"parent":980,"menu_order":0,"comment_status":"closed","ping_status":"closed","template":"","meta":{"footnotes":""},"class_list":["post-1263","page","type-page","status-publish","hentry"],"_links":{"self":[{"href":"https:\/\/wbs-itzehoe.de\/index.php?rest_route=\/wp\/v2\/pages\/1263","targetHints":{"allow":["GET"]}}],"collection":[{"href":"https:\/\/wbs-itzehoe.de\/index.php?rest_route=\/wp\/v2\/pages"}],"about":[{"href":"https:\/\/wbs-itzehoe.de\/index.php?rest_route=\/wp\/v2\/types\/page"}],"author":[{"embeddable":true,"href":"https:\/\/wbs-itzehoe.de\/index.php?rest_route=\/wp\/v2\/users\/1"}],"replies":[{"embeddable":true,"href":"https:\/\/wbs-itzehoe.de\/index.php?rest_route=%2Fwp%2Fv2%2Fcomments&post=1263"}],"version-history":[{"count":9,"href":"https:\/\/wbs-itzehoe.de\/index.php?rest_route=\/wp\/v2\/pages\/1263\/revisions"}],"predecessor-version":[{"id":5237,"href":"https:\/\/wbs-itzehoe.de\/index.php?rest_route=\/wp\/v2\/pages\/1263\/revisions\/5237"}],"up":[{"embeddable":true,"href":"https:\/\/wbs-itzehoe.de\/index.php?rest_route=\/wp\/v2\/pages\/980"}],"wp:attachment":[{"href":"https:\/\/wbs-itzehoe.de\/index.php?rest_route=%2Fwp%2Fv2%2Fmedia&parent=1263"}],"curies":[{"name":"wp","href":"https:\/\/api.w.org\/{rel}","templated":true}]}}