{"id":1316,"date":"2013-10-29T20:03:14","date_gmt":"2013-10-29T19:03:14","guid":{"rendered":"http:\/\/wbs-itzehoe.de\/?page_id=1316"},"modified":"2023-10-12T05:38:32","modified_gmt":"2023-10-12T03:38:32","slug":"sv","status":"publish","type":"page","link":"https:\/\/wbs-itzehoe.de\/?page_id=1316","title":{"rendered":"Sch\u00fclervertretung"},"content":{"rendered":"<p><span style=\"text-decoration: underline;\"><strong><span style=\"font-size: large;\">Sch\u00fcler f\u00fcr Sch\u00fcler<\/span><\/strong><\/span><\/p>\n<p><span style=\"font-size: 12pt;\">Die Sch\u00fclervertretung setzt sich aus\u00a0 Sch\u00fclerinnen und Sch\u00fclern der 5.-10. Klassen zusammen. Die SV-Lehrerin Frau Wohlert unterst\u00fctzt und begleitet die Arbeit der SV. Die Sch\u00fclervertretung nimmt an unserer Schule vielf\u00e4ltige Aufgaben wahr:<\/span><\/p>\n<ul>\n<li><span style=\"font-family: georgia,palatino,serif; font-size: large;\">Vertretung von Sch\u00fclerinteressen<\/span><\/li>\n<li><span style=\"font-family: georgia,palatino,serif; font-size: large;\">Spieleverleih f\u00fcr die Pausen (1.\u00a0und 2. gro\u00dfe Pause im SV-Raum)<\/span><\/li>\n<li><span style=\"font-family: georgia,palatino,serif; font-size: large;\">Organisation des sozialen Tages zum Thema &#8222;<em>Sch\u00fcler helfen leben&#8220;<\/em><\/span><\/li>\n<li><span style=\"font-family: georgia,palatino,serif;\"><span style=\"font-size: large;\">Nikolaus- und Valentinsaktion<\/span><\/span><\/li>\n<\/ul>\n<p><img loading=\"lazy\" decoding=\"async\" class=\"alignnone size-medium wp-image-9231\" src=\"https:\/\/wbs-itzehoe.de\/wp-content\/uploads\/2023\/10\/IMG_6304-300x200.jpg\" alt=\"\" width=\"300\" height=\"200\" \/><\/p>\n<div>Die SV Oktober 2023<\/div>\n","protected":false},"excerpt":{"rendered":"<p>Sch\u00fcler f\u00fcr Sch\u00fcler Die Sch\u00fclervertretung setzt sich aus\u00a0 Sch\u00fclerinnen und Sch\u00fclern der 5.-10. Klassen zusammen. Die SV-Lehrerin Frau Wohlert unterst\u00fctzt und begleitet die Arbeit der SV. Die Sch\u00fclervertretung nimmt an unserer Schule vielf\u00e4ltige Aufgaben wahr: Vertretung von Sch\u00fclerinteressen Spieleverleih f\u00fcr &hellip; <a href=\"https:\/\/wbs-itzehoe.de\/?page_id=1316\">Weiterlesen <span class=\"meta-nav\">&rarr;<\/span><\/a><\/p>\n","protected":false},"author":6,"featured_media":0,"parent":869,"menu_order":8,"comment_status":"closed","ping_status":"closed","template":"","meta":{"footnotes":""},"class_list":["post-1316","page","type-page","status-publish","hentry"],"_links":{"self":[{"href":"https:\/\/wbs-itzehoe.de\/index.php?rest_route=\/wp\/v2\/pages\/1316","targetHints":{"allow":["GET"]}}],"collection":[{"href":"https:\/\/wbs-itzehoe.de\/index.php?rest_route=\/wp\/v2\/pages"}],"about":[{"href":"https:\/\/wbs-itzehoe.de\/index.php?rest_route=\/wp\/v2\/types\/page"}],"author":[{"embeddable":true,"href":"https:\/\/wbs-itzehoe.de\/index.php?rest_route=\/wp\/v2\/users\/6"}],"replies":[{"embeddable":true,"href":"https:\/\/wbs-itzehoe.de\/index.php?rest_route=%2Fwp%2Fv2%2Fcomments&post=1316"}],"version-history":[{"count":36,"href":"https:\/\/wbs-itzehoe.de\/index.php?rest_route=\/wp\/v2\/pages\/1316\/revisions"}],"predecessor-version":[{"id":9232,"href":"https:\/\/wbs-itzehoe.de\/index.php?rest_route=\/wp\/v2\/pages\/1316\/revisions\/9232"}],"up":[{"embeddable":true,"href":"https:\/\/wbs-itzehoe.de\/index.php?rest_route=\/wp\/v2\/pages\/869"}],"wp:attachment":[{"href":"https:\/\/wbs-itzehoe.de\/index.php?rest_route=%2Fwp%2Fv2%2Fmedia&parent=1316"}],"curies":[{"name":"wp","href":"https:\/\/api.w.org\/{rel}","templated":true}]}}