{"id":1805,"date":"2014-05-16T19:52:53","date_gmt":"2014-05-16T17:52:53","guid":{"rendered":"http:\/\/wbs-itzehoe.de\/?page_id=1805"},"modified":"2019-08-09T22:40:10","modified_gmt":"2019-08-09T20:40:10","slug":"naturwissenschaften","status":"publish","type":"page","link":"https:\/\/wbs-itzehoe.de\/?page_id=1805","title":{"rendered":"Naturwissenschaften"},"content":{"rendered":"<p>Angedockt an das Grundschulfach &#8222;Sachunterricht&#8220; startet mit Beginn des 5. Schuljahres das f\u00fcr die Sch\u00fclerinnen und Sch\u00fcler neue vierst\u00fcndige Hauptfach Naturwissenschaften (NaWi). Aufsteigend bis zum Ende der 7. Jahrgangsstufe werden die naturwissenschaftlichen Fachdisziplinen Biologie, Physik und Chemie integriert unterrichtet.<\/p>\n<p>Gem\u00e4\u00df den gesetzlichen Fachanforderungen des Faches Naturwissenschaften haben wir uns dazu entschieden, ab Klassenstufe 8 die Fachinhalte getrennt nach den F\u00e4chern Biologie, Physik und Chemie zu lehren. Damit gelingt es uns, die jeweilige Fachexpertise der naturwissenschaftlichen Lehrkr\u00e4fte bestm\u00f6glich einzusetzen und zu nutzen, um letztlich bei den Lernenden eine naturwissenschaftliche Grundbildung sicher und nachhaltig aufzubauen.<\/p>\n<p>Ein schulinternes Fachcurriculum f\u00fcr das Fach &#8222;Naturwissenschaften&#8220; wurde nach Jahrgangsstufen aufbauend schrittweise erarbeitet und unterrichtlich erprobt. Folgende Grundthemen werden gem\u00e4\u00df unserem Fachcurriculum in dieser Reihenfolge unterrichtet:<\/p>\n<ul>\n<li><span style=\"text-decoration: underline;\">F\u00fcr\u00a0Klassenstufe 5:<\/span>\u00a0\u00a0 Tiere &#8211; Wasser &#8211; Pflanzen &#8211; Boden<\/li>\n<li><span style=\"text-decoration: underline;\">F\u00fcr\u00a0Klassenstufe 6:<\/span>\u00a0\u00a0 Mensch\u00a0&#8211;\u00a0Luft &#8211;\u00a0 Sonne &#8211; Maschinen<\/li>\n<li><span style=\"text-decoration: underline;\">F\u00fcr\u00a0Klassenstufe 7:<\/span>\u00a0\u00a0\u00a0Orientieren &#8211; Kommunikation &#8211; Gesundheit &#8211; Ern\u00e4hrung<\/li>\n<\/ul>\n<p>F\u00fcr die weitere inhaltliche Ausgestaltung der Themen ab Jahrgangsstufe 8 zeichnen die jeweiligen Fachschaften Biologie, Physik und Chemie verantwortlich.<\/p>\n<p>Zust\u00e4ndig f\u00fcr die Koordination des Faches Naturwissenschaften: Herr Schubert<\/p>\n","protected":false},"excerpt":{"rendered":"<p>Angedockt an das Grundschulfach &#8222;Sachunterricht&#8220; startet mit Beginn des 5. Schuljahres das f\u00fcr die Sch\u00fclerinnen und Sch\u00fcler neue vierst\u00fcndige Hauptfach Naturwissenschaften (NaWi). Aufsteigend bis zum Ende der 7. Jahrgangsstufe werden die naturwissenschaftlichen Fachdisziplinen Biologie, Physik und Chemie integriert unterrichtet. Gem\u00e4\u00df &hellip; <a href=\"https:\/\/wbs-itzehoe.de\/?page_id=1805\">Weiterlesen <span class=\"meta-nav\">&rarr;<\/span><\/a><\/p>\n","protected":false},"author":6,"featured_media":0,"parent":968,"menu_order":0,"comment_status":"closed","ping_status":"closed","template":"","meta":{"footnotes":""},"class_list":["post-1805","page","type-page","status-publish","hentry"],"_links":{"self":[{"href":"https:\/\/wbs-itzehoe.de\/index.php?rest_route=\/wp\/v2\/pages\/1805","targetHints":{"allow":["GET"]}}],"collection":[{"href":"https:\/\/wbs-itzehoe.de\/index.php?rest_route=\/wp\/v2\/pages"}],"about":[{"href":"https:\/\/wbs-itzehoe.de\/index.php?rest_route=\/wp\/v2\/types\/page"}],"author":[{"embeddable":true,"href":"https:\/\/wbs-itzehoe.de\/index.php?rest_route=\/wp\/v2\/users\/6"}],"replies":[{"embeddable":true,"href":"https:\/\/wbs-itzehoe.de\/index.php?rest_route=%2Fwp%2Fv2%2Fcomments&post=1805"}],"version-history":[{"count":12,"href":"https:\/\/wbs-itzehoe.de\/index.php?rest_route=\/wp\/v2\/pages\/1805\/revisions"}],"predecessor-version":[{"id":6075,"href":"https:\/\/wbs-itzehoe.de\/index.php?rest_route=\/wp\/v2\/pages\/1805\/revisions\/6075"}],"up":[{"embeddable":true,"href":"https:\/\/wbs-itzehoe.de\/index.php?rest_route=\/wp\/v2\/pages\/968"}],"wp:attachment":[{"href":"https:\/\/wbs-itzehoe.de\/index.php?rest_route=%2Fwp%2Fv2%2Fmedia&parent=1805"}],"curies":[{"name":"wp","href":"https:\/\/api.w.org\/{rel}","templated":true}]}}