{"id":1923,"date":"2014-06-26T23:18:19","date_gmt":"2014-06-26T21:18:19","guid":{"rendered":"http:\/\/wbs-itzehoe.de\/?page_id=1923"},"modified":"2021-01-09T14:43:01","modified_gmt":"2021-01-09T13:43:01","slug":"wir-sind-ausbildungsschule","status":"publish","type":"page","link":"https:\/\/wbs-itzehoe.de\/?page_id=1923","title":{"rendered":"Wir sind Ausbildungsschule!"},"content":{"rendered":"<p style=\"margin-bottom: 0cm; font-weight: normal;\"><span style=\"font-size: large;\"><span style=\"text-decoration: none;\">Wir verf\u00fcgen \u00fcber zahlreiche Ausbildungslehrkr\u00e4fte, die ihre LiVs bei ihren praktischen Schritten in ihrem neuen Beruflsleben begleiten und sie gerne beim Erproben neuer Methoden und Ideen unterst\u00fctzen.<\/span><\/span><\/p>\n<p><span style=\"font-size: 14pt;\">Nat\u00fcrlich freuen wir uns auch immer \u00fcber frische und neue Impulse von au\u00dfen.<\/span><\/p>\n<p style=\"margin-bottom: 0cm; font-weight: normal; text-decoration: none;\"><span style=\"font-size: 14pt;\">Zurzeit stehen in folgenden F\u00e4chern qualifizierte und engagierte Ausbildungslehrkr\u00e4fte zur Verf\u00fcgung:<\/span><\/p>\n<ul>\n<li><span style=\"font-size: 12pt;\">Mathematik<\/span><\/li>\n<li><span style=\"font-size: 12pt;\">Deutsch<\/span><\/li>\n<li><span style=\"font-size: 12pt;\">Englisch<\/span><\/li>\n<li>Franz\u00f6sisch<\/li>\n<li><span style=\"font-size: 12pt;\">Geographie<\/span><\/li>\n<li><span style=\"font-size: 12pt;\">Geschichte<\/span><\/li>\n<li><span style=\"font-size: 12pt;\"><span style=\"font-size: 12pt;\">Biologie<\/span><\/span><\/li>\n<li>Chemie<\/li>\n<li><span style=\"font-size: 12pt;\">Physik<\/span><\/li>\n<li><span style=\"font-size: 12pt;\">Naturwissenschaften (NaWi)<\/span><\/li>\n<li><span style=\"font-size: 12pt;\">Religion<\/span><\/li>\n<li><span style=\"font-size: 12pt;\">Technik<\/span><\/li>\n<li><span style=\"font-size: 12pt;\">Verbraucherbildung<\/span><\/li>\n<li><span style=\"font-size: 12pt;\">Sport<\/span><\/li>\n<\/ul>\n<p>Aktuell bilden wir zwei Lehrkr\u00e4fte im Vorbereitungsdienst (LiV) aus.<\/p>\n<p>Hier geht es zu unserem <a title=\"Ausbildungskonzept\" href=\"http:\/\/wbs-itzehoe.de\/?page_id=1942\">Ausbildungskonzept<\/a>.<\/p>\n<div class='fotorama--wp' data-ids='1927,1926,1925'data-link='file'data-itemtag='dl'data-icontag='dt'data-captiontag='dd'data-columns='0'data-size='large'data-width='531'data-auto='false'data-max-width='100%'data-ratio='0.71275167785235'><div id='gallery-1' class='gallery galleryid-1923 gallery-columns-0 gallery-size-thumbnail'><dl class='gallery-item'>\n\t\t\t<dt class='gallery-icon portrait'>\n\t\t\t\t<a href='https:\/\/wbs-itzehoe.de\/wp-content\/uploads\/2014\/06\/Foto_3.jpg' data-full='https:\/\/wbs-itzehoe.de\/wp-content\/uploads\/2014\/06\/Foto_3.jpg'><img loading=\"lazy\" decoding=\"async\" width=\"150\" height=\"150\" src=\"https:\/\/wbs-itzehoe.de\/wp-content\/uploads\/2014\/06\/Foto_3-150x150.jpg\" class=\"attachment-thumbnail size-thumbnail\" alt=\"\" aria-describedby=\"gallery-1-1927\" \/><\/a>\n\t\t\t<\/dt>\n\t\t\t\t<dd class='wp-caption-text gallery-caption' id='gallery-1-1927'>\n\t\t\t\tWas das Referendariat&#8230;\n\t\t\t\t<\/dd><\/dl><dl class='gallery-item'>\n\t\t\t<dt class='gallery-icon portrait'>\n\t\t\t\t<a href='https:\/\/wbs-itzehoe.de\/wp-content\/uploads\/2014\/06\/Foto_1.jpg' data-full='https:\/\/wbs-itzehoe.de\/wp-content\/uploads\/2014\/06\/Foto_1.jpg'><img loading=\"lazy\" decoding=\"async\" width=\"150\" height=\"150\" src=\"https:\/\/wbs-itzehoe.de\/wp-content\/uploads\/2014\/06\/Foto_1-150x150.jpg\" class=\"attachment-thumbnail size-thumbnail\" alt=\"\" aria-describedby=\"gallery-1-1926\" \/><\/a>\n\t\t\t<\/dt>\n\t\t\t\t<dd class='wp-caption-text gallery-caption' id='gallery-1-1926'>\n\t\t\t\t&#8230;charakterisiert, bezweckt&#8230;\n\t\t\t\t<\/dd><\/dl><dl class='gallery-item'>\n\t\t\t<dt class='gallery-icon portrait'>\n\t\t\t\t<a href='https:\/\/wbs-itzehoe.de\/wp-content\/uploads\/2014\/06\/Foto_1..jpg' data-full='https:\/\/wbs-itzehoe.de\/wp-content\/uploads\/2014\/06\/Foto_1..jpg'><img loading=\"lazy\" decoding=\"async\" width=\"150\" height=\"150\" src=\"https:\/\/wbs-itzehoe.de\/wp-content\/uploads\/2014\/06\/Foto_1.-150x150.jpg\" class=\"attachment-thumbnail size-thumbnail\" alt=\"\" aria-describedby=\"gallery-1-1925\" \/><\/a>\n\t\t\t<\/dt>\n\t\t\t\t<dd class='wp-caption-text gallery-caption' id='gallery-1-1925'>\n\t\t\t\t&#8230;oder an Impulsen setzen kann.\n\t\t\t\t<\/dd><\/dl>\n\t\t<\/div>\n<\/div>\n","protected":false},"excerpt":{"rendered":"<p>Wir verf\u00fcgen \u00fcber zahlreiche Ausbildungslehrkr\u00e4fte, die ihre LiVs bei ihren praktischen Schritten in ihrem neuen Beruflsleben begleiten und sie gerne beim Erproben neuer Methoden und Ideen unterst\u00fctzen. Nat\u00fcrlich freuen wir uns auch immer \u00fcber frische und neue Impulse von au\u00dfen. &hellip; <a href=\"https:\/\/wbs-itzehoe.de\/?page_id=1923\">Weiterlesen <span class=\"meta-nav\">&rarr;<\/span><\/a><\/p>\n","protected":false},"author":6,"featured_media":0,"parent":901,"menu_order":6,"comment_status":"closed","ping_status":"closed","template":"","meta":{"footnotes":""},"class_list":["post-1923","page","type-page","status-publish","hentry"],"_links":{"self":[{"href":"https:\/\/wbs-itzehoe.de\/index.php?rest_route=\/wp\/v2\/pages\/1923","targetHints":{"allow":["GET"]}}],"collection":[{"href":"https:\/\/wbs-itzehoe.de\/index.php?rest_route=\/wp\/v2\/pages"}],"about":[{"href":"https:\/\/wbs-itzehoe.de\/index.php?rest_route=\/wp\/v2\/types\/page"}],"author":[{"embeddable":true,"href":"https:\/\/wbs-itzehoe.de\/index.php?rest_route=\/wp\/v2\/users\/6"}],"replies":[{"embeddable":true,"href":"https:\/\/wbs-itzehoe.de\/index.php?rest_route=%2Fwp%2Fv2%2Fcomments&post=1923"}],"version-history":[{"count":10,"href":"https:\/\/wbs-itzehoe.de\/index.php?rest_route=\/wp\/v2\/pages\/1923\/revisions"}],"predecessor-version":[{"id":6906,"href":"https:\/\/wbs-itzehoe.de\/index.php?rest_route=\/wp\/v2\/pages\/1923\/revisions\/6906"}],"up":[{"embeddable":true,"href":"https:\/\/wbs-itzehoe.de\/index.php?rest_route=\/wp\/v2\/pages\/901"}],"wp:attachment":[{"href":"https:\/\/wbs-itzehoe.de\/index.php?rest_route=%2Fwp%2Fv2%2Fmedia&parent=1923"}],"curies":[{"name":"wp","href":"https:\/\/api.w.org\/{rel}","templated":true}]}}