{"id":2721,"date":"2014-11-20T17:31:48","date_gmt":"2014-11-20T16:31:48","guid":{"rendered":"http:\/\/wbs-itzehoe.de\/?page_id=2721"},"modified":"2018-02-09T23:14:21","modified_gmt":"2018-02-09T22:14:21","slug":"girlsday-boysday","status":"publish","type":"page","link":"https:\/\/wbs-itzehoe.de\/?page_id=2721","title":{"rendered":"Girls&#8217;Day &#038; Boys&#8217;Day"},"content":{"rendered":"<p><a href=\"http:\/\/www.girls-day.de\" target=\"_blank\" rel=\"noopener\"><img loading=\"lazy\" decoding=\"async\" class=\"alignleft wp-image-2722 size-full\" src=\"http:\/\/wbs-itzehoe.de\/wp-content\/uploads\/2014\/11\/girls-day-logo.png\" alt=\"girls-day-logo\" width=\"300\" height=\"85\" \/><\/a>Der Girls\u2019Day oder auch M\u00e4dchen-Zukunftstag ist das gr\u00f6\u00dfte Berufsorientierungsprojekt f\u00fcr Sch\u00fclerinnen ab der 7. Klasse. Jeweils am letzten Donnerstag im April eines Jahres f\u00fchren insbesondere technische Unternehmen, Betriebe mit technischen Abteilungen und Ausbildungen, Hochschulen und Forschungszentren in ganz Deutschland diesen Aktionstag durch. Und so k\u00f6nnen unsere teilnehmenden Sch\u00fclerinnen beispielsweise einen Tag lang in naturwissenschaftlichen Laboren und technischen Werkst\u00e4tten echte \u201eM\u00e4nnerjobs\u201c erproben und erste Kontakte kn\u00fcpfen. Weitere Informationen zum Girls\u2019Day erhalten Sie bei einem Klick auf das Girls&#8217;Day-Logo.<\/p>\n<h6>\u00a0<\/h6>\n<p><a href=\"http:\/\/www.boys-day.de\" target=\"_blank\" rel=\"noopener\"><img loading=\"lazy\" decoding=\"async\" class=\"alignright wp-image-2723 size-thumbnail\" src=\"http:\/\/wbs-itzehoe.de\/wp-content\/uploads\/2014\/11\/boys-day-logo-250x95.png\" alt=\"boys-day-logo\" width=\"250\" height=\"95\" \/><\/a>Parallel zum Girls\u2019Day findet f\u00fcr die Jungen der bundesweite Boys\u2019Day oder auch Jungen-Zukunftstag statt. Er richtet sich vor allem an Sch\u00fcler, die sich f\u00fcr Dienstleistungsberufe in den Bereichen Erziehung, Soziales, Gesundheit und Pflege interessieren. Bislang sind in sozialen Berufen nur wenige M\u00e4nner besch\u00e4ftigt. Weitere Informationen zum Boys\u2019Day erhalten Sie bei einem Klick auf das Boys&#8217;Day-Logo.<\/p>\n<p>Unsere Schule nimmt seit einigen Jahren an beiden Aktionen teil.<\/p>\n","protected":false},"excerpt":{"rendered":"<p>Der Girls\u2019Day oder auch M\u00e4dchen-Zukunftstag ist das gr\u00f6\u00dfte Berufsorientierungsprojekt f\u00fcr Sch\u00fclerinnen ab der 7. Klasse. Jeweils am letzten Donnerstag im April eines Jahres f\u00fchren insbesondere technische Unternehmen, Betriebe mit technischen Abteilungen und Ausbildungen, Hochschulen und Forschungszentren in ganz Deutschland diesen &hellip; <a href=\"https:\/\/wbs-itzehoe.de\/?page_id=2721\">Weiterlesen <span class=\"meta-nav\">&rarr;<\/span><\/a><\/p>\n","protected":false},"author":6,"featured_media":0,"parent":960,"menu_order":3,"comment_status":"closed","ping_status":"closed","template":"","meta":{"footnotes":""},"class_list":["post-2721","page","type-page","status-publish","hentry"],"_links":{"self":[{"href":"https:\/\/wbs-itzehoe.de\/index.php?rest_route=\/wp\/v2\/pages\/2721","targetHints":{"allow":["GET"]}}],"collection":[{"href":"https:\/\/wbs-itzehoe.de\/index.php?rest_route=\/wp\/v2\/pages"}],"about":[{"href":"https:\/\/wbs-itzehoe.de\/index.php?rest_route=\/wp\/v2\/types\/page"}],"author":[{"embeddable":true,"href":"https:\/\/wbs-itzehoe.de\/index.php?rest_route=\/wp\/v2\/users\/6"}],"replies":[{"embeddable":true,"href":"https:\/\/wbs-itzehoe.de\/index.php?rest_route=%2Fwp%2Fv2%2Fcomments&post=2721"}],"version-history":[{"count":8,"href":"https:\/\/wbs-itzehoe.de\/index.php?rest_route=\/wp\/v2\/pages\/2721\/revisions"}],"predecessor-version":[{"id":5232,"href":"https:\/\/wbs-itzehoe.de\/index.php?rest_route=\/wp\/v2\/pages\/2721\/revisions\/5232"}],"up":[{"embeddable":true,"href":"https:\/\/wbs-itzehoe.de\/index.php?rest_route=\/wp\/v2\/pages\/960"}],"wp:attachment":[{"href":"https:\/\/wbs-itzehoe.de\/index.php?rest_route=%2Fwp%2Fv2%2Fmedia&parent=2721"}],"curies":[{"name":"wp","href":"https:\/\/api.w.org\/{rel}","templated":true}]}}