{"id":7193,"date":"2021-02-19T09:03:26","date_gmt":"2021-02-19T08:03:26","guid":{"rendered":"http:\/\/wbs-itzehoe.de\/?page_id=7193"},"modified":"2021-02-19T17:40:44","modified_gmt":"2021-02-19T16:40:44","slug":"grussworte","status":"publish","type":"page","link":"https:\/\/wbs-itzehoe.de\/?page_id=7193","title":{"rendered":"Gru\u00dfworte"},"content":{"rendered":"<p><span style=\"color: #000000; font-family: georgia, palatino, serif; font-size: 12pt;\">Liebe Eltern!<\/span><\/p>\n<p><span style=\"color: #000000; font-family: georgia, palatino, serif; font-size: 12pt;\">Herzlichen willkommen an der Wolfgang-Borchert-Schule. Wir freuen uns, dass Sie sich f\u00fcr unsere Schule interessieren.<\/span><\/p>\n<p><span style=\"color: #000000; font-family: georgia, palatino, serif; font-size: 12pt;\"><b>Vielfalt wird bei uns ganz gro\u00df geschrieben!!!<\/b><\/span><\/p>\n<p><span style=\"font-family: georgia, palatino, serif; font-size: 12pt;\"><span style=\"color: #000000;\">Unsere Sch\u00fclerinnen und Sch\u00fcler haben vielf\u00e4ltige Begabungen und sollen bei uns zeigen, was in ihnen steckt. Wir <\/span><span style=\"color: #000000;\"><b>gucken gemeinsam sehr sorgf\u00e4ltig auf Ihr Kind<\/b><\/span><span style=\"color: #000000;\">, um <\/span><span style=\"color: #000000;\"><b>Lernwege m\u00f6glichst lange offen zu halten<\/b><\/span><span style=\"color: #000000;\">. Alle Lehrer*innen an der WBS k\u00fcmmern sich mit <\/span><span style=\"color: #000000;\"><b>gro\u00dfem Engagement<\/b><\/span><span style=\"color: #000000;\"> um ihre Sch\u00fcler*innen, damit sie <\/span><span style=\"color: #000000;\"><b>einen guten Schulabschluss erhalten<\/b><\/span><span style=\"color: #000000;\">. Daf\u00fcr arbeiten unsere Lehrkr\u00e4fte lange und eng mit ihren Klassen zusammen und begleiten diese in der Regel durchgehend von der 5. bis zur 10. Jahrgangsstufe. <\/span><\/span><\/p>\n<p><span style=\"color: #000000; font-family: georgia, palatino, serif; font-size: 12pt;\">Wir verstehen uns als <b>Wissenvermittler und Erziehungspartner<\/b>, um gemeinsam mit Ihnen, liebe Eltern, Ihre Kinder zu st\u00e4rken und sie auf ihrem individuellen Weg zu begleiten.<\/span><\/p>\n<p><span style=\"color: #000000; font-family: georgia, palatino, serif; font-size: 12pt;\">Wir legen Wert auf ein gutes Miteinander, ein angenehmes Lernklima und eine Verbundenheit mit unserer Schule, zu der besonders bei den j\u00fcngeren Jahrg\u00e4ngen unser <b>Schulmaskottchen Wolfgang B. Eichhorn <\/b>beitr\u00e4gt.<\/span><\/p>\n<p><span style=\"color: #000000; font-family: georgia, palatino, serif; font-size: 12pt;\">Schauen Sie sich bei uns um und entdecken Sie, wie an der WBS gelebt und gelernt wird.<\/span><\/p>\n<p><span style=\"color: #000000; font-family: georgia, palatino, serif; font-size: 12pt;\">Viel Spa\u00df dabei!<\/span><\/p>\n<div id=\"attachment_6300\" style=\"width: 310px\" class=\"wp-caption aligncenter\"><img loading=\"lazy\" decoding=\"async\" aria-describedby=\"caption-attachment-6300\" class=\"size-medium wp-image-6300\" src=\"http:\/\/wbs-itzehoe.de\/wp-content\/uploads\/2020\/02\/IMG_0330-300x225.jpg\" alt=\"\" width=\"300\" height=\"225\" \/><p id=\"caption-attachment-6300\" class=\"wp-caption-text\">Wolfgang B. Eichhorn<\/p><\/div>\n","protected":false},"excerpt":{"rendered":"<p>Liebe Eltern! Herzlichen willkommen an der Wolfgang-Borchert-Schule. Wir freuen uns, dass Sie sich f\u00fcr unsere Schule interessieren. Vielfalt wird bei uns ganz gro\u00df geschrieben!!! Unsere Sch\u00fclerinnen und Sch\u00fcler haben vielf\u00e4ltige Begabungen und sollen bei uns zeigen, was in ihnen steckt. &hellip; <a href=\"https:\/\/wbs-itzehoe.de\/?page_id=7193\">Weiterlesen <span class=\"meta-nav\">&rarr;<\/span><\/a><\/p>\n","protected":false},"author":6,"featured_media":0,"parent":867,"menu_order":0,"comment_status":"closed","ping_status":"closed","template":"","meta":{"footnotes":""},"class_list":["post-7193","page","type-page","status-publish","hentry"],"_links":{"self":[{"href":"https:\/\/wbs-itzehoe.de\/index.php?rest_route=\/wp\/v2\/pages\/7193","targetHints":{"allow":["GET"]}}],"collection":[{"href":"https:\/\/wbs-itzehoe.de\/index.php?rest_route=\/wp\/v2\/pages"}],"about":[{"href":"https:\/\/wbs-itzehoe.de\/index.php?rest_route=\/wp\/v2\/types\/page"}],"author":[{"embeddable":true,"href":"https:\/\/wbs-itzehoe.de\/index.php?rest_route=\/wp\/v2\/users\/6"}],"replies":[{"embeddable":true,"href":"https:\/\/wbs-itzehoe.de\/index.php?rest_route=%2Fwp%2Fv2%2Fcomments&post=7193"}],"version-history":[{"count":7,"href":"https:\/\/wbs-itzehoe.de\/index.php?rest_route=\/wp\/v2\/pages\/7193\/revisions"}],"predecessor-version":[{"id":7246,"href":"https:\/\/wbs-itzehoe.de\/index.php?rest_route=\/wp\/v2\/pages\/7193\/revisions\/7246"}],"up":[{"embeddable":true,"href":"https:\/\/wbs-itzehoe.de\/index.php?rest_route=\/wp\/v2\/pages\/867"}],"wp:attachment":[{"href":"https:\/\/wbs-itzehoe.de\/index.php?rest_route=%2Fwp%2Fv2%2Fmedia&parent=7193"}],"curies":[{"name":"wp","href":"https:\/\/api.w.org\/{rel}","templated":true}]}}