{"id":7195,"date":"2021-02-19T09:04:47","date_gmt":"2021-02-19T08:04:47","guid":{"rendered":"http:\/\/wbs-itzehoe.de\/?page_id=7195"},"modified":"2024-02-08T09:25:59","modified_gmt":"2024-02-08T08:25:59","slug":"flex-klasse","status":"publish","type":"page","link":"https:\/\/wbs-itzehoe.de\/?page_id=7195","title":{"rendered":"Flex-Klasse >"},"content":{"rendered":"<p>Die Seite der Flex ist momentan noch in Bearbeitung. Fotos und Besonderheiten der Flex folgen demn\u00e4chst.<\/p>\n<p>Hier finden Sie den aktuellen <a href=\"https:\/\/wbs-itzehoe.de\/wp-content\/uploads\/2024\/02\/Flyer_WBS_2024.pdf\">Flyer<\/a> sowie die <a href=\"https:\/\/wbs-itzehoe.de\/wp-content\/uploads\/2024\/02\/Bewerbungsunterlagen-2024_2025.pdf\">Bewerbungsunterlagen<\/a>.<\/p>\n<p style=\"text-align: center;\"><span style=\"font-size: 14pt;\"><strong>Das sind wir<\/strong><\/span><\/p>\n<p><img loading=\"lazy\" decoding=\"async\" class=\"aligncenter  wp-image-9340\" src=\"https:\/\/wbs-itzehoe.de\/wp-content\/uploads\/2024\/02\/Klassenfoto_Flex_2023-300x225.jpg\" alt=\"\" width=\"562\" height=\"422\" srcset=\"https:\/\/wbs-itzehoe.de\/wp-content\/uploads\/2024\/02\/Klassenfoto_Flex_2023-300x225.jpg 300w, https:\/\/wbs-itzehoe.de\/wp-content\/uploads\/2024\/02\/Klassenfoto_Flex_2023.jpg 640w\" sizes=\"auto, (max-width: 562px) 100vw, 562px\" \/><\/p>\n<p>&nbsp;<\/p>\n<p><a href=\"https:\/\/wbs-itzehoe.de\/?page_id=8204\"><strong>Was ist eine Flexklasse?<\/strong><\/a><\/p>\n<p><strong><a href=\"https:\/\/wbs-itzehoe.de\/?page_id=8276\">Von Sch\u00fcler f\u00fcr Sch\u00fcler<\/a><\/strong><\/p>\n<p><a href=\"https:\/\/wbs-itzehoe.de\/?page_id=8271\"><strong>Projekt Hochbeet<\/strong><\/a><\/p>\n<p><a href=\"https:\/\/wbs-itzehoe.de\/?page_id=8209\"><strong>Wann bist du ein Kandidat f\u00fcr die Flexklasse?<\/strong><\/a><\/p>\n<p><a href=\"https:\/\/wbs-itzehoe.de\/?page_id=8213\"><strong>Was ist das Besondere an Flex?<\/strong><\/a><\/p>\n<p><a href=\"https:\/\/wbs-itzehoe.de\/?page_id=8215\"><strong>Wie arbeiten wir in der Flexklasse?<\/strong><\/a><\/p>\n<p><a href=\"https:\/\/wbs-itzehoe.de\/?page_id=8217\"><strong>Wie bewirbt man sich f\u00fcr die Flexklasse?<\/strong><\/a><\/p>\n<p><strong><a href=\"https:\/\/wbs-itzehoe.de\/?page_id=8220\">Termine<\/a><\/strong><\/p>\n<p><a href=\"https:\/\/wbs-itzehoe.de\/?page_id=8222\"><strong>Notwendige Unterlagen<\/strong><\/a><\/p>\n","protected":false},"excerpt":{"rendered":"<p>Die Seite der Flex ist momentan noch in Bearbeitung. Fotos und Besonderheiten der Flex folgen demn\u00e4chst. Hier finden Sie den aktuellen Flyer sowie die Bewerbungsunterlagen. Das sind wir &nbsp; Was ist eine Flexklasse? Von Sch\u00fcler f\u00fcr Sch\u00fcler Projekt Hochbeet Wann &hellip; <a href=\"https:\/\/wbs-itzehoe.de\/?page_id=7195\">Weiterlesen <span class=\"meta-nav\">&rarr;<\/span><\/a><\/p>\n","protected":false},"author":6,"featured_media":0,"parent":960,"menu_order":2,"comment_status":"closed","ping_status":"closed","template":"","meta":{"footnotes":""},"class_list":["post-7195","page","type-page","status-publish","hentry"],"_links":{"self":[{"href":"https:\/\/wbs-itzehoe.de\/index.php?rest_route=\/wp\/v2\/pages\/7195","targetHints":{"allow":["GET"]}}],"collection":[{"href":"https:\/\/wbs-itzehoe.de\/index.php?rest_route=\/wp\/v2\/pages"}],"about":[{"href":"https:\/\/wbs-itzehoe.de\/index.php?rest_route=\/wp\/v2\/types\/page"}],"author":[{"embeddable":true,"href":"https:\/\/wbs-itzehoe.de\/index.php?rest_route=\/wp\/v2\/users\/6"}],"replies":[{"embeddable":true,"href":"https:\/\/wbs-itzehoe.de\/index.php?rest_route=%2Fwp%2Fv2%2Fcomments&post=7195"}],"version-history":[{"count":21,"href":"https:\/\/wbs-itzehoe.de\/index.php?rest_route=\/wp\/v2\/pages\/7195\/revisions"}],"predecessor-version":[{"id":9346,"href":"https:\/\/wbs-itzehoe.de\/index.php?rest_route=\/wp\/v2\/pages\/7195\/revisions\/9346"}],"up":[{"embeddable":true,"href":"https:\/\/wbs-itzehoe.de\/index.php?rest_route=\/wp\/v2\/pages\/960"}],"wp:attachment":[{"href":"https:\/\/wbs-itzehoe.de\/index.php?rest_route=%2Fwp%2Fv2%2Fmedia&parent=7195"}],"curies":[{"name":"wp","href":"https:\/\/api.w.org\/{rel}","templated":true}]}}