{"id":7202,"date":"2021-02-19T09:08:53","date_gmt":"2021-02-19T08:08:53","guid":{"rendered":"http:\/\/wbs-itzehoe.de\/?page_id=7202"},"modified":"2021-02-19T10:45:06","modified_gmt":"2021-02-19T09:45:06","slug":"orientierungsstufe","status":"publish","type":"page","link":"https:\/\/wbs-itzehoe.de\/?page_id=7202","title":{"rendered":"Unsere Orientierungsstufe"},"content":{"rendered":"<p align=\"JUSTIFY\"><span style=\"color: #000000;\"><span style=\"font-family: ArialMT, sans-serif;\"><span style=\"font-size: medium;\">Hier habt ihr erstmal ganz viel <\/span><\/span><\/span><span style=\"color: #000000;\"><span style=\"font-family: ArialMT, sans-serif;\"><span style=\"font-size: medium;\"><b>Zeit zum Ankommen<\/b><\/span><\/span><\/span><span style=\"color: #000000;\"><span style=\"font-family: ArialMT, sans-serif;\"><span style=\"font-size: medium;\">. In der ersten Woche habt ihr nur Klassenlehrerunterricht und lernt erstmal eure Mitsch\u00fcler*innen und eure Schule kennen. Auch nach der ersten Woche bleibt viel Zeit zum Kennenlernen der neuen F\u00e4cher und Lehrer*innen.<\/span><\/span><\/span><\/p>\n<p align=\"JUSTIFY\"><span style=\"color: #000000;\"><span style=\"font-family: ArialMT, sans-serif;\"><span style=\"font-size: medium;\"><img loading=\"lazy\" decoding=\"async\" class=\"size-medium wp-image-6439 alignleft\" src=\"http:\/\/wbs-itzehoe.de\/wp-content\/uploads\/2020\/08\/615c041f-bd23-4de0-bd9e-dc8005f37999-213x300.jpg\" alt=\"\" width=\"213\" height=\"300\" \/>Eure Klasse wird von einem <\/span><\/span><\/span><span style=\"color: #000000;\"><span style=\"font-family: ArialMT, sans-serif;\"><span style=\"font-size: medium;\"><b>Klassenlehrerteam<\/b><\/span><\/span><\/span><span style=\"color: #000000;\"><span style=\"font-family: ArialMT, sans-serif;\"><span style=\"font-size: medium;\"> betreut. W\u00f6chentlich gibt es zwei Klassenlehrerstunden, in denen ihr gemeinsam im <\/span><\/span><\/span><span style=\"color: #000000;\"><span style=\"font-family: ArialMT, sans-serif;\"><span style=\"font-size: medium;\"><b>Klassenrat<\/b><\/span><\/span><\/span><span style=\"color: #000000;\"><span style=\"font-family: ArialMT, sans-serif;\"><span style=\"font-size: medium;\"> eure Anliegen besprecht oder das <\/span><\/span><\/span><span style=\"color: #000000;\"><span style=\"font-family: ArialMT, sans-serif;\"><span style=\"font-size: medium;\"><b>eigenverantwortliche Lernen<\/b><\/span><\/span><\/span><span style=\"color: #000000;\"><span style=\"font-family: ArialMT, sans-serif;\"><span style=\"font-size: medium;\"> unter Anleitung eurer Klassenehrer*innen lernt.<\/span><\/span><\/span><\/p>\n<p align=\"JUSTIFY\"><span style=\"color: #000000;\"><span style=\"font-family: ArialMT, sans-serif;\"><span style=\"font-size: medium;\">Ihr trainiert \u00a0den Umgang mit dem \u201eroten Faden\u201c. Das ist unser <\/span><\/span><\/span><span style=\"color: #000000;\"><span style=\"font-family: ArialMT, sans-serif;\"><span style=\"font-size: medium;\"><b>Lerntagebuch. <\/b><\/span><\/span><\/span><span style=\"color: #000000;\"><span style=\"font-family: ArialMT, sans-serif;\"><span style=\"font-size: medium;\">Hier tragt ihr eure Hausaufgaben und Termine ein, so dass ihr und eure Eltern die <\/span><\/span><\/span><span style=\"color: #000000;\"><span style=\"font-family: ArialMT, sans-serif;\"><span style=\"font-size: medium;\"><b>Orientierung<\/b><\/span><\/span><\/span><span style=\"color: #000000;\"><span style=\"font-family: ArialMT, sans-serif;\"><span style=\"font-size: medium;\"> behaltet. Lehrer*innen k\u00f6nnen auch eine kurze Notiz an eure Eltern \u00fcber euer Lernerfolge oder euer Verhalten schreiben und nat\u00fcrlich k\u00f6nnen auch eure Eltern kurze Mitteilungen an die Lehrer*innen dort hineinschreiben. So bleiben in Kontakt.<\/span><\/span><\/span><\/p>\n<p align=\"JUSTIFY\"><span style=\"color: #000000;\"><span style=\"font-family: ArialMT, sans-serif;\"><span style=\"font-size: medium;\">Wir Lehrer*innen geben auch unter jedem Leistungsnachweis eine <\/span><\/span><\/span><span style=\"color: #000000;\"><span style=\"font-family: ArialMT, sans-serif;\"><span style=\"font-size: medium;\"><b>schriftliche<\/b><\/span><\/span><\/span> <span style=\"color: #000000;\"><span style=\"font-family: ArialMT, sans-serif;\"><span style=\"font-size: medium;\"><b>R\u00fcckmeldung<\/b><\/span><\/span><\/span><span style=\"color: #000000;\"><span style=\"font-family: ArialMT, sans-serif;\"><span style=\"font-size: medium;\"> zu eurem Leistungsstand, so dass bei Problemen gleich nach L\u00f6sungen gesucht werden kann.<\/span><\/span><\/span><\/p>\n<p align=\"JUSTIFY\"><span style=\"color: #000000;\"><span style=\"font-family: Arial-BoldMT, sans-serif;\"><span style=\"font-size: medium;\"><b>Dreimal in der Woche <\/b><\/span><\/span><\/span><span style=\"color: #000000;\"><span style=\"font-family: Arial-BoldMT, sans-serif;\"><span style=\"font-size: medium;\">bieten wir<\/span><\/span><\/span><b> <\/b><span style=\"color: #000000;\"><span style=\"font-family: ArialMT, sans-serif;\"><span style=\"font-size: medium;\">eine <\/span><\/span><\/span><span style=\"color: #000000;\"><span style=\"font-family: ArialMT, sans-serif;\"><span style=\"font-size: medium;\"><b>Hausaufgabenbetreuung<\/b><\/span><\/span><\/span><span style=\"color: #000000;\"><span style=\"font-family: ArialMT, sans-serif;\"><span style=\"font-size: medium;\"> in der 7. Stunde an, f\u00fcr alle, die ihre Hausaufgaben nicht zu Hause machen wollen oder k\u00f6nnen. Hier finden unsere Sch\u00fcler*innen individuelle Unterst\u00fctzung von Lehrkr\u00e4ften.<\/span><\/span><\/span><\/p>\n<p align=\"JUSTIFY\"><span style=\"color: #000000;\"><span style=\"font-family: ArialMT, sans-serif;\"><span style=\"font-size: medium;\">Im <\/span><\/span><\/span><span style=\"color: #000000;\"><span style=\"font-family: ArialMT, sans-serif;\"><span style=\"font-size: medium;\"><b>Legasthenieunterricht<\/b><\/span><\/span><\/span><span style=\"color: #000000;\"><span style=\"font-family: ArialMT, sans-serif;\"><span style=\"font-size: medium;\"> findest du in kleinen Gruppen Unterst\u00fctzung und lernst Tricks und Tipps, wie man die Rechtschreibung besiegen kann.<\/span><\/span><\/span><\/p>\n<p align=\"JUSTIFY\"><span style=\"color: #000000;\"><span style=\"font-family: ArialMT, sans-serif;\"><span style=\"font-size: medium;\">In zahlreichen Stunden wird der Unterricht durch eine zweite Lehrkraft unterst\u00fctzt, die starke Lerner*innen fordert und dich unterst\u00fctzt, wenn du Hilfe ben\u00f6tigst.<\/span><\/span><\/span><\/p>\n<div id=\"attachment_6297\" style=\"width: 226px\" class=\"wp-caption alignleft\"><img loading=\"lazy\" decoding=\"async\" aria-describedby=\"caption-attachment-6297\" class=\"size-medium wp-image-6297\" src=\"http:\/\/wbs-itzehoe.de\/wp-content\/uploads\/2020\/02\/IMG_0327-216x300.jpg\" alt=\"\" width=\"216\" height=\"300\" \/><p id=\"caption-attachment-6297\" class=\"wp-caption-text\">Lesezeit<\/p><\/div>\n<p align=\"JUSTIFY\"><span style=\"color: #000000;\"><span style=\"font-family: ArialMT, sans-serif;\"><span style=\"font-size: medium;\">Bei uns wird das Lesen ganz gro\u00df geschrieben. In der <\/span><\/span><\/span><span style=\"color: #000000;\"><span style=\"font-family: ArialMT, sans-serif;\"><span style=\"font-size: medium;\"><b>Lesezeit<\/b><\/span><\/span><\/span><span style=\"color: #000000;\"><span style=\"font-family: ArialMT, sans-serif;\"><span style=\"font-size: medium;\"> darfst du jeden Tag Unterricht 15 Minuten in einem Buch deiner Wahl lesen. Und damit dir das Lesefutter nicht ausgeht, haben wir eine tolle <\/span><\/span><\/span><span style=\"color: #000000;\"><span style=\"font-family: ArialMT, sans-serif;\"><span style=\"font-size: medium;\"><b>Sch\u00fclerb\u00fccherei<\/b><\/span><\/span><\/span><span style=\"color: #000000;\"><span style=\"font-family: ArialMT, sans-serif;\"><span style=\"font-size: medium;\">, in der du nach Herzenslust st\u00f6bern kannst. In der 5.\/6. Klasse besuchen wir auch die <\/span><\/span><\/span><span style=\"color: #000000;\"><span style=\"font-family: ArialMT, sans-serif;\"><span style=\"font-size: medium;\"><b>Itzehoer Stadtb\u00fccherei<\/b><\/span><\/span><\/span><span style=\"color: #000000;\"><span style=\"font-family: ArialMT, sans-serif;\"><span style=\"font-size: medium;\">, in der du noch mehr Auswahl hast.<\/span><\/span><\/span><\/p>\n<p align=\"JUSTIFY\"><span style=\"color: #000000;\"><span style=\"font-family: ArialMT, sans-serif;\"><span style=\"font-size: medium;\">Nach so viel Lernen braucht man nat\u00fcrlich auch eine <\/span><\/span><\/span><span style=\"color: #000000;\"><span style=\"font-family: ArialMT, sans-serif;\"><span style=\"font-size: medium;\"><b>Pause<\/b><\/span><\/span><\/span><span style=\"color: #000000;\"><span style=\"font-family: ArialMT, sans-serif;\"><span style=\"font-size: medium;\">. Auch da bietet dir die WBS viel. Ihr k\u00f6nnt euch auf dem <\/span><\/span><\/span><span style=\"color: #000000;\"><span style=\"font-family: Arial-BoldMT, sans-serif;\"><span style=\"font-size: medium;\"><b>riesigen Waldschulhof<\/b><\/span><\/span><\/span><span style=\"color: #000000;\"><span style=\"font-family: ArialMT, sans-serif;\"><span style=\"font-size: medium;\">, auf dem <\/span><\/span><\/span><span style=\"color: #000000;\"><span style=\"font-family: Arial-BoldMT, sans-serif;\"><span style=\"font-size: medium;\"><b>Fu\u00dfballfeld<\/b><\/span><\/span><\/span><span style=\"color: #000000;\"><span style=\"font-family: ArialMT, sans-serif;\"><span style=\"font-size: medium;\">, dem <\/span><\/span><\/span><span style=\"color: #000000;\"><span style=\"font-family: Arial-BoldMT, sans-serif;\"><span style=\"font-size: medium;\"><b>Kletterger\u00fcst<\/b><\/span><\/span><\/span><span style=\"color: #000000;\"><span style=\"font-family: ArialMT, sans-serif;\"><span style=\"font-size: medium;\"> und mit <\/span><\/span><\/span><span style=\"color: #000000;\"><span style=\"font-family: Arial-BoldMT, sans-serif;\"><span style=\"font-size: medium;\"><b>Spielgr\u00e4ten<\/b><\/span><\/span><\/span><span style=\"color: #000000;\"><span style=\"font-family: ArialMT, sans-serif;\"><span style=\"font-size: medium;\">, die die SV zum Ausleihen anbietet, so richtig auszutoben.<\/span><\/span><\/span><\/p>\n<p align=\"JUSTIFY\"><span style=\"color: #000000;\"><span style=\"font-family: ArialMT, sans-serif;\"><span style=\"font-size: medium;\">Wenn es dann mal Unstimmigkeiten gibt, sind unsere <b>Konfliktlotsen<\/b> gleich zur Stelle und bei kleinen Schrammen helfen dir unsere <b>Schulsanit\u00e4ter<\/b>.<\/span><\/span><\/span><\/p>\n<p><img loading=\"lazy\" decoding=\"async\" class=\"alignleft wp-image-6321 size-medium\" src=\"http:\/\/wbs-itzehoe.de\/wp-content\/uploads\/2020\/02\/20200207-MRZ_6201-300x200.jpg\" alt=\"\" width=\"300\" height=\"200\" \/><\/p>\n<p align=\"JUSTIFY\"><span style=\"color: #000000;\"><span style=\"font-family: ArialMT, sans-serif;\"><span style=\"font-size: medium;\">Am <b>Br\u00f6tchen- und Milchstand<\/b> k\u00f6nnen sich unsere Sch\u00fcler*innen in den Pausen mit <span style=\"font-family: Arial-BoldMT, sans-serif;\">Br\u00f6tchen, knackigen \u00c4pfel und erfrischenden Getr\u00e4nken<\/span><b> <\/b>versorgen.<\/span><\/span><\/span><\/p>\n<p align=\"JUSTIFY\"><span style=\"color: #000000;\"><span style=\"font-family: ArialMT, sans-serif;\"><span style=\"font-size: medium;\">Und wenn ihr nach dem Schulvormittag noch Lust auf mehr habt, dann besucht unsere <b>AGs. <\/b>Hier gibt es eine Menge zu entdecken. Ihr k\u00f6nnt den Hundef\u00fchrerschein machen oder imkern, ihr k\u00f6nnt im Chor, beim Gitarre spielen und tanzen so richtig abrocken oder euch bei unseren Sport-AGs auspowern.<\/span><\/span><\/span><\/p>\n<p align=\"JUSTIFY\"><span style=\"color: #000000;\"><span style=\"font-family: ArialMT, sans-serif;\"><span style=\"font-size: medium;\"><img loading=\"lazy\" decoding=\"async\" class=\"size-medium wp-image-5221 alignright\" src=\"http:\/\/wbs-itzehoe.de\/wp-content\/uploads\/2018\/02\/SchmExperten-6-225x300.jpg\" alt=\"\" width=\"225\" height=\"300\" srcset=\"https:\/\/wbs-itzehoe.de\/wp-content\/uploads\/2018\/02\/SchmExperten-6-225x300.jpg 225w, https:\/\/wbs-itzehoe.de\/wp-content\/uploads\/2018\/02\/SchmExperten-6-768x1024.jpg 768w\" sizes=\"auto, (max-width: 225px) 100vw, 225px\" \/>Aber auch im Unterricht gibt es viele abwechslungsreiche <b>Projekte <\/b>in der 5. und 6.<b> <\/b>Klasse. Ihr lernt euch gesund zu ern\u00e4hren und werdet zu <b>Schmexperten<\/b> und ihr lernt, Mobbing an unserer Schule und in eurer Klasse zu verhindern. Dabei erhaltet ihr ganz viel Unterst\u00fctzung von unserer <b>Sozialp\u00e4dagogin<\/b> Noura Scheller. Mit Unterst\u00fctzung des Offenen Kanals machen wir euch fit im <strong>Umgang mit Medien<\/strong>.\u00a0<\/span><\/span><\/span><span style=\"color: #000000;\"><span style=\"font-family: ArialMT, sans-serif;\"><span style=\"font-size: medium;\">Au\u00dferdem geht ihr jedes Jahr ins Theater und in der 6. Klasse organisiert das Theater Itzehoe ein <b>Theaterseminar<\/b> f\u00fcr uns. In der <b>Weihnachtszei<\/b><strong>t <\/strong>geht es dann an der WBS turbolent zu. Da organisieren wir einen Weihnachtsmarkt, veranstalten ein Weihnachtssingen und gehen ins Weihnachtskino.<\/span><\/span><\/span><\/p>\n<p align=\"JUSTIFY\"><span style=\"color: #000000;\"><span style=\"font-family: ArialMT, sans-serif;\"><span style=\"font-size: medium;\">Unsere Orientierungsstufe feiert auch sehr gerne. Dazu hat sie einmal im Jahr vor den Sommerferien im Haus der Jugend die Gelegenheit, wenn das beliebte <b>Orientierungstufenfest <\/b>stattfindet. <\/span><\/span><\/span><\/p>\n<p align=\"JUSTIFY\"><span style=\"color: #000000;\"><span style=\"font-family: ArialMT, sans-serif;\"><span style=\"font-size: medium;\">Abwechslung bieten auch die zahlreichen <b>Tagesausfl\u00fcge,<\/b> beispielsweise in den Steinzeitpark nach Albersdorf, in die Ph\u00e4nomenta nach Flensburg oder zum Schlittschuh laufen nach Brokdorf. Vielleicht habt ihr ja noch andere tolle Ideen f\u00fcr einen Tagesausflug \u2013 wir sind offen f\u00fcr Neues!<\/span><\/span><\/span><\/p>\n<p><img loading=\"lazy\" decoding=\"async\" class=\"aligncenter wp-image-4395 size-medium\" src=\"http:\/\/wbs-itzehoe.de\/wp-content\/uploads\/2016\/07\/DSC01816-300x225.jpg\" alt=\"\" width=\"300\" height=\"225\" srcset=\"https:\/\/wbs-itzehoe.de\/wp-content\/uploads\/2016\/07\/DSC01816-300x225.jpg 300w, https:\/\/wbs-itzehoe.de\/wp-content\/uploads\/2016\/07\/DSC01816-768x576.jpg 768w, https:\/\/wbs-itzehoe.de\/wp-content\/uploads\/2016\/07\/DSC01816-1024x768.jpg 1024w, https:\/\/wbs-itzehoe.de\/wp-content\/uploads\/2016\/07\/DSC01816.jpg 1632w\" sizes=\"auto, (max-width: 300px) 100vw, 300px\" \/><\/p>\n<p align=\"JUSTIFY\"><span style=\"color: #000000;\"><span style=\"font-family: ArialMT, sans-serif;\"><span style=\"font-size: medium;\">Und den H\u00f6hepunkt der Orientierungsstufe bildet nat\u00fcrlich die <b>mehrt\u00e4gige Klassenfahrt<\/b>. Wir fahren gerne an die Nord- oder Ostsee, aber auch der Harz ist ein tolles Klassenfahrtsziel.<\/span><\/span><\/span><\/p>\n","protected":false},"excerpt":{"rendered":"<p>Hier habt ihr erstmal ganz viel Zeit zum Ankommen. In der ersten Woche habt ihr nur Klassenlehrerunterricht und lernt erstmal eure Mitsch\u00fcler*innen und eure Schule kennen. Auch nach der ersten Woche bleibt viel Zeit zum Kennenlernen der neuen F\u00e4cher und &hellip; <a href=\"https:\/\/wbs-itzehoe.de\/?page_id=7202\">Weiterlesen <span class=\"meta-nav\">&rarr;<\/span><\/a><\/p>\n","protected":false},"author":6,"featured_media":0,"parent":7200,"menu_order":0,"comment_status":"closed","ping_status":"closed","template":"","meta":{"footnotes":""},"class_list":["post-7202","page","type-page","status-publish","hentry"],"_links":{"self":[{"href":"https:\/\/wbs-itzehoe.de\/index.php?rest_route=\/wp\/v2\/pages\/7202","targetHints":{"allow":["GET"]}}],"collection":[{"href":"https:\/\/wbs-itzehoe.de\/index.php?rest_route=\/wp\/v2\/pages"}],"about":[{"href":"https:\/\/wbs-itzehoe.de\/index.php?rest_route=\/wp\/v2\/types\/page"}],"author":[{"embeddable":true,"href":"https:\/\/wbs-itzehoe.de\/index.php?rest_route=\/wp\/v2\/users\/6"}],"replies":[{"embeddable":true,"href":"https:\/\/wbs-itzehoe.de\/index.php?rest_route=%2Fwp%2Fv2%2Fcomments&post=7202"}],"version-history":[{"count":8,"href":"https:\/\/wbs-itzehoe.de\/index.php?rest_route=\/wp\/v2\/pages\/7202\/revisions"}],"predecessor-version":[{"id":7228,"href":"https:\/\/wbs-itzehoe.de\/index.php?rest_route=\/wp\/v2\/pages\/7202\/revisions\/7228"}],"up":[{"embeddable":true,"href":"https:\/\/wbs-itzehoe.de\/index.php?rest_route=\/wp\/v2\/pages\/7200"}],"wp:attachment":[{"href":"https:\/\/wbs-itzehoe.de\/index.php?rest_route=%2Fwp%2Fv2%2Fmedia&parent=7202"}],"curies":[{"name":"wp","href":"https:\/\/api.w.org\/{rel}","templated":true}]}}