{"id":7204,"date":"2021-02-19T09:09:13","date_gmt":"2021-02-19T08:09:13","guid":{"rendered":"http:\/\/wbs-itzehoe.de\/?page_id=7204"},"modified":"2022-06-08T20:34:47","modified_gmt":"2022-06-08T18:34:47","slug":"mittelstufe","status":"publish","type":"page","link":"https:\/\/wbs-itzehoe.de\/?page_id=7204","title":{"rendered":"Unsere Mittelstufe"},"content":{"rendered":"<p align=\"JUSTIFY\"><span style=\"color: #000000; font-family: georgia, palatino, serif; font-size: 12pt;\">Vieles, von dem, was in der Orientierungsstufe begonnen wurde, nehmen wir mit in die Mittelstufe (Klasse 7-10).<\/span><\/p>\n<p align=\"JUSTIFY\"><span style=\"color: #000000; font-family: georgia, palatino, serif; font-size: 12pt;\">Ihr behaltet in der Regel euren Klassenlehrer aus der Orientierungsstufe und habt weiterhin <b>zwei Klassenlehrerstunden<\/b>, in denen Probleme und Anliegen der <b>Klassengemeinschaft<\/b> besprochen werden und ihr immer mehr zum <b>eigenverantwortlichen Lernen<\/b> angeleitet werdet.<\/span><\/p>\n<p align=\"JUSTIFY\"><span style=\"color: #000000; font-family: georgia, palatino, serif; font-size: 12pt;\">Auch der <b>Rote Faden<\/b>, unser Lerntagebuch, begleitet dich durch die Mittelstufe und bleibt eine wichtige Orientierungshilfe f\u00fcr dich. Hier kannst deine Klassenarbeiten managen, wichtige Termine notieren und deine Eltern und Lehrer*innen k\u00f6nnen sich wichtige Notizen zukommen lassen.<\/span><\/p>\n<p align=\"JUSTIFY\"><span style=\"color: #000000; font-family: georgia, palatino, serif; font-size: 12pt;\">Unter allen Leistungskontrollen geben die Lehrkr\u00e4fte eine kurze <b>R\u00fcckmeldung<\/b>, wie es um deine Leistungen steht, damit du und deine Eltern Probleme schnell erkennen und wir gemeinsam gegensteuern k\u00f6nnen.<\/span><\/p>\n<p align=\"JUSTIFY\"><span style=\"color: #000000; font-family: georgia, palatino, serif; font-size: 12pt;\"><img loading=\"lazy\" decoding=\"async\" class=\"size-medium wp-image-6433 alignleft\" src=\"http:\/\/wbs-itzehoe.de\/wp-content\/uploads\/2020\/06\/IMG_1125-217x300.jpg\" alt=\"\" width=\"217\" height=\"300\" \/>Dass Lesen k\u00f6nnen und verstehen, was man gelesen hat, unglaublich wichtig f\u00fcr eine erfolgreiche Schulkarriere ist, wei\u00df ja jedes Kind. Und da wir das auch wissen, bleibt die <b>Lesezeit<\/b> bis Klasse 10 wichtiger Bestandteil eines jeden Schultages. Lesezeit hei\u00dft \u2013 wir schenken dir jeden Tag 15 Minuten, in denen du w\u00e4hrend des Unterrichts in deinem Lieblingsbuch schm\u00f6kern darfst.<\/span><\/p>\n<p align=\"JUSTIFY\"><span style=\"color: #000000; font-family: georgia, palatino, serif; font-size: 12pt;\">Und wenn es mit der Rechtschreibung und dem Lesen noch nicht ganz klappt? Kein Problem \u2013 im 7. Jahrgang bieten wir weiterhin unsere Legastheniekurse an.<\/span><\/p>\n<p align=\"JUSTIFY\"><span style=\"color: #000000; font-family: georgia, palatino, serif; font-size: 12pt;\">Unsere interessierten und talentierten Sch\u00fcler*innen k\u00f6nnen f\u00fcr das <b><a href=\"https:\/\/www.kks-itzehoe.de\/enrichment-31.html\">Enrichment-Programm<\/a>\u00a0<\/b>vorgeschlagen werden. Wenn du nominiert wurdest, hast du die Chance an interessanten Kurse teilzunehmen. Die Teilnahme ist freiwillig und findet in den R\u00e4umen der KKS statt.<\/span><\/p>\n<p align=\"JUSTIFY\"><span style=\"color: #000000; font-family: georgia, palatino, serif; font-size: 12pt;\">Die zahlreichen <b>AGs<\/b> kennst du ja schon aus der Orientierungsstufe (schau doch mal auf der Homepage, welche es gibt). Jetzt in der 7. Klasse kannst du dich aber auch zum <b>Schulsanit\u00e4ter\u00a0<\/b>oder <b>Konfliktlotsen<\/b> ausbilden lassen.<\/span><\/p>\n<p align=\"JUSTIFY\"><a href=\"http:\/\/wbs-itzehoe.de\/?page_id=3814\"><span style=\"font-family: georgia, palatino, serif; font-size: 12pt;\"><img loading=\"lazy\" decoding=\"async\" class=\"size-medium wp-image-3815 aligncenter\" src=\"http:\/\/wbs-itzehoe.de\/wp-content\/uploads\/2015\/10\/d74f3e921cd2c981edb03c7ff997f739-300x65.png\" alt=\"\" width=\"300\" height=\"65\" srcset=\"https:\/\/wbs-itzehoe.de\/wp-content\/uploads\/2015\/10\/d74f3e921cd2c981edb03c7ff997f739-300x65.png 300w, https:\/\/wbs-itzehoe.de\/wp-content\/uploads\/2015\/10\/d74f3e921cd2c981edb03c7ff997f739-1024x220.png 1024w, https:\/\/wbs-itzehoe.de\/wp-content\/uploads\/2015\/10\/d74f3e921cd2c981edb03c7ff997f739.png 1181w\" sizes=\"auto, (max-width: 300px) 100vw, 300px\" \/><\/span><\/a><\/p>\n<p align=\"JUSTIFY\"><span style=\"color: #000000; font-family: georgia, palatino, serif; font-size: 12pt;\"><b>Flei\u00dfige Helfer<\/b> werden immer gebraucht, ob im Br\u00f6tchen- und Getr\u00e4nkestand, bei der Lehrmittel- und Sch\u00fclerb\u00fccherei oder in der SV. Erkundige dich einfach bei deinem Klassenlehrer.<\/span><\/p>\n<p align=\"JUSTIFY\"><span style=\"color: #000000; font-family: georgia, palatino, serif; font-size: 12pt;\">Auch in der Mittelstufe gibt es interessante <b>Projekte<\/b>. In der 7. Klasse finden in Kooperation mit dem Itzehoer Klinikum \u00a0das Projekt \u201e<b>Sch\u00fcler retten Leben<\/b>\u201c und die &#8222;<strong>Gesundheitstage<\/strong>&#8220; im Gesundheitsamt Itzehoe statt. Und auch unsere Sozialp\u00e4dagogin greift wichtige Themen auf und organisiert <b>Projekttage<\/b> f\u00fcr jede Jahrgangsstufe zu Themen wie Sucht, Essst\u00f6rungen und Medienkonsum.<\/span><\/p>\n<p align=\"JUSTIFY\"><span style=\"font-family: georgia, palatino, serif; font-size: 12pt;\"><img loading=\"lazy\" decoding=\"async\" class=\"size-medium wp-image-5923 aligncenter\" src=\"http:\/\/wbs-itzehoe.de\/wp-content\/uploads\/2019\/06\/IMG_1291-225x300.jpg\" alt=\"\" width=\"225\" height=\"300\" \/><\/span><\/p>\n<p align=\"JUSTIFY\"><span style=\"color: #000000; font-family: georgia, palatino, serif; font-size: 12pt;\">Zudem nimmt ab Ende der 7. Klasse das Thema <b>\u201eBerufsorientierung\u201c<\/b> einen gro\u00dfen Raum ein, aber dazu sp\u00e4ter.<\/span><\/p>\n<p align=\"JUSTIFY\"><span style=\"color: #000000; font-family: georgia, palatino, serif; font-size: 12pt;\">Das Theaterleben wird dich auch in der Mittelstufe weiter begleiten, denn einmal im Jahr suchen wir ein passendes Theaterst\u00fcck f\u00fcr deine Jahrgangsstufe aus, das wir gemeinsam besuchen. Unterst\u00fctzt werden wir dabei von der Theaterp\u00e4dagogin Britta Schramm, die uns in kleinen Workshops schon einmal auf das St\u00fcck einstimmt.<\/span><\/p>\n<p align=\"JUSTIFY\"><span style=\"color: #000000; font-family: georgia, palatino, serif; font-size: 12pt;\">Und nat\u00fcrlich unternehmen wir auch in der Mittelstufe tolle <b>Ausfl\u00fcge<\/b> in Ausstellungen und Museen in Hamburg und Schleswig-Holstein oder einfach zum entspannten Schlittschuhlaufen auf dem Heider Weihnachtsmarkt.<\/span><\/p>\n<p align=\"JUSTIFY\"><span style=\"color: #000000; font-family: georgia, palatino, serif; font-size: 12pt;\">Den H\u00f6hepunkt bildet die Abschlussfahrt zu Beginn der 9. Klasse.<\/span><\/p>\n<p align=\"JUSTIFY\"><span style=\"color: #000000; font-family: georgia, palatino, serif; font-size: 12pt;\">Einiges wird f\u00fcr dich aber auch <b>neu<\/b> sein.<\/span><\/p>\n<p align=\"JUSTIFY\"><span style=\"color: #000000; font-family: georgia, palatino, serif; font-size: 12pt;\">In der <b>7. Klasse<\/b> darf du dich f\u00fcr einen <a href=\"https:\/\/wbs-itzehoe.de\/?page_id=970\"><b>WPU (Wahlpflichtunterricht)<\/b><\/a> entscheiden. Diesen hast du dann vier Stunden in der Woche bis zum Ende der 10. Klasse. Zurzeit bieten wir die folgende WPUs an:<\/span><\/p>\n<ul>\n<li><span style=\"color: #000000; font-family: georgia, palatino, serif; font-size: 12pt;\">Medienkunde<img loading=\"lazy\" decoding=\"async\" class=\"size-medium wp-image-7353 alignright\" src=\"http:\/\/wbs-itzehoe.de\/wp-content\/uploads\/2021\/03\/ee74bc4c-45d0-4650-a200-0b11c603a188-197x300.jpg\" alt=\"\" width=\"197\" height=\"300\" \/><\/span><\/li>\n<li><span style=\"color: #000000; font-family: georgia, palatino, serif; font-size: 12pt;\">Franz\u00f6sisch<\/span><\/li>\n<li><span style=\"color: #000000; font-family: georgia, palatino, serif; font-size: 12pt;\">Technik (in der 8. Klasse sogar in den R\u00e4umen der Berufsschule)<\/span><\/li>\n<li><span style=\"color: #000000; font-family: georgia, palatino, serif; font-size: 12pt;\">Fit und gesund (Schwerpunkt: Sport)<\/span><\/li>\n<li><span style=\"color: #000000; font-family: georgia, palatino, serif; font-size: 12pt;\">Fit f\u00fcr\u00b4s Leben (Schwerpunkt: Verbraucherbildung)<\/span><\/li>\n<\/ul>\n<p align=\"JUSTIFY\"><span style=\"color: #000000; font-family: georgia, palatino, serif; font-size: 12pt;\">In der <b>8. Klasse<\/b> bieten wir <b>Basis- und Erweiterungskurse<\/b> in den F\u00e4chern Deutsch, Mathematik und Englisch an. <\/span><span style=\"color: #000000; font-family: georgia, palatino, serif; font-size: 12pt;\">Das Fach NaWi teilt sich nun in die einzelnen F\u00e4cher <b>Biologie, Chemie und Physik <\/b>auf.<\/span><\/p>\n<p align=\"JUSTIFY\"><span style=\"color: #000000; font-family: georgia, palatino, serif; font-size: 12pt;\">In der <b>9. Klasse<\/b> versuchen wir f\u00fcr begabte ESA-Sch\u00fcler*innen <b>F\u00f6rderkurse<\/b> anzubieten, um ihnen den \u00dcbergang in Klasse 10 zu erleichtern.<\/span><\/p>\n<p align=\"JUSTIFY\"><span style=\"color: #000000; font-family: georgia, palatino, serif; font-size: 12pt;\">Neu ist ab Klasse 7 auch die<b> Berufsorientierung.<\/b><\/span><\/p>\n<p align=\"JUSTIFY\"><span style=\"color: #000000; font-family: georgia, palatino, serif; font-size: 12pt;\">In der 7. Klasse hast du eine zweiw\u00f6chige <b>Berufsfelderprobung<\/b> in den R\u00e4umen der Bibeku in Kellinghusen. Hier schnupperst du erstmals richtig in bekannte Beruf rein und machst einen <b>St\u00e4rkencheck<\/b>.<\/span><\/p>\n<p align=\"JUSTIFY\"><span style=\"font-family: georgia, palatino, serif; font-size: 12pt;\"><img loading=\"lazy\" decoding=\"async\" class=\"size-medium wp-image-5959 alignright\" src=\"http:\/\/wbs-itzehoe.de\/wp-content\/uploads\/2019\/06\/IMG_1370-225x300.jpg\" alt=\"\" width=\"225\" height=\"300\" \/><\/span><\/p>\n<p align=\"JUSTIFY\"><span style=\"color: #000000; font-family: georgia, palatino, serif; font-size: 12pt;\">In der 8. Klasse begibst du dich auf die Suche nach einem <b>Praktikum<\/b>splatz. Jetzt hast du die M\u00f6glichkeit f\u00fcnf Tage lang einen Einblick in die Berufswelt zu erhaschen. In WiPo lernst du alles \u00fcber das <b>Bewerben<\/b> und wie man sich im Praktikum verh\u00e4lt. Au\u00dferdem fahren wir in das <b>Berufsinformationszentrum<\/b> (BIZ) nach Elmshorn.<\/span><\/p>\n<p align=\"JUSTIFY\"><span style=\"color: #000000; font-family: georgia, palatino, serif; font-size: 12pt;\">In Klasse 9 trittst du dein <b>14t\u00e4giges Praktikum<\/b> an und kn\u00fcpfst vielleicht schon erste Bande zu deinem Ausbildungsbetrieb.<\/span><\/p>\n<p align=\"JUSTIFY\"><span style=\"color: #000000; font-family: georgia, palatino, serif; font-size: 12pt;\">Bei deinen ersten Schritten in die Berufswelt steht dir ab der 8. Klasse unsere <b>Berufsberaterin Frau Johann\u00dfen <\/b>zur Seite. Sie ist ein wahrer Profi und kann dir alle deine Fragen rund um Beruf, weitere Schulabschl\u00fcsse und FSJ beantworten. Du mussst nur hingehen&#8230;<\/span><\/p>\n<p align=\"JUSTIFY\"><span style=\"font-family: georgia, palatino, serif; font-size: 12pt;\"><img loading=\"lazy\" decoding=\"async\" class=\"size-medium wp-image-7138 aligncenter\" src=\"http:\/\/wbs-itzehoe.de\/wp-content\/uploads\/2021\/01\/Johannssen-02-b-Freisteller-Ausschnitt-2-300x200.jpg\" alt=\"\" width=\"300\" height=\"200\" \/><\/span><\/p>\n","protected":false},"excerpt":{"rendered":"<p>Vieles, von dem, was in der Orientierungsstufe begonnen wurde, nehmen wir mit in die Mittelstufe (Klasse 7-10). Ihr behaltet in der Regel euren Klassenlehrer aus der Orientierungsstufe und habt weiterhin zwei Klassenlehrerstunden, in denen Probleme und Anliegen der Klassengemeinschaft besprochen &hellip; <a href=\"https:\/\/wbs-itzehoe.de\/?page_id=7204\">Weiterlesen <span class=\"meta-nav\">&rarr;<\/span><\/a><\/p>\n","protected":false},"author":6,"featured_media":0,"parent":7200,"menu_order":1,"comment_status":"closed","ping_status":"closed","template":"","meta":{"footnotes":""},"class_list":["post-7204","page","type-page","status-publish","hentry"],"_links":{"self":[{"href":"https:\/\/wbs-itzehoe.de\/index.php?rest_route=\/wp\/v2\/pages\/7204","targetHints":{"allow":["GET"]}}],"collection":[{"href":"https:\/\/wbs-itzehoe.de\/index.php?rest_route=\/wp\/v2\/pages"}],"about":[{"href":"https:\/\/wbs-itzehoe.de\/index.php?rest_route=\/wp\/v2\/types\/page"}],"author":[{"embeddable":true,"href":"https:\/\/wbs-itzehoe.de\/index.php?rest_route=\/wp\/v2\/users\/6"}],"replies":[{"embeddable":true,"href":"https:\/\/wbs-itzehoe.de\/index.php?rest_route=%2Fwp%2Fv2%2Fcomments&post=7204"}],"version-history":[{"count":9,"href":"https:\/\/wbs-itzehoe.de\/index.php?rest_route=\/wp\/v2\/pages\/7204\/revisions"}],"predecessor-version":[{"id":8425,"href":"https:\/\/wbs-itzehoe.de\/index.php?rest_route=\/wp\/v2\/pages\/7204\/revisions\/8425"}],"up":[{"embeddable":true,"href":"https:\/\/wbs-itzehoe.de\/index.php?rest_route=\/wp\/v2\/pages\/7200"}],"wp:attachment":[{"href":"https:\/\/wbs-itzehoe.de\/index.php?rest_route=%2Fwp%2Fv2%2Fmedia&parent=7204"}],"curies":[{"name":"wp","href":"https:\/\/api.w.org\/{rel}","templated":true}]}}