{"id":7229,"date":"2021-02-19T10:48:42","date_gmt":"2021-02-19T09:48:42","guid":{"rendered":"http:\/\/wbs-itzehoe.de\/?page_id=7229"},"modified":"2021-02-20T14:51:40","modified_gmt":"2021-02-20T13:51:40","slug":"digitales-lernen-an-der-wbs","status":"publish","type":"page","link":"https:\/\/wbs-itzehoe.de\/?page_id=7229","title":{"rendered":"Digitales Lernen an der WBS"},"content":{"rendered":"<p align=\"JUSTIFY\"><span style=\"color: #000000; font-family: georgia, palatino, serif; font-size: 12pt;\">In den letzten Jahren hat die Wolfgang-Borchert-Schule im Bereich Digitalisierung richtig Fahrt aufgenommen. 2015 wurden wir eine der ersten von 20 <b>Modellschulen<\/b> in Schleswig-Holstein f\u00fcr das digitale Lernen und verf\u00fcgen seit 2016 \u00fcber den Anschluss zum <b>Glasfasernetz<\/b>.<\/span><\/p>\n<p><span style=\"font-family: georgia, palatino, serif; font-size: 12pt;\"><img loading=\"lazy\" decoding=\"async\" class=\"wp-image-4074 size-medium aligncenter\" src=\"http:\/\/wbs-itzehoe.de\/wp-content\/uploads\/2016\/02\/Bildschirmfoto-vom-2016-02-24-014235-300x185.png\" alt=\"\" width=\"300\" height=\"185\" srcset=\"https:\/\/wbs-itzehoe.de\/wp-content\/uploads\/2016\/02\/Bildschirmfoto-vom-2016-02-24-014235-300x185.png 300w, https:\/\/wbs-itzehoe.de\/wp-content\/uploads\/2016\/02\/Bildschirmfoto-vom-2016-02-24-014235-768x473.png 768w, https:\/\/wbs-itzehoe.de\/wp-content\/uploads\/2016\/02\/Bildschirmfoto-vom-2016-02-24-014235.png 882w\" sizes=\"auto, (max-width: 300px) 100vw, 300px\" \/><\/span><\/p>\n<p align=\"JUSTIFY\"><span style=\"font-size: 12pt; font-family: georgia, palatino, serif;\"><span style=\"color: #000000;\">Alle Unterrichtsr\u00e4umen sind mit einem <\/span><span style=\"color: #000000;\"><b>Beamer<\/b><\/span><span style=\"color: #000000;\"> und einer <\/span><span style=\"color: #000000;\"><b>Dokumentenkamera<\/b><\/span><span style=\"color: #000000;\"> ausgestattet, die den Overheadprojektor in den Ruhestand geschickt haben und der Lehrkraft nun neue M\u00f6glichkeiten bieten, mit den Sch\u00fcler*innen gemeinsam ein Arbeitsblatt zu bearbeiten oder es zu erkl\u00e4ren.<\/span><\/span><\/p>\n<p align=\"JUSTIFY\"><span style=\"font-size: 12pt; font-family: georgia, palatino, serif;\"><span style=\"color: #000000;\">Auch die Anschaffung von <\/span><span style=\"color: #000000;\"><b>Diensttablets<\/b><\/span><span style=\"color: #000000;\"> erm\u00f6glichen eine ganz andere Dimension von Unterricht. Auf diese Weise k\u00f6nnen vorbereitete Pr\u00e4sentationen, Lehrfilme oder der Zugriff auf Lernplattformen f\u00fcr alle Sch\u00fcler gut sichtbar gemacht und erkl\u00e4rend eingesetzt werden.<\/span><\/span><\/p>\n<p align=\"JUSTIFY\"><span style=\"font-size: 12pt; font-family: georgia, palatino, serif;\"><span style=\"color: #000000;\">Zudem ist unsere Schule mit <\/span><span style=\"color: #000000;\"><b>vier Laptopwagen<\/b><\/span><span style=\"color: #000000;\"> ausgestattet, die das digitale Lernen und Arbeiten im Unterricht als festen Bestandteil verankern. Dies ist zus\u00e4tzlich auch in unseren\u00a0<\/span><span style=\"color: #000000;\"><b>beiden gut ausgestatteten PC-R\u00e4umen<\/b><\/span><span style=\"color: #000000;\"> m\u00f6glich. So k\u00f6nnen bekannte <\/span><span style=\"color: #000000;\"><b>Lernplattformen<\/b><\/span><span style=\"color: #000000;\"> wie Antolin, Anton, Kahoot.it oder LearningApp.org problemlos in den t\u00e4glichen Unterricht integriert werden. Unsere naturwissenschaftlichen Fachr\u00e4ume verf\u00fcgen \u00fcber <\/span><span style=\"color: #000000;\"><b>digitale Tafeln<\/b><\/span><span style=\"color: #000000;\">, so dass die naturwissenschaftliche Welt noch (be-)greifbarer wird. Damit unsere Sch\u00fcler*innen sich sicher und verantwortuungsvoll in der digitalen Welt bewegen k\u00f6nnen, werden alle 6. Jahrg\u00e4nge im Zusammenarbeit mit dem offenen Kanal Kiel an einem <\/span><span style=\"color: #000000;\"><b>Projekttag zur Medienkompetenz\u00a0<\/b><\/span><span style=\"color: #000000;\">geschult.<\/span><\/span><\/p>\n<p align=\"JUSTIFY\"><span style=\"font-family: georgia, palatino, serif; font-size: 12pt;\"><img loading=\"lazy\" decoding=\"async\" class=\"size-medium wp-image-5103 aligncenter\" src=\"http:\/\/wbs-itzehoe.de\/wp-content\/uploads\/2017\/10\/Medientag-5-300x215.jpg\" alt=\"\" width=\"300\" height=\"215\" srcset=\"https:\/\/wbs-itzehoe.de\/wp-content\/uploads\/2017\/10\/Medientag-5-300x215.jpg 300w, https:\/\/wbs-itzehoe.de\/wp-content\/uploads\/2017\/10\/Medientag-5-768x551.jpg 768w, https:\/\/wbs-itzehoe.de\/wp-content\/uploads\/2017\/10\/Medientag-5-1024x734.jpg 1024w\" sizes=\"auto, (max-width: 300px) 100vw, 300px\" \/><\/span><\/p>\n<p align=\"JUSTIFY\"><span style=\"font-size: 12pt; font-family: georgia, palatino, serif;\"><span style=\"color: #000000;\">\u00dcber <\/span><span style=\"color: #000000;\"><b>Webuntis<\/b><\/span><span style=\"color: #000000;\"> werden unsere Klassenb\u00fccher digital gef\u00fchrt und auch der Vertretungsplan ist <\/span><b><\/b><span style=\"color: #000000;\">hier<\/span><b> <\/b><span style=\"color: #000000;\">f\u00fcr Sch\u00fcler*innen und Eltern bequem vom Handy aus einsehbar.<\/span><\/span><\/p>\n<p align=\"JUSTIFY\"><span style=\"font-family: georgia, palatino, serif; font-size: 12pt;\"><span style=\"color: #000000;\"><b>IServ<\/b><\/span><span style=\"color: #000000;\"> als <\/span><span style=\"color: #000000;\">Schulkomminikationsplattform<\/span><span style=\"color: #000000;\"> ist mit einem guten <\/span><span style=\"color: #000000;\"><b>Office-Paket<\/b><\/span><span style=\"color: #000000;\"> ausgestattet und bietet Ihnen und Ihrem Kind die M\u00f6glichkeit, Lehrkr\u00e4fte und Mitsch\u00fcler*innen \u00fcber ein <\/span><span style=\"color: #000000;\"><b>internes Mailsystem<\/b><\/span><span style=\"color: #000000;\"> und einen <\/span><span style=\"color: #000000;\"><b>Messenger-Dienst <\/b><\/span><span style=\"color: #000000;\">schnell und sicher zu erreichen. Sie erm\u00f6glicht es Schulleitung und Lehrkr\u00e4ften ebenfalls, auf schnellem Wege wichtige Informationen zu verteilen. Zudem sind <\/span><span style=\"color: #000000;\"><b>Videokonferenzen<\/b><\/span><span style=\"color: #000000;\"> in dieser Plattform integriert, so dass auch ein Onlineunterricht sicher und zuverl\u00e4ssig angeboten werden kann.<\/span><\/span><\/p>\n<p align=\"JUSTIFY\"><a href=\"https:\/\/wbs-itzehoe.org\/iserv\/app\/login?target=%2Fiserv%2F\"><img loading=\"lazy\" decoding=\"async\" class=\"size-medium wp-image-6861 aligncenter\" src=\"http:\/\/wbs-itzehoe.de\/wp-content\/uploads\/2021\/01\/IServ_Logo-300x95.jpg\" alt=\"\" width=\"300\" height=\"95\" srcset=\"https:\/\/wbs-itzehoe.de\/wp-content\/uploads\/2021\/01\/IServ_Logo-300x95.jpg 300w, https:\/\/wbs-itzehoe.de\/wp-content\/uploads\/2021\/01\/IServ_Logo-1024x324.jpg 1024w, https:\/\/wbs-itzehoe.de\/wp-content\/uploads\/2021\/01\/IServ_Logo-768x243.jpg 768w, https:\/\/wbs-itzehoe.de\/wp-content\/uploads\/2021\/01\/IServ_Logo-1536x486.jpg 1536w, https:\/\/wbs-itzehoe.de\/wp-content\/uploads\/2021\/01\/IServ_Logo-2048x648.jpg 2048w\" sizes=\"auto, (max-width: 300px) 100vw, 300px\" \/><\/a><\/p>\n","protected":false},"excerpt":{"rendered":"<p>In den letzten Jahren hat die Wolfgang-Borchert-Schule im Bereich Digitalisierung richtig Fahrt aufgenommen. 2015 wurden wir eine der ersten von 20 Modellschulen in Schleswig-Holstein f\u00fcr das digitale Lernen und verf\u00fcgen seit 2016 \u00fcber den Anschluss zum Glasfasernetz. Alle Unterrichtsr\u00e4umen sind &hellip; <a href=\"https:\/\/wbs-itzehoe.de\/?page_id=7229\">Weiterlesen <span class=\"meta-nav\">&rarr;<\/span><\/a><\/p>\n","protected":false},"author":6,"featured_media":0,"parent":901,"menu_order":5,"comment_status":"closed","ping_status":"closed","template":"","meta":{"footnotes":""},"class_list":["post-7229","page","type-page","status-publish","hentry"],"_links":{"self":[{"href":"https:\/\/wbs-itzehoe.de\/index.php?rest_route=\/wp\/v2\/pages\/7229","targetHints":{"allow":["GET"]}}],"collection":[{"href":"https:\/\/wbs-itzehoe.de\/index.php?rest_route=\/wp\/v2\/pages"}],"about":[{"href":"https:\/\/wbs-itzehoe.de\/index.php?rest_route=\/wp\/v2\/types\/page"}],"author":[{"embeddable":true,"href":"https:\/\/wbs-itzehoe.de\/index.php?rest_route=\/wp\/v2\/users\/6"}],"replies":[{"embeddable":true,"href":"https:\/\/wbs-itzehoe.de\/index.php?rest_route=%2Fwp%2Fv2%2Fcomments&post=7229"}],"version-history":[{"count":5,"href":"https:\/\/wbs-itzehoe.de\/index.php?rest_route=\/wp\/v2\/pages\/7229\/revisions"}],"predecessor-version":[{"id":7297,"href":"https:\/\/wbs-itzehoe.de\/index.php?rest_route=\/wp\/v2\/pages\/7229\/revisions\/7297"}],"up":[{"embeddable":true,"href":"https:\/\/wbs-itzehoe.de\/index.php?rest_route=\/wp\/v2\/pages\/901"}],"wp:attachment":[{"href":"https:\/\/wbs-itzehoe.de\/index.php?rest_route=%2Fwp%2Fv2%2Fmedia&parent=7229"}],"curies":[{"name":"wp","href":"https:\/\/api.w.org\/{rel}","templated":true}]}}