{"id":7514,"date":"2021-04-15T22:44:19","date_gmt":"2021-04-15T20:44:19","guid":{"rendered":"https:\/\/wbs-itzehoe.de\/?page_id=7514"},"modified":"2021-06-17T22:21:00","modified_gmt":"2021-06-17T20:21:00","slug":"newsletter","status":"publish","type":"page","link":"https:\/\/wbs-itzehoe.de\/?page_id=7514","title":{"rendered":"Newsletter"},"content":{"rendered":"<p>Regelm\u00e4\u00dfig gibt es Neuigkeiten und wichtige Informationen aus der WBS zu berichten. M\u00f6chten Sie nichts mehr verpassen und so schnell wie m\u00f6glich aus erster Hand informiert werden? Dann melden Sie sich am besten f\u00fcr unseren Newsletter an! Immer, wenn es wichtige Neuigkeiten gibt, wird es diesen f\u00fcr Sie geben.<\/p>\n<hr \/>\n<p><div class=\"tnp tnp-subscription \">\n<form method=\"post\" action=\"https:\/\/wbs-itzehoe.de\/wp-admin\/admin-ajax.php?action=tnp&amp;na=s\">\n<input type=\"hidden\" name=\"nlang\" value=\"\">\n<div class=\"tnp-field tnp-field-firstname\"><label for=\"tnp-1\">Vorname<\/label>\n<input class=\"tnp-name\" type=\"text\" name=\"nn\" id=\"tnp-1\" value=\"\" placeholder=\"\"><\/div>\n<div class=\"tnp-field tnp-field-surname\"><label for=\"tnp-2\">Nachname<\/label>\n<input class=\"tnp-surname\" type=\"text\" name=\"ns\" id=\"tnp-2\" value=\"\" placeholder=\"\"><\/div><div class=\"tnp-field tnp-field-email\"><label for=\"tnp-3\">Ihre E-Mail-Adresse<\/label>\n<input class=\"tnp-email\" type=\"email\" name=\"ne\" id=\"tnp-3\" value=\"\" placeholder=\"\" required><\/div>\n<div class=\"tnp-field tnp-privacy-field\"><label><input type=\"checkbox\" name=\"ny\" required class=\"tnp-privacy\"> <a target=\"_blank\" href=\"https:\/\/wbs-itzehoe.de\/?page_id=5372\">Indem Sie fortfahren, akzeptieren Sie unsere Datenschutzerkl\u00e4rung.<\/a><\/label><\/div><div class=\"tnp-field tnp-field-button\" style=\"text-align: left\"><input class=\"tnp-submit\" type=\"submit\" value=\"Jetzt abonnieren!\" style=\"\">\n<\/div>\n<\/form>\n<\/div>\n<\/p>\n<p><strong>Hier finden Sie unser Newsletter-Archiv in chronologischer Reihenfolge:<\/strong><\/p>\n<table style=\"height: 24px; width: 92.5001%; text-align: center; border-color: #cc0e0e;\">\n<tbody>\n<tr style=\"border-style: solid;\">\n<td style=\"width: 32.958%; height: 24px; border-style: solid; border-color: #cc0e0e;\"><strong>Newsletter-Nr.<\/strong><\/td>\n<td style=\"width: 95.4586%; border-color: #cc0e0e; height: 24px;\"><strong>Newsletter-Titel <\/strong><\/td>\n<\/tr>\n<tr>\n<td style=\"width: 32.958%; border-style: solid; border-color: #cc0e0e;\">5\/20-21<\/td>\n<td style=\"width: 95.4586%; border-style: solid; border-color: #cc0e0e;\"><a href=\"https:\/\/wbs-itzehoe.de\/?na=view&amp;id=8\">Elternbrief von Ministerin Prien zum Schuljahresende<\/a><\/td>\n<\/tr>\n<tr>\n<td style=\"width: 32.958%; border-style: solid; border-color: #cc0e0e;\">4\/20-21<\/td>\n<td style=\"width: 95.4586%; border-style: solid; border-color: #cc0e0e;\"><a href=\"https:\/\/wbs-itzehoe.de\/?na=view&amp;id=7\">Schulbescheinigung \u00fcber Negativtestergebnis<\/a><\/td>\n<\/tr>\n<tr>\n<td style=\"width: 32.958%; border-style: solid; border-color: #cc0e0e;\">3\/20-21<\/td>\n<td style=\"width: 95.4586%; border-style: solid; border-color: #cc0e0e;\"><a href=\"https:\/\/wbs-itzehoe.de\/?na=view&amp;id=6\">Ab Dienstag: ALLE Klassen im Vollpr\u00e4senzunterricht<\/a><\/td>\n<\/tr>\n<tr style=\"border-style: solid;\">\n<td style=\"width: 32.958%; height: 24px; border-style: solid; border-color: #cc0e0e;\">2\/20-21<\/td>\n<td style=\"width: 95.4586%; border-color: #cc0e0e; height: 24px;\"><a href=\"https:\/\/wbs-itzehoe.de\/?na=view&amp;id=3\">Keine Ver\u00e4nderungen ab dem 17. Mai<\/a><\/td>\n<\/tr>\n<tr style=\"border-style: solid;\">\n<td style=\"width: 32.958%; height: 24px; border-style: solid; border-color: #cc0e0e;\">1\/20-21<\/td>\n<td style=\"width: 95.4586%; height: 24px; border-style: solid; border-color: #cc0e0e;\"><a href=\"https:\/\/wbs-itzehoe.de\/?na=view&amp;id=1\">Kurz vor Schuljahresende<\/a><\/td>\n<\/tr>\n<\/tbody>\n<\/table>\n","protected":false},"excerpt":{"rendered":"<p>Regelm\u00e4\u00dfig gibt es Neuigkeiten und wichtige Informationen aus der WBS zu berichten. M\u00f6chten Sie nichts mehr verpassen und so schnell wie m\u00f6glich aus erster Hand informiert werden? Dann melden Sie sich am besten f\u00fcr unseren Newsletter an! Immer, wenn es &hellip; <a href=\"https:\/\/wbs-itzehoe.de\/?page_id=7514\">Weiterlesen <span class=\"meta-nav\">&rarr;<\/span><\/a><\/p>\n","protected":false},"author":6,"featured_media":0,"parent":867,"menu_order":7,"comment_status":"closed","ping_status":"closed","template":"","meta":{"footnotes":""},"class_list":["post-7514","page","type-page","status-publish","hentry"],"_links":{"self":[{"href":"https:\/\/wbs-itzehoe.de\/index.php?rest_route=\/wp\/v2\/pages\/7514","targetHints":{"allow":["GET"]}}],"collection":[{"href":"https:\/\/wbs-itzehoe.de\/index.php?rest_route=\/wp\/v2\/pages"}],"about":[{"href":"https:\/\/wbs-itzehoe.de\/index.php?rest_route=\/wp\/v2\/types\/page"}],"author":[{"embeddable":true,"href":"https:\/\/wbs-itzehoe.de\/index.php?rest_route=\/wp\/v2\/users\/6"}],"replies":[{"embeddable":true,"href":"https:\/\/wbs-itzehoe.de\/index.php?rest_route=%2Fwp%2Fv2%2Fcomments&post=7514"}],"version-history":[{"count":13,"href":"https:\/\/wbs-itzehoe.de\/index.php?rest_route=\/wp\/v2\/pages\/7514\/revisions"}],"predecessor-version":[{"id":7767,"href":"https:\/\/wbs-itzehoe.de\/index.php?rest_route=\/wp\/v2\/pages\/7514\/revisions\/7767"}],"up":[{"embeddable":true,"href":"https:\/\/wbs-itzehoe.de\/index.php?rest_route=\/wp\/v2\/pages\/867"}],"wp:attachment":[{"href":"https:\/\/wbs-itzehoe.de\/index.php?rest_route=%2Fwp%2Fv2%2Fmedia&parent=7514"}],"curies":[{"name":"wp","href":"https:\/\/api.w.org\/{rel}","templated":true}]}}