{"id":8065,"date":"2021-11-07T18:38:07","date_gmt":"2021-11-07T17:38:07","guid":{"rendered":"https:\/\/wbs-itzehoe.de\/?page_id=8065"},"modified":"2021-11-07T18:38:54","modified_gmt":"2021-11-07T17:38:54","slug":"auch-auf-distanz-ganz-nah","status":"publish","type":"page","link":"https:\/\/wbs-itzehoe.de\/?page_id=8065","title":{"rendered":"Auch auf Distanz ganz nah"},"content":{"rendered":"<p><span style=\"font-family: georgia, palatino, serif; font-size: 12pt;\"><b>Homeschooling an der WBS aus Sicht der Elternvertreter<\/b><\/span><\/p>\n<p><span style=\"font-family: georgia, palatino, serif; font-size: 12pt;\"><img loading=\"lazy\" decoding=\"async\" class=\"size-medium wp-image-7074 alignleft\" src=\"http:\/\/wbs-itzehoe.de\/wp-content\/uploads\/2021\/01\/SEB-Eichhorn-300x208.jpeg\" alt=\"\" width=\"300\" height=\"208\" srcset=\"https:\/\/wbs-itzehoe.de\/wp-content\/uploads\/2021\/01\/SEB-Eichhorn-300x208.jpeg 300w, https:\/\/wbs-itzehoe.de\/wp-content\/uploads\/2021\/01\/SEB-Eichhorn-1024x710.jpeg 1024w, https:\/\/wbs-itzehoe.de\/wp-content\/uploads\/2021\/01\/SEB-Eichhorn-768x533.jpeg 768w, https:\/\/wbs-itzehoe.de\/wp-content\/uploads\/2021\/01\/SEB-Eichhorn-1536x1065.jpeg 1536w, https:\/\/wbs-itzehoe.de\/wp-content\/uploads\/2021\/01\/SEB-Eichhorn-2048x1420.jpeg 2048w\" sizes=\"auto, (max-width: 300px) 100vw, 300px\" \/>Wer h\u00e4tte Anfang 2020 erwartet, dass sich Schule so entwickelt, dass unsere Kinder soooo viel Homeschooling haben? Die erste Homeschooling-Phase startete doch etwas holprig. Alle waren bem\u00fcht, alle haben sich angestrengt &#8211; aber richtig gut strukturiert und f\u00fcr jeden \u00fcbersichtlich war es irgendwie nicht. Es gab viele Plattformen, Kinder und Eltern suchten t\u00e4glich die Aufgaben und Lehrer fragten sich, warum sie diese nicht finden. Videokonferenzen? Ja \u2026. eine pro Klasse gab es wohl. Aber so schwierig, wie diese Zeit auch war, hat sie doch allen gezeigt&#8230; es geht auch anders. Als es dann im Dezember hie\u00df, es geht wieder ins Homeschooling, waren viele Kinder begeistert (keine Arbeiten mehr\/ l\u00e4nger Schlafen\/ wenige Aufgaben, im Zweifel hat man sie halt nicht gefunden&#8230;) und viele Eltern entsetzt (t\u00e4gliches Aufgaben suchen\/ Kinder motivieren&#8230;) und <b>dann kam es doch ganz anders!<\/b><\/span><!--more--><\/p>\n<p><span style=\"font-family: georgia, palatino, serif; font-size: 12pt;\">Iserv, die neue und einzige Plattform! Alle waren vorbereitet und hatten ein klares Konzept. Zus\u00e4tzlich fragten<span style=\"color: #000000;\">Klassenlehrer bei ihren Elternvertretern nach, wie man Homeschooling noch besser gestalten k\u00f6nne. Dies nahm der Schulelternbeirat gern auf und erstellte in Zusammenarbeit mit einigen Eltern eine kleine Liste mit W\u00fcnschen und Anregungen, haupts\u00e4chlich ein Zusammenschnitt aller bisherigen, positiven Dinge vieler Lehrkr\u00e4fte. Das Kollegium der Schule nahm dieses gut auf und die Lehrer haben die \u201eBitten\u201c meistens umgesetzt. L\u00e4nger Schlafen? Fehlanzeige! <\/span><span style=\"color: #000000;\"><b>P\u00fcnktlich um 7:45 Uhr<\/b><\/span><span style=\"color: #000000;\"> startet die erste von meist <\/span><span style=\"color: #000000;\"><b>drei Videokonferenzen t\u00e4glich<\/b><\/span><span style=\"color: #000000;\">, einige mit Powerpoint Pr\u00e4sentation, andere Lehrer arbeiten direkt mit den Sch\u00fclern an den gestellten Aufgaben. Fragen werden beantwortet und vieles erkl\u00e4rt. Jeder Sch\u00fcler kann sich \u00fcber den Chat oder m\u00fcndlich am Unterricht beteiligen und Fragen stellen. <\/span><span style=\"color: #000000;\"><b>Aufgaben werden meist einen Tag vor der Fachunterrichtsstunde eingestellt,<\/b><\/span><span style=\"color: #000000;\"> damit wir als Eltern (gerade j\u00fcngere Jahrg\u00e4nge) die M\u00f6glichkeit haben, schon die Arbeitsbl\u00e4tter auszudrucken und es gegebenenfalls mit den Kindern zu besprechen. Auch besteht fast immer die <\/span><span style=\"color: #000000;\"><b>M\u00f6glichkeit, die Arbeitsbl\u00e4tter \u00fcber ISERV zu bearbeiten.<\/b><\/span><\/span><\/p>\n<p align=\"LEFT\"><span style=\"color: #000000; font-family: georgia, palatino, serif; font-size: 12pt;\">Eine weitere tolle Sache sind die <b>R\u00fcckmeldungen der Lehrer<\/b>. Viele Lehrer senden korrigierte Arbeitsbl\u00e4tter an die Sch\u00fcler zur\u00fcck, so dass sie auch sehen, was sie falsch gemacht haben und zur Motivation gibt es auch, wenn es angebracht ist, positive R\u00fcckmeldungen (Lob), aber auch Kritik und Tadel k\u00f6nnen mit dabei sein.<\/span><\/p>\n<p align=\"LEFT\"><span style=\"color: #000000; font-family: georgia, palatino, serif; font-size: 12pt;\">Klar, nicht immer l\u00e4uft alles perfekt und rund, aber das ist ja auch gut so, schlie\u00dflich sind wir alle Menschen und die Homeschooling &#8211; Phase ist f\u00fcr alle eine Herausforderung. <\/span><\/p>\n<p align=\"LEFT\"><span style=\"color: #000000; font-family: georgia, palatino, serif; font-size: 12pt;\"><b>Wir Eltern finden \u201eunsere\u201c Lehrer nehmen sich viel Zeit und haben gro\u00dfes Interesse an ihren Sch\u00fclern, auch in der Homeschooling Phase.<\/b><\/span><\/p>\n<p align=\"LEFT\"><span style=\"color: #000000; font-family: georgia, palatino, serif; font-size: 12pt;\"><b>Auch auf Distanz ganz nah. <\/b><\/span><\/p>\n<p align=\"LEFT\"><span style=\"color: #000000; font-family: georgia, palatino, serif; font-size: 12pt;\">Hierf\u00fcr ein herzliches Dankesch\u00f6n!!!<\/span><\/p>\n<p align=\"LEFT\"><span style=\"color: #000000; font-family: georgia, palatino, serif; font-size: 12pt;\">Die Elternvertreter der Wolfgang Borchert Schule<\/span><\/p>\n","protected":false},"excerpt":{"rendered":"<p>Homeschooling an der WBS aus Sicht der Elternvertreter Wer h\u00e4tte Anfang 2020 erwartet, dass sich Schule so entwickelt, dass unsere Kinder soooo viel Homeschooling haben? Die erste Homeschooling-Phase startete doch etwas holprig. Alle waren bem\u00fcht, alle haben sich angestrengt &#8211; &hellip; <a href=\"https:\/\/wbs-itzehoe.de\/?page_id=8065\">Weiterlesen <span class=\"meta-nav\">&rarr;<\/span><\/a><\/p>\n","protected":false},"author":11,"featured_media":0,"parent":897,"menu_order":0,"comment_status":"closed","ping_status":"closed","template":"","meta":{"footnotes":""},"class_list":["post-8065","page","type-page","status-publish","hentry"],"_links":{"self":[{"href":"https:\/\/wbs-itzehoe.de\/index.php?rest_route=\/wp\/v2\/pages\/8065","targetHints":{"allow":["GET"]}}],"collection":[{"href":"https:\/\/wbs-itzehoe.de\/index.php?rest_route=\/wp\/v2\/pages"}],"about":[{"href":"https:\/\/wbs-itzehoe.de\/index.php?rest_route=\/wp\/v2\/types\/page"}],"author":[{"embeddable":true,"href":"https:\/\/wbs-itzehoe.de\/index.php?rest_route=\/wp\/v2\/users\/11"}],"replies":[{"embeddable":true,"href":"https:\/\/wbs-itzehoe.de\/index.php?rest_route=%2Fwp%2Fv2%2Fcomments&post=8065"}],"version-history":[{"count":2,"href":"https:\/\/wbs-itzehoe.de\/index.php?rest_route=\/wp\/v2\/pages\/8065\/revisions"}],"predecessor-version":[{"id":8067,"href":"https:\/\/wbs-itzehoe.de\/index.php?rest_route=\/wp\/v2\/pages\/8065\/revisions\/8067"}],"up":[{"embeddable":true,"href":"https:\/\/wbs-itzehoe.de\/index.php?rest_route=\/wp\/v2\/pages\/897"}],"wp:attachment":[{"href":"https:\/\/wbs-itzehoe.de\/index.php?rest_route=%2Fwp%2Fv2%2Fmedia&parent=8065"}],"curies":[{"name":"wp","href":"https:\/\/api.w.org\/{rel}","templated":true}]}}