{"id":8209,"date":"2022-02-11T13:54:46","date_gmt":"2022-02-11T12:54:46","guid":{"rendered":"https:\/\/wbs-itzehoe.de\/?page_id=8209"},"modified":"2022-02-11T13:55:00","modified_gmt":"2022-02-11T12:55:00","slug":"wann-bist-du-ein-kandidat-fuer-die-flexklasse","status":"publish","type":"page","link":"https:\/\/wbs-itzehoe.de\/?page_id=8209","title":{"rendered":"Wann bist du ein Kandidat f\u00fcr die Flexklasse?"},"content":{"rendered":"<ul>\n<li>Du bist Sch\u00fcler einer Gemeinschaftsschule mit oder ohne sonderp\u00e4dagogischem F\u00f6rderbedarf<\/li>\n<li>Du brauchst mehr Zeit und weitere Erkl\u00e4rungen, um Inhalte zu verstehen<\/li>\n<li>Du bist oft unsicher und traust dich nicht am Unterrichtsgespr\u00e4ch teilzunehmen<\/li>\n<li>Du w\u00fcnschst dir mehr Ruhe im Klassenverband<\/li>\n<li>Du bist ehrlich und zuverl\u00e4ssig<\/li>\n<li>Du bist an einer intensiven beruflichen Orientierung interessiert<\/li>\n<li>Du bist lern- und leistungsbereit und bereit \u00fcber das eigene Verhalten nachzudenken und es wenn n\u00f6tig zu \u00e4ndern<\/li>\n<li>Du bist bereit selbstst\u00e4ndig zu arbeiten<\/li>\n<li>Der ESA ist ein erreichbares Ziel f\u00fcr dich<\/li>\n<\/ul>\n","protected":false},"excerpt":{"rendered":"<p>Du bist Sch\u00fcler einer Gemeinschaftsschule mit oder ohne sonderp\u00e4dagogischem F\u00f6rderbedarf Du brauchst mehr Zeit und weitere Erkl\u00e4rungen, um Inhalte zu verstehen Du bist oft unsicher und traust dich nicht am Unterrichtsgespr\u00e4ch teilzunehmen Du w\u00fcnschst dir mehr Ruhe im Klassenverband Du &hellip; <a href=\"https:\/\/wbs-itzehoe.de\/?page_id=8209\">Weiterlesen <span class=\"meta-nav\">&rarr;<\/span><\/a><\/p>\n","protected":false},"author":11,"featured_media":0,"parent":7195,"menu_order":3,"comment_status":"closed","ping_status":"closed","template":"","meta":{"footnotes":""},"class_list":["post-8209","page","type-page","status-publish","hentry"],"_links":{"self":[{"href":"https:\/\/wbs-itzehoe.de\/index.php?rest_route=\/wp\/v2\/pages\/8209","targetHints":{"allow":["GET"]}}],"collection":[{"href":"https:\/\/wbs-itzehoe.de\/index.php?rest_route=\/wp\/v2\/pages"}],"about":[{"href":"https:\/\/wbs-itzehoe.de\/index.php?rest_route=\/wp\/v2\/types\/page"}],"author":[{"embeddable":true,"href":"https:\/\/wbs-itzehoe.de\/index.php?rest_route=\/wp\/v2\/users\/11"}],"replies":[{"embeddable":true,"href":"https:\/\/wbs-itzehoe.de\/index.php?rest_route=%2Fwp%2Fv2%2Fcomments&post=8209"}],"version-history":[{"count":3,"href":"https:\/\/wbs-itzehoe.de\/index.php?rest_route=\/wp\/v2\/pages\/8209\/revisions"}],"predecessor-version":[{"id":8212,"href":"https:\/\/wbs-itzehoe.de\/index.php?rest_route=\/wp\/v2\/pages\/8209\/revisions\/8212"}],"up":[{"embeddable":true,"href":"https:\/\/wbs-itzehoe.de\/index.php?rest_route=\/wp\/v2\/pages\/7195"}],"wp:attachment":[{"href":"https:\/\/wbs-itzehoe.de\/index.php?rest_route=%2Fwp%2Fv2%2Fmedia&parent=8209"}],"curies":[{"name":"wp","href":"https:\/\/api.w.org\/{rel}","templated":true}]}}