{"id":8215,"date":"2022-02-11T13:58:13","date_gmt":"2022-02-11T12:58:13","guid":{"rendered":"https:\/\/wbs-itzehoe.de\/?page_id=8215"},"modified":"2024-02-19T17:45:26","modified_gmt":"2024-02-19T16:45:26","slug":"wie-arbeiten-wir-in-der-flexklasse","status":"publish","type":"page","link":"https:\/\/wbs-itzehoe.de\/?page_id=8215","title":{"rendered":"Wie arbeiten wir in der Flexklasse?"},"content":{"rendered":"<ul>\n<li>Ein Schwerpunkt liegt auf den Hauptf\u00e4chern. Viele Stunden sind hier durch die F\u00f6rderschullehrkraft doppelt besetzt.<\/li>\n<li>Au\u00dferdem hast du weiterhin wechselnde Nebenf\u00e4cher.<\/li>\n<li>Unerledigte Aufgaben der Woche werden freitags im Workout fertiggestellt, so dass du mit einem guten Gef\u00fchl ins Wochenende startest.<\/li>\n<li>Praktisches Handeln und Lebensbezug sind uns sehr wichtig, deshalb nehmen alle Sch\u00fclerinnen und Sch\u00fcler am WPU \u201eFit f\u00fcrs Leben\u201c teil.\u00a0<\/li>\n<li>Besonderes Augenmerk wird auf Einblicke in die Berufs- und Arbeitswelt und deine pers\u00f6nlichen beruflichen M\u00f6glichkeiten gelegt. Unterst\u00fctzt wirst du hierbei durch einen Coach der BiBeKu.<\/li>\n<li>Jedes Schuljahr hast du ein zweiw\u00f6chiges Praktikum.\u00a0<\/li>\n<\/ul>\n","protected":false},"excerpt":{"rendered":"<p>Ein Schwerpunkt liegt auf den Hauptf\u00e4chern. Viele Stunden sind hier durch die F\u00f6rderschullehrkraft doppelt besetzt. Au\u00dferdem hast du weiterhin wechselnde Nebenf\u00e4cher. Unerledigte Aufgaben der Woche werden freitags im Workout fertiggestellt, so dass du mit einem guten Gef\u00fchl ins Wochenende startest. &hellip; <a href=\"https:\/\/wbs-itzehoe.de\/?page_id=8215\">Weiterlesen <span class=\"meta-nav\">&rarr;<\/span><\/a><\/p>\n","protected":false},"author":11,"featured_media":0,"parent":7195,"menu_order":5,"comment_status":"closed","ping_status":"closed","template":"","meta":{"footnotes":""},"class_list":["post-8215","page","type-page","status-publish","hentry"],"_links":{"self":[{"href":"https:\/\/wbs-itzehoe.de\/index.php?rest_route=\/wp\/v2\/pages\/8215","targetHints":{"allow":["GET"]}}],"collection":[{"href":"https:\/\/wbs-itzehoe.de\/index.php?rest_route=\/wp\/v2\/pages"}],"about":[{"href":"https:\/\/wbs-itzehoe.de\/index.php?rest_route=\/wp\/v2\/types\/page"}],"author":[{"embeddable":true,"href":"https:\/\/wbs-itzehoe.de\/index.php?rest_route=\/wp\/v2\/users\/11"}],"replies":[{"embeddable":true,"href":"https:\/\/wbs-itzehoe.de\/index.php?rest_route=%2Fwp%2Fv2%2Fcomments&post=8215"}],"version-history":[{"count":3,"href":"https:\/\/wbs-itzehoe.de\/index.php?rest_route=\/wp\/v2\/pages\/8215\/revisions"}],"predecessor-version":[{"id":9372,"href":"https:\/\/wbs-itzehoe.de\/index.php?rest_route=\/wp\/v2\/pages\/8215\/revisions\/9372"}],"up":[{"embeddable":true,"href":"https:\/\/wbs-itzehoe.de\/index.php?rest_route=\/wp\/v2\/pages\/7195"}],"wp:attachment":[{"href":"https:\/\/wbs-itzehoe.de\/index.php?rest_route=%2Fwp%2Fv2%2Fmedia&parent=8215"}],"curies":[{"name":"wp","href":"https:\/\/api.w.org\/{rel}","templated":true}]}}