{"id":8562,"date":"2022-08-16T17:05:25","date_gmt":"2022-08-16T15:05:25","guid":{"rendered":"https:\/\/wbs-itzehoe.de\/?page_id=8562"},"modified":"2025-07-13T12:00:38","modified_gmt":"2025-07-13T10:00:38","slug":"formulare","status":"publish","type":"page","link":"https:\/\/wbs-itzehoe.de\/?page_id=8562","title":{"rendered":"Formulare"},"content":{"rendered":"<p>Es gibt einen neuen Antrag f\u00fcr die <strong>Busfahrkarten<\/strong>. Diesen Antrag findet ihr <a href=\"https:\/\/wbs-itzehoe.de\/wp-content\/uploads\/2023\/09\/Antrag-Schuelerfahrkarte-2023-NEU.pdf\">hier<\/a>.<\/p>\n<p>Wenn Sie einen <strong>finanziellen Zuschuss<\/strong> beispielsweise f\u00fcr Klassenfahrten ben\u00f6tigen, k\u00f6nnen Sie sich an unseren F\u00f6rderverein wenden: <a href=\"https:\/\/wbs-itzehoe.de\/wp-content\/uploads\/2025\/07\/Antrag-Foerderverein-WBS.pdf\">Antrag-F\u00f6rderverein-WBS<\/a><\/p>\n<p>Den Aufnahmeantrag f\u00fcr die <strong>Sch\u00fclerb\u00fccherei<\/strong> finden Sie hier: <a href=\"https:\/\/wbs-itzehoe.de\/wp-content\/uploads\/2023\/09\/Nutzungsordnung.pdf\">Nutzungsordnung<\/a><\/p>\n<p>Das <strong>Anmeldeformular<\/strong> f\u00fcr die Wolfgang-Borchert-Schule finden Sie hier: <a href=\"https:\/\/wbs-itzehoe.de\/wp-content\/uploads\/2023\/10\/Anmeldeformular.pdf\">Anmeldeformular<\/a><\/p>\n<p>Das <strong>Abmeldeformular<\/strong> f\u00fcr die Wolfgang-Borchert-Schule finden Sie hier: <a href=\"https:\/\/wbs-itzehoe.de\/wp-content\/uploads\/2023\/10\/Abmeldung.pdf\">Abmeldeformular<\/a><\/p>\n<p>&nbsp;<\/p>\n<p>&nbsp;<\/p>\n","protected":false},"excerpt":{"rendered":"<p>Es gibt einen neuen Antrag f\u00fcr die Busfahrkarten. Diesen Antrag findet ihr hier. Wenn Sie einen finanziellen Zuschuss beispielsweise f\u00fcr Klassenfahrten ben\u00f6tigen, k\u00f6nnen Sie sich an unseren F\u00f6rderverein wenden: Antrag-F\u00f6rderverein-WBS Den Aufnahmeantrag f\u00fcr die Sch\u00fclerb\u00fccherei finden Sie hier: Nutzungsordnung Das &hellip; <a href=\"https:\/\/wbs-itzehoe.de\/?page_id=8562\">Weiterlesen <span class=\"meta-nav\">&rarr;<\/span><\/a><\/p>\n","protected":false},"author":11,"featured_media":0,"parent":867,"menu_order":3,"comment_status":"closed","ping_status":"closed","template":"","meta":{"footnotes":""},"class_list":["post-8562","page","type-page","status-publish","hentry"],"_links":{"self":[{"href":"https:\/\/wbs-itzehoe.de\/index.php?rest_route=\/wp\/v2\/pages\/8562","targetHints":{"allow":["GET"]}}],"collection":[{"href":"https:\/\/wbs-itzehoe.de\/index.php?rest_route=\/wp\/v2\/pages"}],"about":[{"href":"https:\/\/wbs-itzehoe.de\/index.php?rest_route=\/wp\/v2\/types\/page"}],"author":[{"embeddable":true,"href":"https:\/\/wbs-itzehoe.de\/index.php?rest_route=\/wp\/v2\/users\/11"}],"replies":[{"embeddable":true,"href":"https:\/\/wbs-itzehoe.de\/index.php?rest_route=%2Fwp%2Fv2%2Fcomments&post=8562"}],"version-history":[{"count":9,"href":"https:\/\/wbs-itzehoe.de\/index.php?rest_route=\/wp\/v2\/pages\/8562\/revisions"}],"predecessor-version":[{"id":9904,"href":"https:\/\/wbs-itzehoe.de\/index.php?rest_route=\/wp\/v2\/pages\/8562\/revisions\/9904"}],"up":[{"embeddable":true,"href":"https:\/\/wbs-itzehoe.de\/index.php?rest_route=\/wp\/v2\/pages\/867"}],"wp:attachment":[{"href":"https:\/\/wbs-itzehoe.de\/index.php?rest_route=%2Fwp%2Fv2%2Fmedia&parent=8562"}],"curies":[{"name":"wp","href":"https:\/\/api.w.org\/{rel}","templated":true}]}}