{"id":859,"date":"2013-09-08T10:05:00","date_gmt":"2013-09-08T10:05:00","guid":{"rendered":"http:\/\/test.wbs-itzehoe.de\/?page_id=859"},"modified":"2025-09-14T13:12:38","modified_gmt":"2025-09-14T11:12:38","slug":"stundenzeiten","status":"publish","type":"page","link":"https:\/\/wbs-itzehoe.de\/?page_id=859","title":{"rendered":"Stundenzeiten"},"content":{"rendered":"<p>Die WBS hat sich f\u00fcr Doppelstunden \u00e0 90 Minuten entschieden. Diese bieten f\u00fcr Euch folgende Vorteile:<\/p>\n<ul>\n<li>Du hast in der 5-6 Klassenstufe maximal 3 Unterrichtsf\u00e4cher pro Tag, ab Klassenstufe mindestens einmal pro Woche 4 Unterrichtsf\u00e4cher.<\/li>\n<li>Dein Schulranzen ist leichter.<\/li>\n<li>Uns bleibt viel Zeit zum Hausaufgaben vergleichen und zum \u00dcben.<\/li>\n<\/ul>\n<p>In unseren Pausen kannst du dich am Br\u00f6tchen- und Milchstand versorgen, um den Schulvormittag \u00fcber fit zu bleiben.<\/p>\n<p><span style=\"background-color: #ff0000;\">ACHTUNG: Ab dem 8.9.2025 gelten neue Stundenzeiten!!!<\/span><\/p>\n<p>1.Stunde 7.55 -8.40 Uhr<\/p>\n<p>2. Stunde 8.40- 9.25 Uhr<\/p>\n<p><span style=\"background-color: #00ffff;\">Pause 9.25- 9.40 Uhr<\/span><\/p>\n<p>3.Stunde 9.40 &#8211; 10.20 Uhr<\/p>\n<p>4.Stunde 10.20-11.10 Uhr<\/p>\n<p><span style=\"background-color: #00ffff;\">Pause 11.10-11.30 Uhr<\/span><\/p>\n<p>5.Stunde 11.30-12.15 Uhr<\/p>\n<p>6.Stunde 12.15- 13.00 Uhr<\/p>\n<p><span style=\"background-color: #00ffff;\">Pause 13.00-13.10 Uhr<\/span><\/p>\n<p>7.Stunde 13.10-13.55 Uhr<\/p>\n<p>8.Stunde 13.55-14.40 Uhr<\/p>\n<p>&nbsp;<\/p>\n","protected":false},"excerpt":{"rendered":"<p>Die WBS hat sich f\u00fcr Doppelstunden \u00e0 90 Minuten entschieden. Diese bieten f\u00fcr Euch folgende Vorteile: Du hast in der 5-6 Klassenstufe maximal 3 Unterrichtsf\u00e4cher pro Tag, ab Klassenstufe mindestens einmal pro Woche 4 Unterrichtsf\u00e4cher. Dein Schulranzen ist leichter. Uns &hellip; <a href=\"https:\/\/wbs-itzehoe.de\/?page_id=859\">Weiterlesen <span class=\"meta-nav\">&rarr;<\/span><\/a><\/p>\n","protected":false},"author":1,"featured_media":0,"parent":867,"menu_order":3,"comment_status":"closed","ping_status":"closed","template":"","meta":{"footnotes":""},"class_list":["post-859","page","type-page","status-publish","hentry"],"_links":{"self":[{"href":"https:\/\/wbs-itzehoe.de\/index.php?rest_route=\/wp\/v2\/pages\/859","targetHints":{"allow":["GET"]}}],"collection":[{"href":"https:\/\/wbs-itzehoe.de\/index.php?rest_route=\/wp\/v2\/pages"}],"about":[{"href":"https:\/\/wbs-itzehoe.de\/index.php?rest_route=\/wp\/v2\/types\/page"}],"author":[{"embeddable":true,"href":"https:\/\/wbs-itzehoe.de\/index.php?rest_route=\/wp\/v2\/users\/1"}],"replies":[{"embeddable":true,"href":"https:\/\/wbs-itzehoe.de\/index.php?rest_route=%2Fwp%2Fv2%2Fcomments&post=859"}],"version-history":[{"count":18,"href":"https:\/\/wbs-itzehoe.de\/index.php?rest_route=\/wp\/v2\/pages\/859\/revisions"}],"predecessor-version":[{"id":9952,"href":"https:\/\/wbs-itzehoe.de\/index.php?rest_route=\/wp\/v2\/pages\/859\/revisions\/9952"}],"up":[{"embeddable":true,"href":"https:\/\/wbs-itzehoe.de\/index.php?rest_route=\/wp\/v2\/pages\/867"}],"wp:attachment":[{"href":"https:\/\/wbs-itzehoe.de\/index.php?rest_route=%2Fwp%2Fv2%2Fmedia&parent=859"}],"curies":[{"name":"wp","href":"https:\/\/api.w.org\/{rel}","templated":true}]}}