{"id":863,"date":"2013-09-08T10:19:08","date_gmt":"2013-09-08T10:19:08","guid":{"rendered":"http:\/\/test.wbs-itzehoe.de\/?page_id=863"},"modified":"2015-11-27T21:13:46","modified_gmt":"2015-11-27T20:13:46","slug":"wolfgang-b-borchert","status":"publish","type":"page","link":"https:\/\/wbs-itzehoe.de\/?page_id=863","title":{"rendered":"Wolfgang Borchert"},"content":{"rendered":"<p><a href=\"http:\/\/test.wbs-itzehoe.de\/wp-content\/uploads\/2010\/01\/wb.png\"><img loading=\"lazy\" decoding=\"async\" class=\"size-medium wp-image-80 alignleft\" title=\"Wolfgang Borchert\" src=\"http:\/\/test.wbs-itzehoe.de\/wp-content\/uploads\/2010\/01\/wb-210x300.png\" alt=\"wb\" width=\"210\" height=\"300\" srcset=\"https:\/\/wbs-itzehoe.de\/wp-content\/uploads\/2010\/01\/wb-210x300.png 210w, https:\/\/wbs-itzehoe.de\/wp-content\/uploads\/2010\/01\/wb.png 290w\" sizes=\"auto, (max-width: 210px) 100vw, 210px\" \/><\/a><strong>Wolfgang Borchert<\/strong> wurde am 20. Mai 1921 in Hamburg geboren. Er war Buchh\u00e4ndler, dann Schauspieler. Briefliche \u00c4u\u00dferungen, die den Staat angeblich gef\u00e4hrdeten, brachten ihm acht Monate Haft ein. Er wurde zum Tode verurteilt, dann aber \u201ezwecks Bew\u00e4hrung\u201c 1941 an die Ostfront geschickt. 1945 kehrte er in die Tr\u00fcmmer Hamburgs chronisch fieberkrank zur\u00fcck. Eine Weile arbeitete er als Regieassistent und Kabarettist, dann erm\u00f6glichten Freunde dem Todkranken einen Kuraufenthalt in der Schweiz. Aber es war schon zu sp\u00e4t. Zwei Jahre blieben Wolfgang Borchert zum Schreiben und tats\u00e4chlich dichtete er im Wettlauf mit dem Tode. Ein leidenschaftlicher, besessener junger Mensch war hier am Werk, der seismografisch jede Erregung notierte, vom Kanonendonnern bis zum Zittern einer M\u00e4dchenhand. Wolfgang Borchert starb am 20. November 1947 in Basel, einen Tag vor der Urauff\u00fchrung seines Dramas \u201cDrau\u00dfen vor der T\u00fcr\u201d. Sein Gesamtwerk blieb schmal. Die Ausgabe im Rowohlt-Verlag umfasst gerade einmal 300 Seiten, \u00fcberwiegend Kurzgeschichten und Lyrik, und dennoch finden sich Perlen der deutschsprachigen Nachkriegsliteratur darunter wie \u201cDas Brot\u201d oder \u201cNachts schlafen die Ratten doch\u201d.<\/p>\n","protected":false},"excerpt":{"rendered":"<p>Wolfgang Borchert wurde am 20. Mai 1921 in Hamburg geboren. Er war Buchh\u00e4ndler, dann Schauspieler. Briefliche \u00c4u\u00dferungen, die den Staat angeblich gef\u00e4hrdeten, brachten ihm acht Monate Haft ein. Er wurde zum Tode verurteilt, dann aber \u201ezwecks Bew\u00e4hrung\u201c 1941 an die &hellip; <a href=\"https:\/\/wbs-itzehoe.de\/?page_id=863\">Weiterlesen <span class=\"meta-nav\">&rarr;<\/span><\/a><\/p>\n","protected":false},"author":1,"featured_media":0,"parent":867,"menu_order":4,"comment_status":"closed","ping_status":"closed","template":"","meta":{"footnotes":""},"class_list":["post-863","page","type-page","status-publish","hentry"],"_links":{"self":[{"href":"https:\/\/wbs-itzehoe.de\/index.php?rest_route=\/wp\/v2\/pages\/863","targetHints":{"allow":["GET"]}}],"collection":[{"href":"https:\/\/wbs-itzehoe.de\/index.php?rest_route=\/wp\/v2\/pages"}],"about":[{"href":"https:\/\/wbs-itzehoe.de\/index.php?rest_route=\/wp\/v2\/types\/page"}],"author":[{"embeddable":true,"href":"https:\/\/wbs-itzehoe.de\/index.php?rest_route=\/wp\/v2\/users\/1"}],"replies":[{"embeddable":true,"href":"https:\/\/wbs-itzehoe.de\/index.php?rest_route=%2Fwp%2Fv2%2Fcomments&post=863"}],"version-history":[{"count":4,"href":"https:\/\/wbs-itzehoe.de\/index.php?rest_route=\/wp\/v2\/pages\/863\/revisions"}],"predecessor-version":[{"id":3843,"href":"https:\/\/wbs-itzehoe.de\/index.php?rest_route=\/wp\/v2\/pages\/863\/revisions\/3843"}],"up":[{"embeddable":true,"href":"https:\/\/wbs-itzehoe.de\/index.php?rest_route=\/wp\/v2\/pages\/867"}],"wp:attachment":[{"href":"https:\/\/wbs-itzehoe.de\/index.php?rest_route=%2Fwp%2Fv2%2Fmedia&parent=863"}],"curies":[{"name":"wp","href":"https:\/\/api.w.org\/{rel}","templated":true}]}}