{"id":871,"date":"2013-09-08T10:52:53","date_gmt":"2013-09-08T10:52:53","guid":{"rendered":"http:\/\/test.wbs-itzehoe.de\/?page_id=871"},"modified":"2022-02-28T07:25:12","modified_gmt":"2022-02-28T06:25:12","slug":"schulleitung","status":"publish","type":"page","link":"https:\/\/wbs-itzehoe.de\/?page_id=871","title":{"rendered":"Schulleitung"},"content":{"rendered":"<p><strong>Schulleiter<\/strong><\/p>\n<p><img loading=\"lazy\" decoding=\"async\" class=\"\" src=\"http:\/\/wbs-itzehoe.de\/wp-content\/uploads\/2019\/02\/DSC_6682-e1549340758273.jpeg\" alt=\"Der Chef\" width=\"612\" height=\"418\" \/><\/p>\n<p><span class=\"st\"><em>Herr Sven<\/em>&#8211;<em>Eric<\/em> <em>Leisner<\/em><\/span><br \/>\nTel.: 04821\/8040890<br \/>\nE-Mail: <a href=\"mailto:wolfgang-borchert-schule.itzehoe@schule.landsh.de\">wolfgang-borchert-schule.itzehoe@schule.landsh.de<\/a><\/p>\n<p>&nbsp;<\/p>\n<p><strong>Stellvertretende Schulleiterin<\/strong><\/p>\n<p><img loading=\"lazy\" decoding=\"async\" class=\"alignleft size-medium wp-image-1171\" src=\"http:\/\/wbs-itzehoe.de\/wp-content\/uploads\/2013\/09\/Frau-Boll-01-300x200.jpg\" alt=\"\" width=\"300\" height=\"200\" srcset=\"https:\/\/wbs-itzehoe.de\/wp-content\/uploads\/2013\/09\/Frau-Boll-01-300x200.jpg 300w, https:\/\/wbs-itzehoe.de\/wp-content\/uploads\/2013\/09\/Frau-Boll-01.jpg 800w\" sizes=\"auto, (max-width: 300px) 100vw, 300px\" \/><\/p>\n<p>&nbsp;<\/p>\n<p>&nbsp;<\/p>\n<p>&nbsp;<\/p>\n<p>&nbsp;<\/p>\n<p>&nbsp;<\/p>\n<p><i>Frau Cordula Boll<br \/>\n<\/i>Tel.: 04821\/8040890<br \/>\nE-Mail: <a href=\"mailto:cordula.boll@schule-sh.de\">cordula.boll@schule-sh.de<\/a><\/p>\n<p>Frau\u00a0Boll erstellt den Stunden- und Vertretungsplan. Des Weiteren plant und begleitet sie grunds\u00e4tzlich s\u00e4mtliche schulorganisatorischen Abl\u00e4ufe.<\/p>\n","protected":false},"excerpt":{"rendered":"<p>Schulleiter Herr Sven&#8211;Eric Leisner Tel.: 04821\/8040890 E-Mail: wolfgang-borchert-schule.itzehoe@schule.landsh.de &nbsp; Stellvertretende Schulleiterin &nbsp; &nbsp; &nbsp; &nbsp; &nbsp; Frau Cordula Boll Tel.: 04821\/8040890 E-Mail: cordula.boll@schule-sh.de Frau\u00a0Boll erstellt den Stunden- und Vertretungsplan. Des Weiteren plant und begleitet sie grunds\u00e4tzlich s\u00e4mtliche schulorganisatorischen Abl\u00e4ufe.<\/p>\n","protected":false},"author":1,"featured_media":0,"parent":869,"menu_order":1,"comment_status":"closed","ping_status":"closed","template":"","meta":{"footnotes":""},"class_list":["post-871","page","type-page","status-publish","hentry"],"_links":{"self":[{"href":"https:\/\/wbs-itzehoe.de\/index.php?rest_route=\/wp\/v2\/pages\/871","targetHints":{"allow":["GET"]}}],"collection":[{"href":"https:\/\/wbs-itzehoe.de\/index.php?rest_route=\/wp\/v2\/pages"}],"about":[{"href":"https:\/\/wbs-itzehoe.de\/index.php?rest_route=\/wp\/v2\/types\/page"}],"author":[{"embeddable":true,"href":"https:\/\/wbs-itzehoe.de\/index.php?rest_route=\/wp\/v2\/users\/1"}],"replies":[{"embeddable":true,"href":"https:\/\/wbs-itzehoe.de\/index.php?rest_route=%2Fwp%2Fv2%2Fcomments&post=871"}],"version-history":[{"count":22,"href":"https:\/\/wbs-itzehoe.de\/index.php?rest_route=\/wp\/v2\/pages\/871\/revisions"}],"predecessor-version":[{"id":8254,"href":"https:\/\/wbs-itzehoe.de\/index.php?rest_route=\/wp\/v2\/pages\/871\/revisions\/8254"}],"up":[{"embeddable":true,"href":"https:\/\/wbs-itzehoe.de\/index.php?rest_route=\/wp\/v2\/pages\/869"}],"wp:attachment":[{"href":"https:\/\/wbs-itzehoe.de\/index.php?rest_route=%2Fwp%2Fv2%2Fmedia&parent=871"}],"curies":[{"name":"wp","href":"https:\/\/api.w.org\/{rel}","templated":true}]}}