{"id":885,"date":"2013-09-08T11:03:25","date_gmt":"2013-09-08T11:03:25","guid":{"rendered":"http:\/\/test.wbs-itzehoe.de\/?page_id=885"},"modified":"2022-02-11T13:36:38","modified_gmt":"2022-02-11T12:36:38","slug":"kollegium","status":"publish","type":"page","link":"https:\/\/wbs-itzehoe.de\/?page_id=885","title":{"rendered":"Kollegium"},"content":{"rendered":"<p>Das Kollegium der WBS setzt sich aktuell aus 53 Lehrkr\u00e4ften, einer Lehrkraft im Vorbereitungsdienst (LiV), 2 Schulsekret\u00e4rinnen, 1 Schulsozialp\u00e4dagogin, 2 Hausmeistern und Mimi &amp; Meggi, unserer Schulh\u00fcndinnen, zusammen.<\/p>\n<p><span style=\"text-decoration: underline;\">Kollegiumsfoto Februar 2022<\/span><\/p>\n<p><img loading=\"lazy\" decoding=\"async\" class=\"alignnone  wp-image-8193\" src=\"https:\/\/wbs-itzehoe.de\/wp-content\/uploads\/2022\/02\/IMG_3885-2-300x161.jpg\" alt=\"\" width=\"639\" height=\"343\" srcset=\"https:\/\/wbs-itzehoe.de\/wp-content\/uploads\/2022\/02\/IMG_3885-2-300x161.jpg 300w, https:\/\/wbs-itzehoe.de\/wp-content\/uploads\/2022\/02\/IMG_3885-2-1024x550.jpg 1024w, https:\/\/wbs-itzehoe.de\/wp-content\/uploads\/2022\/02\/IMG_3885-2-768x412.jpg 768w, https:\/\/wbs-itzehoe.de\/wp-content\/uploads\/2022\/02\/IMG_3885-2-1536x824.jpg 1536w, https:\/\/wbs-itzehoe.de\/wp-content\/uploads\/2022\/02\/IMG_3885-2-2048x1099.jpg 2048w\" sizes=\"auto, (max-width: 639px) 100vw, 639px\" \/><\/p>\n<p><div id=\"attachment_5048\" style=\"width: 650px\" class=\"wp-caption aligncenter\"><img loading=\"lazy\" decoding=\"async\" aria-describedby=\"caption-attachment-5048\" class=\"wp-image-5048 size-large\" src=\"http:\/\/wbs-itzehoe.de\/wp-content\/uploads\/2013\/09\/Lehrerfoto-Juli-2017-1024x734.jpg\" alt=\"\" width=\"640\" height=\"459\" srcset=\"https:\/\/wbs-itzehoe.de\/wp-content\/uploads\/2013\/09\/Lehrerfoto-Juli-2017-1024x734.jpg 1024w, https:\/\/wbs-itzehoe.de\/wp-content\/uploads\/2013\/09\/Lehrerfoto-Juli-2017-300x215.jpg 300w, https:\/\/wbs-itzehoe.de\/wp-content\/uploads\/2013\/09\/Lehrerfoto-Juli-2017-768x551.jpg 768w\" sizes=\"auto, (max-width: 640px) 100vw, 640px\" \/><p id=\"caption-attachment-5048\" class=\"wp-caption-text\">Teilkollegium der WBS im Juli 2017 \u00a9 Marc Behmer Fotografie<\/p><\/div> <div id=\"attachment_3437\" style=\"width: 650px\" class=\"wp-caption aligncenter\"><a href=\"http:\/\/wbs-itzehoe.de\/wp-content\/uploads\/2013\/09\/381c4da6d02d45e8262c64c9713fba15.jpg\"><img loading=\"lazy\" decoding=\"async\" aria-describedby=\"caption-attachment-3437\" class=\"wp-image-3437 size-large\" src=\"http:\/\/wbs-itzehoe.de\/wp-content\/uploads\/2013\/09\/381c4da6d02d45e8262c64c9713fba15-1024x739.jpg\" alt=\"Lehrerfoto M\u00e4rz 2015\" width=\"640\" height=\"462\" srcset=\"https:\/\/wbs-itzehoe.de\/wp-content\/uploads\/2013\/09\/381c4da6d02d45e8262c64c9713fba15-1024x739.jpg 1024w, https:\/\/wbs-itzehoe.de\/wp-content\/uploads\/2013\/09\/381c4da6d02d45e8262c64c9713fba15-300x217.jpg 300w\" sizes=\"auto, (max-width: 640px) 100vw, 640px\" \/><\/a><p id=\"caption-attachment-3437\" class=\"wp-caption-text\">Teilkollegium der WBS im M\u00e4rz 2015 \u00a9 Fotodesign Soyka<\/p><\/div> <div id=\"attachment_1441\" style=\"width: 650px\" class=\"wp-caption aligncenter\"><a href=\"http:\/\/wbs-itzehoe.de\/wp-content\/uploads\/2013\/09\/DSCF2549.jpg\"><img loading=\"lazy\" decoding=\"async\" aria-describedby=\"caption-attachment-1441\" class=\"wp-image-1441 size-large\" src=\"http:\/\/wbs-itzehoe.de\/wp-content\/uploads\/2013\/09\/DSCF2549-1024x767.jpg\" alt=\"Kollegium 2013\" width=\"640\" height=\"479\" srcset=\"https:\/\/wbs-itzehoe.de\/wp-content\/uploads\/2013\/09\/DSCF2549-1024x767.jpg 1024w, https:\/\/wbs-itzehoe.de\/wp-content\/uploads\/2013\/09\/DSCF2549-300x224.jpg 300w\" sizes=\"auto, (max-width: 640px) 100vw, 640px\" \/><\/a><p id=\"caption-attachment-1441\" class=\"wp-caption-text\">Teilkollegium der WBS im November 2013<\/p><\/div><\/p>\n","protected":false},"excerpt":{"rendered":"<p>Das Kollegium der WBS setzt sich aktuell aus 53 Lehrkr\u00e4ften, einer Lehrkraft im Vorbereitungsdienst (LiV), 2 Schulsekret\u00e4rinnen, 1 Schulsozialp\u00e4dagogin, 2 Hausmeistern und Mimi &amp; Meggi, unserer Schulh\u00fcndinnen, zusammen. Kollegiumsfoto Februar 2022<\/p>\n","protected":false},"author":1,"featured_media":0,"parent":869,"menu_order":3,"comment_status":"closed","ping_status":"closed","template":"","meta":{"footnotes":""},"class_list":["post-885","page","type-page","status-publish","hentry"],"_links":{"self":[{"href":"https:\/\/wbs-itzehoe.de\/index.php?rest_route=\/wp\/v2\/pages\/885","targetHints":{"allow":["GET"]}}],"collection":[{"href":"https:\/\/wbs-itzehoe.de\/index.php?rest_route=\/wp\/v2\/pages"}],"about":[{"href":"https:\/\/wbs-itzehoe.de\/index.php?rest_route=\/wp\/v2\/types\/page"}],"author":[{"embeddable":true,"href":"https:\/\/wbs-itzehoe.de\/index.php?rest_route=\/wp\/v2\/users\/1"}],"replies":[{"embeddable":true,"href":"https:\/\/wbs-itzehoe.de\/index.php?rest_route=%2Fwp%2Fv2%2Fcomments&post=885"}],"version-history":[{"count":24,"href":"https:\/\/wbs-itzehoe.de\/index.php?rest_route=\/wp\/v2\/pages\/885\/revisions"}],"predecessor-version":[{"id":8207,"href":"https:\/\/wbs-itzehoe.de\/index.php?rest_route=\/wp\/v2\/pages\/885\/revisions\/8207"}],"up":[{"embeddable":true,"href":"https:\/\/wbs-itzehoe.de\/index.php?rest_route=\/wp\/v2\/pages\/869"}],"wp:attachment":[{"href":"https:\/\/wbs-itzehoe.de\/index.php?rest_route=%2Fwp%2Fv2%2Fmedia&parent=885"}],"curies":[{"name":"wp","href":"https:\/\/api.w.org\/{rel}","templated":true}]}}