{"id":889,"date":"2013-09-08T11:04:53","date_gmt":"2013-09-08T11:04:53","guid":{"rendered":"http:\/\/test.wbs-itzehoe.de\/?page_id=889"},"modified":"2026-01-07T09:26:40","modified_gmt":"2026-01-07T08:26:40","slug":"sekretariat","status":"publish","type":"page","link":"https:\/\/wbs-itzehoe.de\/?page_id=889","title":{"rendered":"Sekretariate"},"content":{"rendered":"<p><span style=\"text-decoration: underline;\"><strong>Gorch-Fock-Stra\u00dfe: Frau Ina Tiedemann-Hein <img loading=\"lazy\" decoding=\"async\" class=\"wp-image-7100 alignleft\" src=\"http:\/\/wbs-itzehoe.de\/wp-content\/uploads\/2021\/01\/IMG_2838-300x225.jpg\" alt=\"\" width=\"198\" height=\"148\" \/><\/strong><\/span><\/p>\n<p><strong>Tel. 04821\/8040890<\/strong><\/p>\n<p>Von <strong>7:30 bis 14:00<\/strong> Uhr ist das Sekretariat in der Gorch-Fock-Stra\u00dfe ge\u00f6ffnet.<\/p>\n<p>Der gute Geist unserer Schule ist Frau Tiedemann-Hein. Sch\u00fcler bekommen bei ihr nicht nur Kreide, Pflaster, K\u00fchlpacks und Busfahrkarten, sondern auch das ein oder andere liebe Wort.<\/p>\n","protected":false},"excerpt":{"rendered":"<p>Gorch-Fock-Stra\u00dfe: Frau Ina Tiedemann-Hein Tel. 04821\/8040890 Von 7:30 bis 14:00 Uhr ist das Sekretariat in der Gorch-Fock-Stra\u00dfe ge\u00f6ffnet. Der gute Geist unserer Schule ist Frau Tiedemann-Hein. Sch\u00fcler bekommen bei ihr nicht nur Kreide, Pflaster, K\u00fchlpacks und Busfahrkarten, sondern auch das &hellip; <a href=\"https:\/\/wbs-itzehoe.de\/?page_id=889\">Weiterlesen <span class=\"meta-nav\">&rarr;<\/span><\/a><\/p>\n","protected":false},"author":1,"featured_media":0,"parent":869,"menu_order":5,"comment_status":"closed","ping_status":"closed","template":"","meta":{"footnotes":""},"class_list":["post-889","page","type-page","status-publish","hentry"],"_links":{"self":[{"href":"https:\/\/wbs-itzehoe.de\/index.php?rest_route=\/wp\/v2\/pages\/889","targetHints":{"allow":["GET"]}}],"collection":[{"href":"https:\/\/wbs-itzehoe.de\/index.php?rest_route=\/wp\/v2\/pages"}],"about":[{"href":"https:\/\/wbs-itzehoe.de\/index.php?rest_route=\/wp\/v2\/types\/page"}],"author":[{"embeddable":true,"href":"https:\/\/wbs-itzehoe.de\/index.php?rest_route=\/wp\/v2\/users\/1"}],"replies":[{"embeddable":true,"href":"https:\/\/wbs-itzehoe.de\/index.php?rest_route=%2Fwp%2Fv2%2Fcomments&post=889"}],"version-history":[{"count":15,"href":"https:\/\/wbs-itzehoe.de\/index.php?rest_route=\/wp\/v2\/pages\/889\/revisions"}],"predecessor-version":[{"id":10055,"href":"https:\/\/wbs-itzehoe.de\/index.php?rest_route=\/wp\/v2\/pages\/889\/revisions\/10055"}],"up":[{"embeddable":true,"href":"https:\/\/wbs-itzehoe.de\/index.php?rest_route=\/wp\/v2\/pages\/869"}],"wp:attachment":[{"href":"https:\/\/wbs-itzehoe.de\/index.php?rest_route=%2Fwp%2Fv2%2Fmedia&parent=889"}],"curies":[{"name":"wp","href":"https:\/\/api.w.org\/{rel}","templated":true}]}}