{"id":891,"date":"2013-09-08T11:05:27","date_gmt":"2013-09-08T11:05:27","guid":{"rendered":"http:\/\/test.wbs-itzehoe.de\/?page_id=891"},"modified":"2023-09-27T08:29:46","modified_gmt":"2023-09-27T06:29:46","slug":"hausmeister","status":"publish","type":"page","link":"https:\/\/wbs-itzehoe.de\/?page_id=891","title":{"rendered":"Hausmeister"},"content":{"rendered":"<p><strong>Hauptstelle (Gorch-Fock-Stra\u00dfe):<\/strong>\u00a0<strong>Herr Diercks<br \/>\n<\/strong><\/p>\n<p>Herr Diercks ist in der <strong>1. und 2. gro\u00dfen Pause<\/strong> in seinem B\u00fcro neben dem Raum 12 oder auf dem Schulgel\u00e4nde erreichbar.<\/p>\n<p><strong>Au\u00dfenstelle Sude: Herr Lohse<br \/>\n<\/strong><\/p>\n<p>\u00a0Herr Lohse ist <strong>in allen Pausen<\/strong> in Su<img loading=\"lazy\" decoding=\"async\" class=\"size-medium wp-image-9187 alignleft\" src=\"https:\/\/wbs-itzehoe.de\/wp-content\/uploads\/2023\/09\/IMG_1169-1-246x300.jpg\" alt=\"\" width=\"246\" height=\"300\" srcset=\"https:\/\/wbs-itzehoe.de\/wp-content\/uploads\/2023\/09\/IMG_1169-1-246x300.jpg 246w, https:\/\/wbs-itzehoe.de\/wp-content\/uploads\/2023\/09\/IMG_1169-1.jpg 262w\" sizes=\"auto, (max-width: 246px) 100vw, 246px\" \/>de f\u00fcr uns da.<\/p>\n","protected":false},"excerpt":{"rendered":"<p>Hauptstelle (Gorch-Fock-Stra\u00dfe):\u00a0Herr Diercks Herr Diercks ist in der 1. und 2. gro\u00dfen Pause in seinem B\u00fcro neben dem Raum 12 oder auf dem Schulgel\u00e4nde erreichbar. Au\u00dfenstelle Sude: Herr Lohse \u00a0Herr Lohse ist in allen Pausen in Sude f\u00fcr uns da.<\/p>\n","protected":false},"author":1,"featured_media":0,"parent":869,"menu_order":6,"comment_status":"closed","ping_status":"closed","template":"","meta":{"footnotes":""},"class_list":["post-891","page","type-page","status-publish","hentry"],"_links":{"self":[{"href":"https:\/\/wbs-itzehoe.de\/index.php?rest_route=\/wp\/v2\/pages\/891","targetHints":{"allow":["GET"]}}],"collection":[{"href":"https:\/\/wbs-itzehoe.de\/index.php?rest_route=\/wp\/v2\/pages"}],"about":[{"href":"https:\/\/wbs-itzehoe.de\/index.php?rest_route=\/wp\/v2\/types\/page"}],"author":[{"embeddable":true,"href":"https:\/\/wbs-itzehoe.de\/index.php?rest_route=\/wp\/v2\/users\/1"}],"replies":[{"embeddable":true,"href":"https:\/\/wbs-itzehoe.de\/index.php?rest_route=%2Fwp%2Fv2%2Fcomments&post=891"}],"version-history":[{"count":11,"href":"https:\/\/wbs-itzehoe.de\/index.php?rest_route=\/wp\/v2\/pages\/891\/revisions"}],"predecessor-version":[{"id":9188,"href":"https:\/\/wbs-itzehoe.de\/index.php?rest_route=\/wp\/v2\/pages\/891\/revisions\/9188"}],"up":[{"embeddable":true,"href":"https:\/\/wbs-itzehoe.de\/index.php?rest_route=\/wp\/v2\/pages\/869"}],"wp:attachment":[{"href":"https:\/\/wbs-itzehoe.de\/index.php?rest_route=%2Fwp%2Fv2%2Fmedia&parent=891"}],"curies":[{"name":"wp","href":"https:\/\/api.w.org\/{rel}","templated":true}]}}