{"id":893,"date":"2013-09-08T11:06:14","date_gmt":"2013-09-08T11:06:14","guid":{"rendered":"http:\/\/test.wbs-itzehoe.de\/?page_id=893"},"modified":"2025-05-12T17:18:49","modified_gmt":"2025-05-12T15:18:49","slug":"sv-lehrer","status":"publish","type":"page","link":"https:\/\/wbs-itzehoe.de\/?page_id=893","title":{"rendered":"SV-Lehrer"},"content":{"rendered":"<p>Liebe Sch\u00fclerinnen und Sch\u00fcler,<br \/>\nich freue mich sehr, mich heute bei euch und Ihnen als neuer SV-Lehrer vorstellen zu d\u00fcrfen!<\/p>\n<p>Es ist mir eine gro\u00dfe Freude, von euch als Verbindungslehrer gew\u00e4hlt worden zu sein. F\u00fcr das entgegengebrachte Vertrauen m\u00f6chte ich mich herzlich bedanken.<\/p>\n<p>Mir ist es besonders wichtig, f\u00fcr euch \u2013 die Sch\u00fclerinnen und Sch\u00fcler \u2013 da zu sein. Ich m\u00f6chte ein offenes Ohr f\u00fcr eure Anliegen haben, euch unterst\u00fctzen, wo immer es mir m\u00f6glich ist und gemeinsam mit euch Schule mitgestalten.<\/p>\n<p>Meine Hauptaufgabe ist es, die Sch\u00fclervertretung zu unterst\u00fctzen. Wir organisieren beispielsweise sch\u00f6ne Schulaktionen oder den Verleih von Sportger\u00e4ten in den Pausen. Dar\u00fcber hinaus besprechen wir in den SV-Treffen aber auch aktuelle Probleme oder Ideen aus der Sch\u00fclerschaft.\u00a0<\/p>\n<p>Meine Vorg\u00e4ngerin, Frau Wohlert, hat zusammen mit den engagierten SV-Sch\u00fclerinnen und -Sch\u00fclern ein starkes SV-Team aufgebaut, das sich mit viel Einsatz f\u00fcr die Interessen der gesamten Sch\u00fclerschaft einsetzt. Diese tolle Arbeit m\u00f6chte ich gemeinsam mit dem SV-Team fortsetzen und weiterentwickeln.<\/p>\n<p>Ich freue mich auf die Zusammenarbeit mit euch, viele gute Ideen und eine offene, lebendige Schulgemeinschaft.<\/p>\n<p>Mit herzlichen Gr\u00fc\u00dfen<\/p>\n<p>Henning Stein<\/p>\n<p>&nbsp;<\/p>\n<p><em>\u00a0<\/em><\/p>\n","protected":false},"excerpt":{"rendered":"<p>Liebe Sch\u00fclerinnen und Sch\u00fcler, ich freue mich sehr, mich heute bei euch und Ihnen als neuer SV-Lehrer vorstellen zu d\u00fcrfen! Es ist mir eine gro\u00dfe Freude, von euch als Verbindungslehrer gew\u00e4hlt worden zu sein. F\u00fcr das entgegengebrachte Vertrauen m\u00f6chte ich &hellip; <a href=\"https:\/\/wbs-itzehoe.de\/?page_id=893\">Weiterlesen <span class=\"meta-nav\">&rarr;<\/span><\/a><\/p>\n","protected":false},"author":1,"featured_media":0,"parent":869,"menu_order":6,"comment_status":"closed","ping_status":"closed","template":"","meta":{"footnotes":""},"class_list":["post-893","page","type-page","status-publish","hentry"],"_links":{"self":[{"href":"https:\/\/wbs-itzehoe.de\/index.php?rest_route=\/wp\/v2\/pages\/893","targetHints":{"allow":["GET"]}}],"collection":[{"href":"https:\/\/wbs-itzehoe.de\/index.php?rest_route=\/wp\/v2\/pages"}],"about":[{"href":"https:\/\/wbs-itzehoe.de\/index.php?rest_route=\/wp\/v2\/types\/page"}],"author":[{"embeddable":true,"href":"https:\/\/wbs-itzehoe.de\/index.php?rest_route=\/wp\/v2\/users\/1"}],"replies":[{"embeddable":true,"href":"https:\/\/wbs-itzehoe.de\/index.php?rest_route=%2Fwp%2Fv2%2Fcomments&post=893"}],"version-history":[{"count":19,"href":"https:\/\/wbs-itzehoe.de\/index.php?rest_route=\/wp\/v2\/pages\/893\/revisions"}],"predecessor-version":[{"id":9818,"href":"https:\/\/wbs-itzehoe.de\/index.php?rest_route=\/wp\/v2\/pages\/893\/revisions\/9818"}],"up":[{"embeddable":true,"href":"https:\/\/wbs-itzehoe.de\/index.php?rest_route=\/wp\/v2\/pages\/869"}],"wp:attachment":[{"href":"https:\/\/wbs-itzehoe.de\/index.php?rest_route=%2Fwp%2Fv2%2Fmedia&parent=893"}],"curies":[{"name":"wp","href":"https:\/\/api.w.org\/{rel}","templated":true}]}}