{"id":897,"date":"2013-09-08T11:07:43","date_gmt":"2013-09-08T11:07:43","guid":{"rendered":"http:\/\/test.wbs-itzehoe.de\/?page_id=897"},"modified":"2023-08-31T10:25:26","modified_gmt":"2023-08-31T08:25:26","slug":"elternvertreter","status":"publish","type":"page","link":"https:\/\/wbs-itzehoe.de\/?page_id=897","title":{"rendered":"Schulelternbeirat >"},"content":{"rendered":"<p style=\"text-align: center;\"><strong>Der Vorstand des Schulelternbeirates der Wolfgang-Borchert-Schule &#8211; Gemeinschaftsschule der Stadt Itzehoe stellt sich vor<\/strong><\/p>\n<p><span style=\"text-decoration: underline;\">Wir sind:<\/span><\/p>\n<ul>\n<li>NN (1. Vorsitzende)<\/li>\n<li>Lars G\u00e4tjens (Stellvertretender Vorsitzender)<\/li>\n<li>Tanja Brauer (Beisitzerin)<\/li>\n<\/ul>\n<p><span style=\"text-decoration: underline;\">Was wir tun:<\/span><\/p>\n<div id=\"attachment_7074\" style=\"width: 310px\" class=\"wp-caption alignright\"><img loading=\"lazy\" decoding=\"async\" aria-describedby=\"caption-attachment-7074\" class=\"wp-image-7074 size-medium\" src=\"http:\/\/wbs-itzehoe.de\/wp-content\/uploads\/2021\/01\/SEB-Eichhorn-300x208.jpeg\" alt=\"\" width=\"300\" height=\"208\" srcset=\"https:\/\/wbs-itzehoe.de\/wp-content\/uploads\/2021\/01\/SEB-Eichhorn-300x208.jpeg 300w, https:\/\/wbs-itzehoe.de\/wp-content\/uploads\/2021\/01\/SEB-Eichhorn-1024x710.jpeg 1024w, https:\/\/wbs-itzehoe.de\/wp-content\/uploads\/2021\/01\/SEB-Eichhorn-768x533.jpeg 768w, https:\/\/wbs-itzehoe.de\/wp-content\/uploads\/2021\/01\/SEB-Eichhorn-1536x1065.jpeg 1536w, https:\/\/wbs-itzehoe.de\/wp-content\/uploads\/2021\/01\/SEB-Eichhorn-2048x1420.jpeg 2048w\" sizes=\"auto, (max-width: 300px) 100vw, 300px\" \/><p id=\"caption-attachment-7074\" class=\"wp-caption-text\">Der Schulelelternbeirat hilft gern, wenn mal der Schuh dr\u00fcckt&#8230;<\/p><\/div>\n<ul>\n<li>Wir moderieren zwischen Eltern, Lehrern und Schulleitung \u2013 bei Fragen, Problemen und Missverst\u00e4ndnissen.<\/li>\n<li>Wir b\u00fcndeln W\u00fcnsche und Vorschl\u00e4ge der Eltern, um diese an die Schulleitung und Lehrer weiterzugeben.<\/li>\n<li>Wir lassen Kommunikation stattfinden und machen sie einfacher.<\/li>\n<li>Wir wahren die Interessen der Elternschaft.<\/li>\n<li>Wir machen aufmerksam, versuchen zu helfen, zu verbessern und zu \u00e4ndern.<\/li>\n<li>Wir geben Ihnen eine Stimme, womit wir den Kindern helfen.<\/li>\n<li>Wir unterst\u00fctzen die Schule. Sie kann und muss nicht alles leisten!<\/li>\n<li>Wir nehmen an den Beratungen der Schulkonferenz teil.<\/li>\n<\/ul>\n<p>Bitte scheuen Sie sich nicht, mit uns oder \u00fcber Ihre Elternvertretung Kontakt aufzunehmen!<\/p>\n<p><span style=\"text-decoration: underline;\">Was wir immer brauchen, ist Ihre Unterst\u00fctzung:<\/span><\/p>\n<p>&#8211;&gt; Kontaktieren Sie uns gerne \u00fcber Ihre Elternvertretung oder \u00fcber das Schulsekretariat.<\/p>\n<p style=\"text-align: center;\"><span style=\"font-family: comic sans ms, sans-serif; font-size: 18pt;\"><strong>S<\/strong>chule g<strong>E<\/strong>meinsam <strong>B<\/strong>ewegen<\/span><\/p>\n<hr \/>\n<p>Nach unserer Vorstellung m\u00f6chten wir auch diese Gelegenheit nutzen, um f\u00fcr das Amt des Elternvertreters zu sensibilisieren und zu werben. Wir wissen, dass nicht viele dieses Amt \u00fcbernehmen m\u00f6chten und es immer schwieriger wird bei den Elternabenden, Elternvertreter zu finden. Deshalb m\u00f6chten wir Ihnen einen kleinen \u201eLeitfaden\u201c an die Hand geben, der Sie dar\u00fcber informiert, was ein Elternvertreter macht. Sie werden feststellen, die Aufgaben sind \u00fcberschaubar.<\/p>\n<p>Es wird ein Vorsitzender und ein Vertreter gew\u00e4hlt, Beisitzer k\u00f6nnen zus\u00e4tzlich gew\u00e4hlt werden. Diese entscheiden dann, wer Vorsitzende\/r, Vertreter\/in wird. Der\/ Die Vorsitzende und der Vertreter einigen sich, wer Klassenelternvertreter und\/ oder Schulelternbeiratsmitglied wird.<\/p>\n<p><em><u>Klassenelternvertreter\/in:<\/u><\/em><\/p>\n<ul>\n<li>Die Anzahl der Elternabende bestimmen Sie, eine Versammlung pro Halbjahr ist gesetzlich vorgesehen.<\/li>\n<li>Sie organisieren und leiten den Elternabend ( m\u00f6glichst gemeinsam ).<\/li>\n<li>Nach R\u00fccksprache mit den Eltern der Klasse und der Klassenlehrkraft werden die Tagesordnungspunkte festgesetzt und die Einladung geschrieben.<\/li>\n<li>Sie k\u00f6nnen \u201eDritte\u201c einladen, z.B. Fachlehrer.<\/li>\n<li>Bei Einberufung von Wahlversammlungen sind Besonderheiten zu beachten (alle 2 Jahre) z.B. Ladefrist von mindestens 1 Woche.<\/li>\n<li>Der Elternabend soll innerhalb von vier Wochen nach Unterrichtsbeginn zum Anfang des Schuljahres stattfinden, damit nach zwei weiteren Wochen der Schulelternbeirat (SEB) zusammentreffen kann.<\/li>\n<li>Sie sind der erste Ansprechpartner f\u00fcr \u201eIhre\u201c Eltern und des Klassenlehrers.<\/li>\n<li>Sie haben immer die M\u00f6glichkeit, bei Fragen die Schulelternsprecher zu kontaktieren. Diese stehen Ihnen immer helfend zur Seite.<\/li>\n<li>W\u00fcnsche, Anregungen und Vorschl\u00e4ge der Eltern leiten Sie an die zust\u00e4ndigen Stellen weiter.<\/li>\n<li>Sie nehmen an den Zeugniskonferenzen teil.<\/li>\n<li>Sie nehmen an Klassenkonferenzen mit Stimmrecht teil.<\/li>\n<\/ul>\n<p><em><u>Schulelternvertreter\/in:<\/u><\/em><\/p>\n<ul>\n<li>Sie nehmen zus\u00e4tzlich an der Schulelternbeiratssitzung mit Stimmrecht teil 1x pro Halbjahr.<em><u> <br \/>\n<\/u><\/em><\/li>\n<\/ul>\n<p>Wir hoffen Ihnen hiermit einen Einblick in die Elternvertretung geben zu k\u00f6nnen und Sie auch gleichzeitig f\u00fcr das wichtige Amt des Elternvertreters zu gewinnen. Eltern und Sch\u00fcler brauchen eine Stimme, um gemeinsam etwas zu ver\u00e4ndern.<\/p>\n<p>Sollten Sie Fragen haben, nehmen sie gern mit uns Kontakt auf: <a href=\"mailto:SEB_WBS@gmx.de\">SEB-WBS@gmx.de<\/a> oder \u00fcber das Schulsekretariat der WBS.<\/p>\n<p>Wir freuen uns auf Sie!<\/p>\n","protected":false},"excerpt":{"rendered":"<p>Der Vorstand des Schulelternbeirates der Wolfgang-Borchert-Schule &#8211; Gemeinschaftsschule der Stadt Itzehoe stellt sich vor Wir sind: NN (1. Vorsitzende) Lars G\u00e4tjens (Stellvertretender Vorsitzender) Tanja Brauer (Beisitzerin) Was wir tun: Wir moderieren zwischen Eltern, Lehrern und Schulleitung \u2013 bei Fragen, Problemen &hellip; <a href=\"https:\/\/wbs-itzehoe.de\/?page_id=897\">Weiterlesen <span class=\"meta-nav\">&rarr;<\/span><\/a><\/p>\n","protected":false},"author":1,"featured_media":0,"parent":869,"menu_order":9,"comment_status":"closed","ping_status":"closed","template":"","meta":{"footnotes":""},"class_list":["post-897","page","type-page","status-publish","hentry"],"_links":{"self":[{"href":"https:\/\/wbs-itzehoe.de\/index.php?rest_route=\/wp\/v2\/pages\/897","targetHints":{"allow":["GET"]}}],"collection":[{"href":"https:\/\/wbs-itzehoe.de\/index.php?rest_route=\/wp\/v2\/pages"}],"about":[{"href":"https:\/\/wbs-itzehoe.de\/index.php?rest_route=\/wp\/v2\/types\/page"}],"author":[{"embeddable":true,"href":"https:\/\/wbs-itzehoe.de\/index.php?rest_route=\/wp\/v2\/users\/1"}],"replies":[{"embeddable":true,"href":"https:\/\/wbs-itzehoe.de\/index.php?rest_route=%2Fwp%2Fv2%2Fcomments&post=897"}],"version-history":[{"count":27,"href":"https:\/\/wbs-itzehoe.de\/index.php?rest_route=\/wp\/v2\/pages\/897\/revisions"}],"predecessor-version":[{"id":9101,"href":"https:\/\/wbs-itzehoe.de\/index.php?rest_route=\/wp\/v2\/pages\/897\/revisions\/9101"}],"up":[{"embeddable":true,"href":"https:\/\/wbs-itzehoe.de\/index.php?rest_route=\/wp\/v2\/pages\/869"}],"wp:attachment":[{"href":"https:\/\/wbs-itzehoe.de\/index.php?rest_route=%2Fwp%2Fv2%2Fmedia&parent=897"}],"curies":[{"name":"wp","href":"https:\/\/api.w.org\/{rel}","templated":true}]}}