{"id":9118,"date":"2023-09-05T11:48:51","date_gmt":"2023-09-05T09:48:51","guid":{"rendered":"https:\/\/wbs-itzehoe.de\/?page_id=9118"},"modified":"2023-09-05T11:48:51","modified_gmt":"2023-09-05T09:48:51","slug":"leitbild-der-wbs","status":"publish","type":"page","link":"https:\/\/wbs-itzehoe.de\/?page_id=9118","title":{"rendered":"Leitbild der WBS"},"content":{"rendered":"<p><b><i>\u201eGemeinsam wachsen\u201c<\/i><\/b><\/p>\n<p>1. Wir sind eine Gemeinschaftsschule im Dichterviertel, die f\u00fcr <i>Bildung, Vielfalt, Toleranz und Offenheit <\/i>steht.<\/p>\n<p>2. Wir \u00fcbernehmen <i>Verantwortung<\/i><span class=\"Apple-converted-space\">\u00a0 <\/span>f\u00fcreinander und gehen <i>respektvoll, h\u00f6flich, freundlich und hilfsbereit <\/i>miteinander um.<\/p>\n<p><span class=\"Apple-converted-space\">\u00a0<\/span>3. Wir schaffen eine <i>sichere Lernumgebung <\/i>f\u00fcr erfolgreiches<b><i><span class=\"Apple-converted-space\">\u00a0<\/span><\/i><\/b> Lernen sowie <i>nachhaltiges und demokratisches<span class=\"Apple-converted-space\">\u00a0 <\/span>Handeln<\/i>. Wir bereiten unsere Sch\u00fcler:innen auf ein <i>selbstbestimmtes<\/i> und <i>eigenverantwortliches<\/i> Leben vor.<\/p>\n<p>4. Unsere Sch\u00fcler:innen erwerben fachliche und soziale <i>Kompetenzen<\/i>, die zentral f\u00fcr ihr weiteres Leben sind, und sie werden dabei durch einen verbindlichen Rahmen und ein verl\u00e4sslichen Angebot unterst\u00fctzt.<\/p>\n<p>5. Unser Schulleben wird durch vielf\u00e4ltige <i>schulische und au\u00dferschulische Angebote <\/i>bereichert, die das Selbstbewusstsein und die Eigenst\u00e4ndigkeit st\u00e4rken.<span class=\"Apple-converted-space\">\u00a0<\/span><\/p>\n<p>6. Durch <i>strukturiertes und differenziertes Lernen <\/i>erreichen die Sch\u00fcler:innen den bestm\u00f6glichen Schulabschluss und werden auf den \u00dcbergang in die <i>berufliche Ausbildung oder schulische Weiterbildung <\/i>vorbereitet.<\/p>\n<p>(August 2023)<\/p>\n","protected":false},"excerpt":{"rendered":"<p>\u201eGemeinsam wachsen\u201c 1. Wir sind eine Gemeinschaftsschule im Dichterviertel, die f\u00fcr Bildung, Vielfalt, Toleranz und Offenheit steht. 2. Wir \u00fcbernehmen Verantwortung\u00a0 f\u00fcreinander und gehen respektvoll, h\u00f6flich, freundlich und hilfsbereit miteinander um. \u00a03. Wir schaffen eine sichere Lernumgebung f\u00fcr erfolgreiches\u00a0 Lernen &hellip; <a href=\"https:\/\/wbs-itzehoe.de\/?page_id=9118\">Weiterlesen <span class=\"meta-nav\">&rarr;<\/span><\/a><\/p>\n","protected":false},"author":9,"featured_media":0,"parent":901,"menu_order":0,"comment_status":"closed","ping_status":"closed","template":"","meta":{"footnotes":""},"class_list":["post-9118","page","type-page","status-publish","hentry"],"_links":{"self":[{"href":"https:\/\/wbs-itzehoe.de\/index.php?rest_route=\/wp\/v2\/pages\/9118","targetHints":{"allow":["GET"]}}],"collection":[{"href":"https:\/\/wbs-itzehoe.de\/index.php?rest_route=\/wp\/v2\/pages"}],"about":[{"href":"https:\/\/wbs-itzehoe.de\/index.php?rest_route=\/wp\/v2\/types\/page"}],"author":[{"embeddable":true,"href":"https:\/\/wbs-itzehoe.de\/index.php?rest_route=\/wp\/v2\/users\/9"}],"replies":[{"embeddable":true,"href":"https:\/\/wbs-itzehoe.de\/index.php?rest_route=%2Fwp%2Fv2%2Fcomments&post=9118"}],"version-history":[{"count":1,"href":"https:\/\/wbs-itzehoe.de\/index.php?rest_route=\/wp\/v2\/pages\/9118\/revisions"}],"predecessor-version":[{"id":9119,"href":"https:\/\/wbs-itzehoe.de\/index.php?rest_route=\/wp\/v2\/pages\/9118\/revisions\/9119"}],"up":[{"embeddable":true,"href":"https:\/\/wbs-itzehoe.de\/index.php?rest_route=\/wp\/v2\/pages\/901"}],"wp:attachment":[{"href":"https:\/\/wbs-itzehoe.de\/index.php?rest_route=%2Fwp%2Fv2%2Fmedia&parent=9118"}],"curies":[{"name":"wp","href":"https:\/\/api.w.org\/{rel}","templated":true}]}}