{"id":9157,"date":"2023-09-26T20:10:50","date_gmt":"2023-09-26T18:10:50","guid":{"rendered":"https:\/\/wbs-itzehoe.de\/?page_id=9157"},"modified":"2025-09-19T10:25:42","modified_gmt":"2025-09-19T08:25:42","slug":"schulsanitaeter","status":"publish","type":"page","link":"https:\/\/wbs-itzehoe.de\/?page_id=9157","title":{"rendered":"Schulsanit\u00e4ter"},"content":{"rendered":"<p><a href=\"http:\/\/wbs-itzehoe.de\/wp-content\/uploads\/2015\/10\/d74f3e921cd2c981edb03c7ff997f739.png\"><img loading=\"lazy\" decoding=\"async\" class=\"aligncenter wp-image-3815 size-large\" src=\"http:\/\/wbs-itzehoe.de\/wp-content\/uploads\/2015\/10\/d74f3e921cd2c981edb03c7ff997f739-1024x220.png\" alt=\"Neues Schulsanit\u00e4terlogo\" width=\"640\" height=\"138\" srcset=\"https:\/\/wbs-itzehoe.de\/wp-content\/uploads\/2015\/10\/d74f3e921cd2c981edb03c7ff997f739-1024x220.png 1024w, https:\/\/wbs-itzehoe.de\/wp-content\/uploads\/2015\/10\/d74f3e921cd2c981edb03c7ff997f739-300x65.png 300w, https:\/\/wbs-itzehoe.de\/wp-content\/uploads\/2015\/10\/d74f3e921cd2c981edb03c7ff997f739.png 1181w\" sizes=\"auto, (max-width: 640px) 100vw, 640px\" \/><\/a>Den Schulsanit\u00e4tsdienst der WBS gibt es seit 2014. Die Schulsanit\u00e4ter k\u00fcmmern sich auf Schul- und Sportfesten sowie im ganz normalen Schulalltag um verletzte Sch\u00fclerInnen. Die t\u00e4glich wechselnden Teams sind in den gro\u00dfen Pausen im Schulsanit\u00e4tsraum anzutreffen. Alle Mitglieder wurden in Kooperation mit dem Itzehoer Klinikum ausgebildet und haben umfangreiche Kompetenzen als Ersthelfer erworben. Es werden regelm\u00e4\u00dfig neue Schulsanit\u00e4ter aus- und bereits eingesetzte Mitglieder fortgebildet. Eine Ausbildung als Schulsanit\u00e4ter k\u00f6nnen Sch\u00fclerInnen bereits ab Klasse 7 aufw\u00e4rts beginnen.\u00a0<\/p>\n<p>Der Schulsanit\u00e4tsdienst ist eine Arbeitsgemeinschaft, f\u00fcr die es jedoch keine festen AG-Zeiten gibt. Es finden aber Treffen zu individuell vereinbarten Zeiten statt.<\/p>\n<p>Die AG wird von Herrn Stein betreut.<\/p>\n<p>&nbsp;<\/p>\n<p><img loading=\"lazy\" decoding=\"async\" class=\"alignnone size-medium wp-image-9297\" src=\"https:\/\/wbs-itzehoe.de\/wp-content\/uploads\/2023\/12\/IMG_1652-300x225.jpg\" alt=\"\" width=\"300\" height=\"225\" srcset=\"https:\/\/wbs-itzehoe.de\/wp-content\/uploads\/2023\/12\/IMG_1652-300x225.jpg 300w, https:\/\/wbs-itzehoe.de\/wp-content\/uploads\/2023\/12\/IMG_1652-rotated.jpg 320w\" sizes=\"auto, (max-width: 300px) 100vw, 300px\" \/><\/p>\n<p>(neu ausgebildete Schulsanit\u00e4ter 12\/2023)<\/p>\n","protected":false},"excerpt":{"rendered":"<p>Den Schulsanit\u00e4tsdienst der WBS gibt es seit 2014. Die Schulsanit\u00e4ter k\u00fcmmern sich auf Schul- und Sportfesten sowie im ganz normalen Schulalltag um verletzte Sch\u00fclerInnen. Die t\u00e4glich wechselnden Teams sind in den gro\u00dfen Pausen im Schulsanit\u00e4tsraum anzutreffen. Alle Mitglieder wurden in &hellip; <a href=\"https:\/\/wbs-itzehoe.de\/?page_id=9157\">Weiterlesen <span class=\"meta-nav\">&rarr;<\/span><\/a><\/p>\n","protected":false},"author":9,"featured_media":0,"parent":960,"menu_order":0,"comment_status":"closed","ping_status":"closed","template":"","meta":{"footnotes":""},"class_list":["post-9157","page","type-page","status-publish","hentry"],"_links":{"self":[{"href":"https:\/\/wbs-itzehoe.de\/index.php?rest_route=\/wp\/v2\/pages\/9157","targetHints":{"allow":["GET"]}}],"collection":[{"href":"https:\/\/wbs-itzehoe.de\/index.php?rest_route=\/wp\/v2\/pages"}],"about":[{"href":"https:\/\/wbs-itzehoe.de\/index.php?rest_route=\/wp\/v2\/types\/page"}],"author":[{"embeddable":true,"href":"https:\/\/wbs-itzehoe.de\/index.php?rest_route=\/wp\/v2\/users\/9"}],"replies":[{"embeddable":true,"href":"https:\/\/wbs-itzehoe.de\/index.php?rest_route=%2Fwp%2Fv2%2Fcomments&post=9157"}],"version-history":[{"count":4,"href":"https:\/\/wbs-itzehoe.de\/index.php?rest_route=\/wp\/v2\/pages\/9157\/revisions"}],"predecessor-version":[{"id":9301,"href":"https:\/\/wbs-itzehoe.de\/index.php?rest_route=\/wp\/v2\/pages\/9157\/revisions\/9301"}],"up":[{"embeddable":true,"href":"https:\/\/wbs-itzehoe.de\/index.php?rest_route=\/wp\/v2\/pages\/960"}],"wp:attachment":[{"href":"https:\/\/wbs-itzehoe.de\/index.php?rest_route=%2Fwp%2Fv2%2Fmedia&parent=9157"}],"curies":[{"name":"wp","href":"https:\/\/api.w.org\/{rel}","templated":true}]}}