{"id":939,"date":"2013-09-08T13:05:29","date_gmt":"2013-09-08T11:05:29","guid":{"rendered":"http:\/\/test.wbs-itzehoe.de\/?page_id=939"},"modified":"2026-01-22T10:51:36","modified_gmt":"2026-01-22T09:51:36","slug":"schulordnung","status":"publish","type":"page","link":"https:\/\/wbs-itzehoe.de\/?page_id=939","title":{"rendered":"Schulordnung"},"content":{"rendered":"<h1>Schulordnung<\/h1>\n<p>Wir gehen stets fair, freundlich und r\u00fccksichtsvoll miteinander um, damit wir uns in unserer Schule wohlf\u00fchlen. Deshalb halten wir uns als Schulgemeinschaft an folgenden Grundsatz:<\/p>\n<p><em>Ich behandle alle anderen so, wie ich selbst behandelt werden m\u00f6chte.<\/em><\/p>\n<p><strong>Grunds\u00e4tzlich gilt an unserer Schule:<\/strong><strong>\u00a0<\/strong><\/p>\n<ul>\n<li>Wir folgen den Anweisungen der an der Schule Besch\u00e4ftigten.<\/li>\n<li>Wir l\u00f6sen Meinungsverschiedenheiten ohne<\/li>\n<li>Wir gehen mit Gegenst\u00e4nden in den Schulgeb\u00e4uden und auf dem Schulgel\u00e4nde achtsam<\/li>\n<li>Wir erscheinen p\u00fcnktlich und halten Termine ein.<\/li>\n<li>Wir sind alle f\u00fcr Sauberkeit und Ordnung auf dem Schulgel\u00e4nde<\/li>\n<li>Wir halten uns stets an die geltenden Klassenregeln.<\/li>\n<\/ul>\n<p><strong>Zur Erleichterung unseres Zusammenlebens brauchen wir einige Schulregeln f\u00fcr Sch\u00fclerinnen und Sch\u00fcler:<\/strong><\/p>\n<ol>\n<li>Um Missverst\u00e4ndnissen vorzubeugen, wird empfohlen sich angemessen f\u00fcr den Schulbesuch zu kleiden. Das bedeutet f\u00fcr uns, dass Oberk\u00f6rper, Ges\u00e4\u00df und Unterw\u00e4sche angemessen bedeckt sind und die Kleidung keine rassistischen, diskriminierenden oder anderweitig beleidigenden Worte oder Inhalte tr\u00e4gt. Ich trage keine Kopfbedeckung im Unterricht, au\u00dfer aus religi\u00f6sen oder medizinischen Gr\u00fcnden.<\/li>\n<li>Drogen, Alkohol, Zigaretten, Vapes, Energydrinks, Kaugummi, Zahnstocher, Snus und gef\u00e4hrliche Gegenst\u00e4nden sind verboten.<\/li>\n<li>Ich schiebe mein Fahrrad, Mofa oder (E)- Roller auf dem Schulgel\u00e4nde und stelle dieses ausschlie\u00dflich in den Sch\u00fclerfahrradst\u00e4ndern ab.<\/li>\n<li>Ich stehe mit dem Klingeln am zugewiesenen Abholpunkt.<\/li>\n<li>Sollte eine Lehrkraft nicht zum Abholen einer Klasse erscheinen, meldet sich der Klassensprecher\/die Klassensprecherin im Sekretariat.<\/li>\n<li>In der Pause gehe ich auf dem k\u00fcrzesten Weg aus dem Geb\u00e4ude auf den Schulhof und halte mich nur dort auf.<\/li>\n<li>Ich behalte beim Raumwechsel meine Sachen in der Pause bei mir. Ich lege sie nicht vor den Fach-\/ Klassenr\u00e4umen ab.<\/li>\n<li>Ich werfe oder schie\u00dfe keine Gegenst\u00e4nde (\u00c4ste, Steine, Schneeb\u00e4lle,\u2026)<\/li>\n<li>Ich unterlasse gef\u00e4hrliche Spiele und Spa\u00dfk\u00e4mpfe.<\/li>\n<li>Ich erledige meine Toiletteng\u00e4nge grunds\u00e4tzlich in der Pause.<\/li>\n<li>Ich betrete die Toilettenkabine nur einzeln und hinterlasse sie sauber und ordentlich.<\/li>\n<li>Die Pause wird bei schlechtem Wetter abgel\u00e4utet. Dann halte ich mich nur in den unteren Fluren auf.<\/li>\n<li>Ich bleibe w\u00e4hrend meiner gesamten Unterrichtszeit auf dem Schulgel\u00e4nde, es sei denn es finden Schulveranstaltungen au\u00dferhalb des Schulgel\u00e4ndes statt.<\/li>\n<li>Nach der letzten Stunde stelle ich meinen Stuhl hoch und s\u00e4ubere meinen Arbeitsplatz.<\/li>\n<li>Nach Unterrichtsschluss verlasse ich z\u00fcgig das Schulgel\u00e4nde.<\/li>\n<\/ol>\n<p>Verst\u00f6\u00dfe gegen die Regeln der Schulordnung f\u00fchren zun\u00e4chst zu p\u00e4dagogischen Ma\u00dfnahmen (z.B. einer Missbilligung) und k\u00f6nnen bei fortgesetztem oder erheblichen Fehlverhalten zu Ordnungsma\u00dfnahmen nach \u00a725 SchulGSH f\u00fchren.<\/p>\n<p><strong>Umgang mit dem Smartphone und anderen digitalen Ger\u00e4ten<\/strong><\/p>\n<ol>\n<li>Mein mitgebrachtes Smartphone, jegliches Zubeh\u00f6r (Kopfh\u00f6rer, Smartwatches, &#8230;) und sonstige digitale Endger\u00e4te schalte ich vor dem Betreten des Schulgel\u00e4ndes aus und verstaue sie in meiner Tasche. Im Sportunterricht lege ich mein Smartphone in die daf\u00fcr vorgesehene Kiste.<\/li>\n<li>Ausnahmen k\u00f6nnen im Unterricht mit DaZ-SuS von Lehrkr\u00e4ften gestattet werden.<\/li>\n<li>Ich darf Kopfh\u00f6rer f\u00fcr den unterrichtlichen Zweck mit schulischen Ger\u00e4ten benutzen.<\/li>\n<li>Ich gebe meine mobilen Endger\u00e4te bei Pr\u00fcfungsarbeiten vor Beginn der Arbeit bei der Lehrkraft ab. Eine Zuwiderhandlung gilt als T\u00e4uschungsversuch.<\/li>\n<li>F\u00fcr mitgebrachte Wertgegenst\u00e4nde \u00fcbernimmt die Schule keine Haftung.<\/li>\n<\/ol>\n<p>Die Schule beh\u00e4lt sich vor, das Ger\u00e4t zeitweise einzubehalten und gegebenenfalls nur an die Erziehungsberechtigten auszuh\u00e4ndigen, wenn dieses unberechtigt w\u00e4hrend der Schulzeit auf dem Gel\u00e4nde der WBS genutzt wird.<\/p>\n<p>Stand 14.01.2026<\/p>\n","protected":false},"excerpt":{"rendered":"<p>Schulordnung Wir gehen stets fair, freundlich und r\u00fccksichtsvoll miteinander um, damit wir uns in unserer Schule wohlf\u00fchlen. Deshalb halten wir uns als Schulgemeinschaft an folgenden Grundsatz: Ich behandle alle anderen so, wie ich selbst behandelt werden m\u00f6chte. Grunds\u00e4tzlich gilt an &hellip; <a href=\"https:\/\/wbs-itzehoe.de\/?page_id=939\">Weiterlesen <span class=\"meta-nav\">&rarr;<\/span><\/a><\/p>\n","protected":false},"author":1,"featured_media":0,"parent":901,"menu_order":6,"comment_status":"closed","ping_status":"closed","template":"","meta":{"footnotes":""},"class_list":["post-939","page","type-page","status-publish","hentry"],"_links":{"self":[{"href":"https:\/\/wbs-itzehoe.de\/index.php?rest_route=\/wp\/v2\/pages\/939","targetHints":{"allow":["GET"]}}],"collection":[{"href":"https:\/\/wbs-itzehoe.de\/index.php?rest_route=\/wp\/v2\/pages"}],"about":[{"href":"https:\/\/wbs-itzehoe.de\/index.php?rest_route=\/wp\/v2\/types\/page"}],"author":[{"embeddable":true,"href":"https:\/\/wbs-itzehoe.de\/index.php?rest_route=\/wp\/v2\/users\/1"}],"replies":[{"embeddable":true,"href":"https:\/\/wbs-itzehoe.de\/index.php?rest_route=%2Fwp%2Fv2%2Fcomments&post=939"}],"version-history":[{"count":13,"href":"https:\/\/wbs-itzehoe.de\/index.php?rest_route=\/wp\/v2\/pages\/939\/revisions"}],"predecessor-version":[{"id":10088,"href":"https:\/\/wbs-itzehoe.de\/index.php?rest_route=\/wp\/v2\/pages\/939\/revisions\/10088"}],"up":[{"embeddable":true,"href":"https:\/\/wbs-itzehoe.de\/index.php?rest_route=\/wp\/v2\/pages\/901"}],"wp:attachment":[{"href":"https:\/\/wbs-itzehoe.de\/index.php?rest_route=%2Fwp%2Fv2%2Fmedia&parent=939"}],"curies":[{"name":"wp","href":"https:\/\/api.w.org\/{rel}","templated":true}]}}