{"id":945,"date":"2013-09-08T13:14:05","date_gmt":"2013-09-08T13:14:05","guid":{"rendered":"http:\/\/test.wbs-itzehoe.de\/?page_id=945"},"modified":"2021-01-09T14:44:35","modified_gmt":"2021-01-09T13:44:35","slug":"zukunftsschule-sh","status":"publish","type":"page","link":"https:\/\/wbs-itzehoe.de\/?page_id=945","title":{"rendered":"Zukunftsschule.SH"},"content":{"rendered":"<p><img loading=\"lazy\" decoding=\"async\" class=\"alignleft size-full wp-image-66\" title=\"zukunftsschule\" src=\"http:\/\/www.wbr-itzehoe.de\/wp-content\/uploads\/2010\/01\/zukunftsschule.png\" alt=\"\" width=\"289\" height=\"136\" \/><\/p>\n<p>Zukunftsf\u00e4higes oder auch nachhaltiges Handeln bedeutet, den Nachkommen eine intakte \u00f6kologische, soziale und \u00f6konomische Welt zu hinterlassen und sie an den Entwicklungsprozessen zu beteiligen!<\/p>\n<p>Das hei\u00dft: Umweltgesichtspunkte, das gemeinsame Miteinander und die wirtschaftliche Situation sind gleichberechtigt zu ber\u00fccksichtigen. Durch eine Bildung f\u00fcr \u201eNachhaltige Entwicklung\u201c wird der Blick von Sch\u00fclern f\u00fcr die Zukunft und ihre Herausforderung gesch\u00e4rft. Zukunftsschulen werden stets f\u00fcr zwei Schuljahre geehrt.<\/p>\n<ul>\n<li>F\u00fcr die Jahre 2008 bis 2011 sind wir als Zukunftsschule in der Stufe 1 \u00a0 \u00a0 \u00a0 \u00a0 \u00a0 \u00a0 \u00a0 \u00a0 \u00a0 \u00a0 \u00a0 \u00a0 \u00a0 \u00a0 \u00a0 \u00a0 \u00a0&#8222;<em>Wir sind aktiv!<\/em>&#8220; ausgezeichnet worden.<\/li>\n<li>F\u00fcr das\u00a0Schuljahr 2014\/15 sind wir\u00a0als Zukunftsschule in der Stufe 2 \u00a0 \u00a0 \u00a0 \u00a0 \u00a0 \u00a0 \u00a0 \u00a0 \u00a0 \u00a0 \u00a0 \u00a0 \u00a0 \u00a0 \u00a0 \u00a0 \u00a0 \u00a0 &#8222;<em>Wir arbeiten im Netzwerk!<\/em>&#8220; ausgezeichnet worden. &#8212;&gt; <a title=\"Urkunde\" href=\"http:\/\/wbs-itzehoe.de\/wp-content\/uploads\/2013\/09\/Urkunde-Zukunftsschule.SH-2015.jpg\" target=\"_blank\" rel=\"noopener\">Urkunde<\/a><\/li>\n<li>F\u00fcr das\u00a0Schuljahr 2016\/17 sind wir\u00a0als Zukunftsschule in der Stufe 1 \u00a0 \u00a0 \u00a0 \u00a0 \u00a0 \u00a0 \u00a0 \u00a0 \u00a0 \u00a0 \u00a0 \u00a0 \u00a0 \u00a0 \u00a0 \u00a0 \u00a0 \u00a0 &#8222;<em>Wir sind aktiv!<\/em>&#8220; ausgezeichnet worden.<\/li>\n<li>F\u00fcr das Schuljahr 2020\/21 sind wir als Zukunftsschule in der Stufe 2 \u00a0 \u00a0 \u00a0 \u00a0 \u00a0 \u00a0 \u00a0 \u00a0 \u00a0 \u00a0 \u00a0 \u00a0 \u00a0 \u00a0 \u00a0 \u00a0 \u00a0 &#8222;<em>Wir arbeiten im Netzwerk!<\/em>&#8220; ausgezeichnet worden. &#8212;&gt; <a href=\"http:\/\/wbs-itzehoe.de\/?p=6476http:\/\/wbs-itzehoe.de\/?p=6476\">Beitrag<\/a><\/li>\n<\/ul>\n<p>Weitere Informationen zum Projekt gibt es unter <a href=\"http:\/\/www.zukunftsschule.sh\">www.zukunftsschule.sh<\/a>.<\/p>\n","protected":false},"excerpt":{"rendered":"<p>Zukunftsf\u00e4higes oder auch nachhaltiges Handeln bedeutet, den Nachkommen eine intakte \u00f6kologische, soziale und \u00f6konomische Welt zu hinterlassen und sie an den Entwicklungsprozessen zu beteiligen! Das hei\u00dft: Umweltgesichtspunkte, das gemeinsame Miteinander und die wirtschaftliche Situation sind gleichberechtigt zu ber\u00fccksichtigen. Durch eine &hellip; <a href=\"https:\/\/wbs-itzehoe.de\/?page_id=945\">Weiterlesen <span class=\"meta-nav\">&rarr;<\/span><\/a><\/p>\n","protected":false},"author":1,"featured_media":0,"parent":901,"menu_order":8,"comment_status":"closed","ping_status":"closed","template":"","meta":{"footnotes":""},"class_list":["post-945","page","type-page","status-publish","hentry"],"_links":{"self":[{"href":"https:\/\/wbs-itzehoe.de\/index.php?rest_route=\/wp\/v2\/pages\/945","targetHints":{"allow":["GET"]}}],"collection":[{"href":"https:\/\/wbs-itzehoe.de\/index.php?rest_route=\/wp\/v2\/pages"}],"about":[{"href":"https:\/\/wbs-itzehoe.de\/index.php?rest_route=\/wp\/v2\/types\/page"}],"author":[{"embeddable":true,"href":"https:\/\/wbs-itzehoe.de\/index.php?rest_route=\/wp\/v2\/users\/1"}],"replies":[{"embeddable":true,"href":"https:\/\/wbs-itzehoe.de\/index.php?rest_route=%2Fwp%2Fv2%2Fcomments&post=945"}],"version-history":[{"count":8,"href":"https:\/\/wbs-itzehoe.de\/index.php?rest_route=\/wp\/v2\/pages\/945\/revisions"}],"predecessor-version":[{"id":6907,"href":"https:\/\/wbs-itzehoe.de\/index.php?rest_route=\/wp\/v2\/pages\/945\/revisions\/6907"}],"up":[{"embeddable":true,"href":"https:\/\/wbs-itzehoe.de\/index.php?rest_route=\/wp\/v2\/pages\/901"}],"wp:attachment":[{"href":"https:\/\/wbs-itzehoe.de\/index.php?rest_route=%2Fwp%2Fv2%2Fmedia&parent=945"}],"curies":[{"name":"wp","href":"https:\/\/api.w.org\/{rel}","templated":true}]}}