{"id":947,"date":"2013-09-08T13:22:25","date_gmt":"2013-09-08T13:22:25","guid":{"rendered":"http:\/\/test.wbs-itzehoe.de\/?page_id=947"},"modified":"2021-01-09T22:38:09","modified_gmt":"2021-01-09T21:38:09","slug":"sinus-transfer","status":"publish","type":"page","link":"https:\/\/wbs-itzehoe.de\/?page_id=947","title":{"rendered":"Wir sind SINUS-Schule!"},"content":{"rendered":"<p>&nbsp;<\/p>\n<p><strong>Lehrkr\u00e4fte als Schl\u00fcssel zur Qualit\u00e4tsverbesserung des mathematisch-naturwissenschaftlichen Unterrichts<\/strong><\/p>\n<p><a href=\"http:\/\/wbs-itzehoe.de\/wp-content\/uploads\/2013\/09\/SINUS-Logo.jpg\"><img loading=\"lazy\" decoding=\"async\" class=\"alignleft wp-image-2707 size-full\" src=\"http:\/\/wbs-itzehoe.de\/wp-content\/uploads\/2013\/09\/SINUS-Logo.jpg\" alt=\"SINUS-Logo\" width=\"190\" height=\"177\" \/><\/a>Ziel des regionalen SINUS-SH-Programms ist die stetige Weiterentwicklung des Unterrichts in Mathematik, den Naturwissenschaften (NaWi) und den F\u00e4chern Biologie, Chemie und Physik. Durch praxisorientierte Ans\u00e4tze und kooperative Strukturen wird die Arbeit der Kolleginnen und Kollegen befruchtet und entlastet. So entstehen Freir\u00e4ume f\u00fcr besseren Unterricht!<\/p>\n<p>Kernpunkte des Programms sind einerseits die kollegiale bedarfsorientierte Zusammenarbeit in SINUS Sets und Zertifikat- oder Qualifizierungskursen durch das Nutzen eigener vielf\u00e4ltigen Erfahrungen kombiniert mit externem Input, um<\/p>\n<ul>\n<li>\u00fcber unterrichtsrelevante Entwicklungen schnell und umfassend informiert zu werden<\/li>\n<li>gut umsetzbare Anregungen zu erhalten<\/li>\n<li>gemeinsam Unterrichtseinheiten zu erarbeiten<\/li>\n<li>und spontan Themen aufzugreifen, die Kolleginnen und Kollegen im Schulalltag besch\u00e4ftigen.<\/li>\n<\/ul>\n<p>Andererseits gew\u00e4hrleistet SINUS eine langfristige und kontinuierliche Begleitung sowie Unterst\u00fctzung bei der Entwicklung von<\/p>\n<ul>\n<li>von Teamstrukturen und Entlastungen<\/li>\n<li>Unterrichtskultur, Fachlichkeit und Methodenvielfalt<\/li>\n<li>effektiven Organisationsformen in Schule und Unterricht.<\/li>\n<\/ul>\n<p>Seit nunmehr 10 Jahren arbeitet eine Reihe von KollegInnen regelm\u00e4\u00dfig in regionalen und \u00fcberregionalen Arbeitsgruppen mit Lehrkr\u00e4ften aller Schularten in Sets, Profi-Sets, Qualifzierungs- und Professionalisierungskursen an der Weiterentwicklung des mathematisch-naturwissenschaftlichen Unterrichts.<\/p>\n<p>F\u00fcr diese Arbeit erh\u00e4lt die WBS f\u00fcr das jeweilige Auszeichnungsjahr ein gerahmtes Schild mit dem SINUS-Label. SINUS Schulen werden bei Unterst\u00fctzungsangeboten (z.B. Fachkonferenz-Unterst\u00fctzung, SINUS Themen-Abrufe f\u00fcr Fachschaften, Nutzung von Themen-Kisten, Mathe-Mobil etc.) bevorzugt ber\u00fccksichtigt.<\/p>\n<p><a href=\"http:\/\/sinus-sh.lernnetz.de\/sinus\/\" target=\"_blank\" rel=\"noopener\">Hier<\/a> finden Sie weitere n\u00fctzliche Informationen zum SINUS-SH-Programm.<\/p>\n","protected":false},"excerpt":{"rendered":"<p>&nbsp; Lehrkr\u00e4fte als Schl\u00fcssel zur Qualit\u00e4tsverbesserung des mathematisch-naturwissenschaftlichen Unterrichts Ziel des regionalen SINUS-SH-Programms ist die stetige Weiterentwicklung des Unterrichts in Mathematik, den Naturwissenschaften (NaWi) und den F\u00e4chern Biologie, Chemie und Physik. Durch praxisorientierte Ans\u00e4tze und kooperative Strukturen wird die Arbeit &hellip; <a href=\"https:\/\/wbs-itzehoe.de\/?page_id=947\">Weiterlesen <span class=\"meta-nav\">&rarr;<\/span><\/a><\/p>\n","protected":false},"author":1,"featured_media":0,"parent":901,"menu_order":8,"comment_status":"closed","ping_status":"closed","template":"","meta":{"footnotes":""},"class_list":["post-947","page","type-page","status-publish","hentry"],"_links":{"self":[{"href":"https:\/\/wbs-itzehoe.de\/index.php?rest_route=\/wp\/v2\/pages\/947","targetHints":{"allow":["GET"]}}],"collection":[{"href":"https:\/\/wbs-itzehoe.de\/index.php?rest_route=\/wp\/v2\/pages"}],"about":[{"href":"https:\/\/wbs-itzehoe.de\/index.php?rest_route=\/wp\/v2\/types\/page"}],"author":[{"embeddable":true,"href":"https:\/\/wbs-itzehoe.de\/index.php?rest_route=\/wp\/v2\/users\/1"}],"replies":[{"embeddable":true,"href":"https:\/\/wbs-itzehoe.de\/index.php?rest_route=%2Fwp%2Fv2%2Fcomments&post=947"}],"version-history":[{"count":6,"href":"https:\/\/wbs-itzehoe.de\/index.php?rest_route=\/wp\/v2\/pages\/947\/revisions"}],"predecessor-version":[{"id":6942,"href":"https:\/\/wbs-itzehoe.de\/index.php?rest_route=\/wp\/v2\/pages\/947\/revisions\/6942"}],"up":[{"embeddable":true,"href":"https:\/\/wbs-itzehoe.de\/index.php?rest_route=\/wp\/v2\/pages\/901"}],"wp:attachment":[{"href":"https:\/\/wbs-itzehoe.de\/index.php?rest_route=%2Fwp%2Fv2%2Fmedia&parent=947"}],"curies":[{"name":"wp","href":"https:\/\/api.w.org\/{rel}","templated":true}]}}