{"id":960,"date":"2013-09-08T14:10:02","date_gmt":"2013-09-08T12:10:02","guid":{"rendered":"http:\/\/test.wbs-itzehoe.de\/?page_id=960"},"modified":"2021-02-20T12:03:36","modified_gmt":"2021-02-20T11:03:36","slug":"angebote-2","status":"publish","type":"page","link":"https:\/\/wbs-itzehoe.de\/?page_id=960","title":{"rendered":"Angebote"},"content":{"rendered":"<h2><strong>Angebote<\/strong><\/h2>\n<ul>\n<li><a title=\"Berufsorientierung\" href=\"http:\/\/wbs-itzehoe.de\/?page_id=982\">Berufsorientierung<\/a><\/li>\n<li><a href=\"http:\/\/wbs-itzehoe.de\/?page_id=7195\">Flex-Klasse<\/a><\/li>\n<li><a title=\"F\u00f6rderprogramm &gt;\" href=\"http:\/\/wbs-itzehoe.de\/?page_id=980\">F\u00f6rderprogramm<\/a><\/li>\n<li><a title=\"Girls\u2019Day &amp; Boys\u2019Day\" href=\"http:\/\/wbs-itzehoe.de\/?page_id=2721\">Girls&#8216; Day &amp; Boys&#8216; Day<\/a><\/li>\n<li><a href=\"http:\/\/wbs-itzehoe.de\/?page_id=5244\">Hausaufgabenstunde<\/a><\/li>\n<li><a href=\"http:\/\/wbs-itzehoe.de\/?page_id=7276\">Legasthenief\u00f6rderung<\/a><\/li>\n<li><a title=\"Lesef\u00f6rderung &gt;\" href=\"http:\/\/wbs-itzehoe.de\/?page_id=984\">Lesef\u00f6rderung<\/a><\/li>\n<li><a title=\"Projekttage\" href=\"http:\/\/wbs-itzehoe.de\/?page_id=989\">Projekttage<\/a><\/li>\n<li><a href=\"http:\/\/wbs-itzehoe.de\/?page_id=7197\">Schulabschl\u00fcsse<\/a><\/li>\n<li><a href=\"http:\/\/wbs-itzehoe.de\/?page_id=3814\">Schulsanit\u00e4ter<\/a><\/li>\n<li><a title=\"Soziales Lernen\" href=\"http:\/\/wbs-itzehoe.de\/?page_id=991\">Soziales Lernen<\/a><\/li>\n<li><a href=\"http:\/\/wbs-itzehoe.de\/?page_id=993\">Streitschlichtung<\/a><\/li>\n<\/ul>\n","protected":false},"excerpt":{"rendered":"<p>Angebote Berufsorientierung Flex-Klasse F\u00f6rderprogramm Girls&#8216; Day &amp; Boys&#8216; Day Hausaufgabenstunde Legasthenief\u00f6rderung Lesef\u00f6rderung Projekttage Schulabschl\u00fcsse Schulsanit\u00e4ter Soziales Lernen Streitschlichtung<\/p>\n","protected":false},"author":1,"featured_media":0,"parent":0,"menu_order":4,"comment_status":"closed","ping_status":"closed","template":"","meta":{"footnotes":""},"class_list":["post-960","page","type-page","status-publish","hentry"],"_links":{"self":[{"href":"https:\/\/wbs-itzehoe.de\/index.php?rest_route=\/wp\/v2\/pages\/960","targetHints":{"allow":["GET"]}}],"collection":[{"href":"https:\/\/wbs-itzehoe.de\/index.php?rest_route=\/wp\/v2\/pages"}],"about":[{"href":"https:\/\/wbs-itzehoe.de\/index.php?rest_route=\/wp\/v2\/types\/page"}],"author":[{"embeddable":true,"href":"https:\/\/wbs-itzehoe.de\/index.php?rest_route=\/wp\/v2\/users\/1"}],"replies":[{"embeddable":true,"href":"https:\/\/wbs-itzehoe.de\/index.php?rest_route=%2Fwp%2Fv2%2Fcomments&post=960"}],"version-history":[{"count":11,"href":"https:\/\/wbs-itzehoe.de\/index.php?rest_route=\/wp\/v2\/pages\/960\/revisions"}],"predecessor-version":[{"id":7278,"href":"https:\/\/wbs-itzehoe.de\/index.php?rest_route=\/wp\/v2\/pages\/960\/revisions\/7278"}],"wp:attachment":[{"href":"https:\/\/wbs-itzehoe.de\/index.php?rest_route=%2Fwp%2Fv2%2Fmedia&parent=960"}],"curies":[{"name":"wp","href":"https:\/\/api.w.org\/{rel}","templated":true}]}}