{"id":978,"date":"2013-09-08T14:29:57","date_gmt":"2013-09-08T12:29:57","guid":{"rendered":"http:\/\/test.wbs-itzehoe.de\/?page_id=978"},"modified":"2019-10-12T18:23:37","modified_gmt":"2019-10-12T16:23:37","slug":"sport-aok-lauf","status":"publish","type":"page","link":"https:\/\/wbs-itzehoe.de\/?page_id=978","title":{"rendered":"Sport: AOK-Lauf"},"content":{"rendered":"<p><img loading=\"lazy\" decoding=\"async\" class=\"alignleft size-medium wp-image-6097\" src=\"http:\/\/wbs-itzehoe.de\/wp-content\/uploads\/2019\/09\/AOK-Lauftag-2019-300x225.jpg\" alt=\"\" width=\"300\" height=\"225\" srcset=\"https:\/\/wbs-itzehoe.de\/wp-content\/uploads\/2019\/09\/AOK-Lauftag-2019-300x225.jpg 300w, https:\/\/wbs-itzehoe.de\/wp-content\/uploads\/2019\/09\/AOK-Lauftag-2019-768x576.jpg 768w, https:\/\/wbs-itzehoe.de\/wp-content\/uploads\/2019\/09\/AOK-Lauftag-2019-1024x768.jpg 1024w\" sizes=\"auto, (max-width: 300px) 100vw, 300px\" \/>Auch in diesem Jahr (2019) veranstalteten die Klosterhof- und die Wolfgang-Borchert-Schule wieder den traditionellen Lauftag im Itzehoer Stadion. Nachdem sich alle 5.-7. Klassen am fr\u00fchen Morgen im Sportlerdress zum Showdown einfanden und ihre wichtigen Getr\u00e4nkeboxenstopps am Pistenrand aufbauten, fiel der Startschuss um Punkt 10 Uhr.<\/p>\n<p><!--more-->Ausgestattet mit &#8222;textilfarbenen&#8220; Eddings zur Verschriftlichung der individuellen Laufzeit auf des L\u00e4ufers H\u00e4nde hatten die Zeitnehmer am Rande zun\u00e4chst sehr wenig zu tun, wollten doch die allermeisten L\u00e4uferinnen und L\u00e4ufer wenigstens die Stufe 2 schaffen &#8211; also mindestens 30 Minuten schwitzen. Obwohl sich das Feld nach der H\u00e4lfte der Laufzeit ein wenig lichtete, hat die gro\u00dfe Masse stolze 60 Minuten abgelaufen &#8211; und damit die h\u00f6chste Laufstufe erreicht. &#8222;Leute, das habt Ihr suuuper gemacht!&#8220;, lautete denn auch der passgenaue Kommentar unserer Stadionsprecherin Frau Roimann-Engel.<\/p>\n<p>Nach einer St\u00e4rkung mit Vitaminen vollzog sich schlie\u00dflich noch die Verlosung von insgesamt sechs Media-Markt-Gutscheinen in unterschiedlicher H\u00f6he, die dankenswerterweise von der Krankenkasse AOK-Nordwest spendiert wurden. Denn der Lauftag war Teil des Wettbewerbs \u201eAOK-Laufwunder\u201c, an dem sich jedes Jahr aufs Neue viele Schulen im Land beteiligen.<\/p>\n","protected":false},"excerpt":{"rendered":"<p>Auch in diesem Jahr (2019) veranstalteten die Klosterhof- und die Wolfgang-Borchert-Schule wieder den traditionellen Lauftag im Itzehoer Stadion. Nachdem sich alle 5.-7. Klassen am fr\u00fchen Morgen im Sportlerdress zum Showdown einfanden und ihre wichtigen Getr\u00e4nkeboxenstopps am Pistenrand aufbauten, fiel der &hellip; <a href=\"https:\/\/wbs-itzehoe.de\/?page_id=978\">Weiterlesen <span class=\"meta-nav\">&rarr;<\/span><\/a><\/p>\n","protected":false},"author":1,"featured_media":0,"parent":968,"menu_order":12,"comment_status":"closed","ping_status":"closed","template":"","meta":{"footnotes":""},"class_list":["post-978","page","type-page","status-publish","hentry"],"_links":{"self":[{"href":"https:\/\/wbs-itzehoe.de\/index.php?rest_route=\/wp\/v2\/pages\/978","targetHints":{"allow":["GET"]}}],"collection":[{"href":"https:\/\/wbs-itzehoe.de\/index.php?rest_route=\/wp\/v2\/pages"}],"about":[{"href":"https:\/\/wbs-itzehoe.de\/index.php?rest_route=\/wp\/v2\/types\/page"}],"author":[{"embeddable":true,"href":"https:\/\/wbs-itzehoe.de\/index.php?rest_route=\/wp\/v2\/users\/1"}],"replies":[{"embeddable":true,"href":"https:\/\/wbs-itzehoe.de\/index.php?rest_route=%2Fwp%2Fv2%2Fcomments&post=978"}],"version-history":[{"count":5,"href":"https:\/\/wbs-itzehoe.de\/index.php?rest_route=\/wp\/v2\/pages\/978\/revisions"}],"predecessor-version":[{"id":6141,"href":"https:\/\/wbs-itzehoe.de\/index.php?rest_route=\/wp\/v2\/pages\/978\/revisions\/6141"}],"up":[{"embeddable":true,"href":"https:\/\/wbs-itzehoe.de\/index.php?rest_route=\/wp\/v2\/pages\/968"}],"wp:attachment":[{"href":"https:\/\/wbs-itzehoe.de\/index.php?rest_route=%2Fwp%2Fv2%2Fmedia&parent=978"}],"curies":[{"name":"wp","href":"https:\/\/api.w.org\/{rel}","templated":true}]}}