{"id":980,"date":"2013-09-08T14:32:39","date_gmt":"2013-09-08T12:32:39","guid":{"rendered":"http:\/\/test.wbs-itzehoe.de\/?page_id=980"},"modified":"2016-02-21T13:34:13","modified_gmt":"2016-02-21T12:34:13","slug":"foerderprogramm","status":"publish","type":"page","link":"https:\/\/wbs-itzehoe.de\/?page_id=980","title":{"rendered":"F\u00f6rderprogramm >"},"content":{"rendered":"<ul>\n<li><a href=\"http:\/\/wbs-itzehoe.de\/?page_id=1263\">Niemanden zur\u00fccklassen <\/a>(Lesen macht stark! &amp; Mathe macht stark!)<\/li>\n<li>F\u00f6rderstunden in Deutsch, Mathematik und Englisch in s\u00e4mtlichen Jahrgangsstufen<\/li>\n<li>Legasthenie-Training im 5. &#8211; 7. Jahrgang<\/li>\n<li>Team-Teaching (Doppelbesetzungen in Integrationsklassen)<\/li>\n<\/ul>\n","protected":false},"excerpt":{"rendered":"<p>Niemanden zur\u00fccklassen (Lesen macht stark! &amp; Mathe macht stark!) F\u00f6rderstunden in Deutsch, Mathematik und Englisch in s\u00e4mtlichen Jahrgangsstufen Legasthenie-Training im 5. &#8211; 7. Jahrgang Team-Teaching (Doppelbesetzungen in Integrationsklassen)<\/p>\n","protected":false},"author":1,"featured_media":0,"parent":960,"menu_order":3,"comment_status":"closed","ping_status":"closed","template":"","meta":{"footnotes":""},"class_list":["post-980","page","type-page","status-publish","hentry"],"_links":{"self":[{"href":"https:\/\/wbs-itzehoe.de\/index.php?rest_route=\/wp\/v2\/pages\/980","targetHints":{"allow":["GET"]}}],"collection":[{"href":"https:\/\/wbs-itzehoe.de\/index.php?rest_route=\/wp\/v2\/pages"}],"about":[{"href":"https:\/\/wbs-itzehoe.de\/index.php?rest_route=\/wp\/v2\/types\/page"}],"author":[{"embeddable":true,"href":"https:\/\/wbs-itzehoe.de\/index.php?rest_route=\/wp\/v2\/users\/1"}],"replies":[{"embeddable":true,"href":"https:\/\/wbs-itzehoe.de\/index.php?rest_route=%2Fwp%2Fv2%2Fcomments&post=980"}],"version-history":[{"count":6,"href":"https:\/\/wbs-itzehoe.de\/index.php?rest_route=\/wp\/v2\/pages\/980\/revisions"}],"predecessor-version":[{"id":4065,"href":"https:\/\/wbs-itzehoe.de\/index.php?rest_route=\/wp\/v2\/pages\/980\/revisions\/4065"}],"up":[{"embeddable":true,"href":"https:\/\/wbs-itzehoe.de\/index.php?rest_route=\/wp\/v2\/pages\/960"}],"wp:attachment":[{"href":"https:\/\/wbs-itzehoe.de\/index.php?rest_route=%2Fwp%2Fv2%2Fmedia&parent=980"}],"curies":[{"name":"wp","href":"https:\/\/api.w.org\/{rel}","templated":true}]}}