{"id":982,"date":"2013-09-08T14:33:10","date_gmt":"2013-09-08T12:33:10","guid":{"rendered":"http:\/\/test.wbs-itzehoe.de\/?page_id=982"},"modified":"2023-09-27T08:32:19","modified_gmt":"2023-09-27T06:32:19","slug":"berufsorientierung","status":"publish","type":"page","link":"https:\/\/wbs-itzehoe.de\/?page_id=982","title":{"rendered":"Berufsorientierung"},"content":{"rendered":"<p>Berufsorientierung ist laut Gemeinschaftsschulverordnung integrativer Teil aller F\u00e4cher und Jahrgangsstufen. Die wichtigsten Ziele sind f\u00fcr unsere Schule vor allem das Erreichen von Ausbildungsreife und ein reibungsloser \u00dcbergang in die Bildungsg\u00e4nge zum Erwerb der Fachhochschulreife und der allgemeinen Hochschulreife bzw. in die betriebliche Ausbildung. Ansprechpartner an unserer Schule sind Herr Behrens, Frau Wohlert und Frau Schallhofer.<\/p>\n<div id=\"attachment_8855\" style=\"width: 123px\" class=\"wp-caption alignright\"><img loading=\"lazy\" decoding=\"async\" aria-describedby=\"caption-attachment-8855\" class=\"wp-image-8855\" src=\"https:\/\/wbs-itzehoe.de\/wp-content\/uploads\/2023\/05\/20230524_151704-scaled-e1685505252607-204x300.jpg\" alt=\"\" width=\"113\" height=\"167\" srcset=\"https:\/\/wbs-itzehoe.de\/wp-content\/uploads\/2023\/05\/20230524_151704-scaled-e1685505252607-204x300.jpg 204w, https:\/\/wbs-itzehoe.de\/wp-content\/uploads\/2023\/05\/20230524_151704-scaled-e1685505252607.jpg 543w\" sizes=\"auto, (max-width: 113px) 100vw, 113px\" \/><p id=\"caption-attachment-8855\" class=\"wp-caption-text\">St\u00e4rkencheck des 7. Jahrgangs<\/p><\/div>\n<p><strong>Jahrgangstufe 5 bis 7 <\/strong><\/p>\n<div id=\"attachment_8939\" style=\"width: 122px\" class=\"wp-caption alignleft\"><img loading=\"lazy\" decoding=\"async\" aria-describedby=\"caption-attachment-8939\" class=\"wp-image-8939\" src=\"https:\/\/wbs-itzehoe.de\/wp-content\/uploads\/2023\/07\/20230629_094711-scaled-e1688442594940-225x300.jpg\" alt=\"\" width=\"112\" height=\"149\" srcset=\"https:\/\/wbs-itzehoe.de\/wp-content\/uploads\/2023\/07\/20230629_094711-scaled-e1688442594940-225x300.jpg 225w, https:\/\/wbs-itzehoe.de\/wp-content\/uploads\/2023\/07\/20230629_094711-scaled-e1688442594940.jpg 600w\" sizes=\"auto, (max-width: 112px) 100vw, 112px\" \/><p id=\"caption-attachment-8939\" class=\"wp-caption-text\">Berufsfelderprobung<\/p><\/div>\n<p>&nbsp;<\/p>\n<p>Bereits in den unteren Jahrg\u00e4ngen legen wir Wert auf\u00a0 das Trainieren \u00a0 von Methoden- und Sozialkompetenzen. Wir nehmen am Girls- bzw. Boys-Day teil und thematisieren berufliche Qualifikationen im Fachunterricht.<\/p>\n<p>Die Highlights in der 7. Klasse sind der St\u00e4rkencheck und die Berufsfelderprobung in Kellinghusen.<\/p>\n<p><strong>Jahrgangsstufe 8 und 9<\/strong><\/p>\n<div id=\"attachment_9033\" style=\"width: 139px\" class=\"wp-caption alignleft\"><img loading=\"lazy\" decoding=\"async\" aria-describedby=\"caption-attachment-9033\" class=\"wp-image-9033\" src=\"https:\/\/wbs-itzehoe.de\/wp-content\/uploads\/2023\/07\/SDC17341-scaled-e1689133568546-300x225.jpg\" alt=\"\" width=\"129\" height=\"97\" srcset=\"https:\/\/wbs-itzehoe.de\/wp-content\/uploads\/2023\/07\/SDC17341-scaled-e1689133568546-300x225.jpg 300w, https:\/\/wbs-itzehoe.de\/wp-content\/uploads\/2023\/07\/SDC17341-scaled-e1689133568546-768x576.jpg 768w, https:\/\/wbs-itzehoe.de\/wp-content\/uploads\/2023\/07\/SDC17341-scaled-e1689133568546.jpg 800w\" sizes=\"auto, (max-width: 129px) 100vw, 129px\" \/><p id=\"caption-attachment-9033\" class=\"wp-caption-text\">Besuch bei Holcim des 8. und 9. Jahrgangs<\/p><\/div>\n<p>Jetzt starten wir richtig durch. Mit Betriebsbesichtigungen, Einzelgespr\u00e4che mit unserer Berufsberaterin, Besuch des Berufsinformationszentrums (BIZ), Bewerbertraining mit der Debeka und den kaufm\u00e4nnischen Assistenten des Regionalen Bildungszentrums (rbz), Elternabende mit Berufsinformationen, Berufsinformationsgespr\u00e4che auf dem Elternsprechtag, Besuch der Nordjob-Bau und der Vocatium in NMS sowie der MINT-Messe in Itzehoe, Besuch der AzubIZ am Regionalen Bildungszentrum (RBZ) lernst du zahlreiche Berufsfelder kennen und trittst mir m\u00f6glichen Ausbildungsbetrieben in Kontakt. Dabei trainierst du schon f\u00fcr zuk\u00fcnftige Bewerbungsgespr\u00e4che.<\/p>\n<div id=\"attachment_8631\" style=\"width: 113px\" class=\"wp-caption alignleft\"><img loading=\"lazy\" decoding=\"async\" aria-describedby=\"caption-attachment-8631\" class=\"wp-image-8631\" src=\"https:\/\/wbs-itzehoe.de\/wp-content\/uploads\/2022\/11\/IMG_8375-scaled-e1668147335725-240x300.jpg\" alt=\"\" width=\"103\" height=\"129\" srcset=\"https:\/\/wbs-itzehoe.de\/wp-content\/uploads\/2022\/11\/IMG_8375-scaled-e1668147335725-240x300.jpg 240w, https:\/\/wbs-itzehoe.de\/wp-content\/uploads\/2022\/11\/IMG_8375-scaled-e1668147335725.jpg 640w\" sizes=\"auto, (max-width: 103px) 100vw, 103px\" \/><p id=\"caption-attachment-8631\" class=\"wp-caption-text\">Jobb\u00f6rse des 9. Jahrgangs<\/p><\/div>\n<p>In der 8. und 9. Klasse machst du ein zweiw\u00f6chiges Praktikum. Dein Praktikum aus der 9, Klasse stellst du in einer schulinternen Jobb\u00f6rse den 8. Kl\u00e4sslern vor.<\/p>\n<p>&nbsp;<\/p>\n<p>&nbsp;<\/p>\n<p>&nbsp;<\/p>\n<p><strong>Jahrgangsstufe 10<\/strong><\/p>\n<div id=\"attachment_9122\" style=\"width: 104px\" class=\"wp-caption alignleft\"><img loading=\"lazy\" decoding=\"async\" aria-describedby=\"caption-attachment-9122\" class=\"wp-image-9122\" src=\"https:\/\/wbs-itzehoe.de\/wp-content\/uploads\/2023\/09\/IMG_0991-225x300.jpg\" alt=\"\" width=\"94\" height=\"125\" \/><p id=\"caption-attachment-9122\" class=\"wp-caption-text\">Besuch der Nordjob-Bau<\/p><\/div>\n<p>Wie geht es nach dem MSA weiter?<\/p>\n<p>Durch Schnupperunterricht am Regionalen Bildungszentrum (RBZ), Einzelgespr\u00e4che mit unserer Berufsberaterin, Berufsinformationsgespr\u00e4che auf dem Elternsprechtag sowie Besuche der Nojob-Bau und der Vocatium in Neum\u00fcnster und der AzubIZ in Itzehoe erf\u00e4hrst du, welche Berufe dir offen stehen. Egal, ob du eine Ausbildung oder einen weiteren Schulbesuch w\u00fcnschst.<\/p>\n<p>&nbsp;<\/p>\n<p>&nbsp;<\/p>\n<p><img loading=\"lazy\" decoding=\"async\" class=\"size-medium wp-image-7138 alignleft\" src=\"http:\/\/wbs-itzehoe.de\/wp-content\/uploads\/2021\/01\/Johannssen-02-b-Freisteller-Ausschnitt-2-300x200.jpg\" alt=\"\" width=\"300\" height=\"200\" \/>Unsere Berufsberaterin Birte Johann\u00dfen von der Agentur f\u00fcr Arbeit steht euch ab Klasse 8 gerne bei euren ersten Schritten in Richtung Berufswahl zur Verf\u00fcgung.<\/p>\n<p><a href=\"mailto:Birte.Johannssen@arbeitsagentur.de\">Birte.Johannssen@arbeitsagentur.de<\/a><\/p>\n<p>&nbsp;<\/p>\n<p>&nbsp;<\/p>\n<p><span style=\"text-decoration: underline;\">Unsere Kooperationspartner aus der Wirtschaft:<\/span><\/p>\n<p><a href=\"https:\/\/www.vbrb-itzehoe.de\/privatkunden.html\"><img loading=\"lazy\" decoding=\"async\" class=\"aligncenter wp-image-3838 size-medium\" src=\"http:\/\/wbs-itzehoe.de\/wp-content\/uploads\/2013\/09\/Volksbank-Logo-300x40.png\" alt=\"Volksbank-Logo\" width=\"300\" height=\"40\" srcset=\"https:\/\/wbs-itzehoe.de\/wp-content\/uploads\/2013\/09\/Volksbank-Logo-300x40.png 300w, https:\/\/wbs-itzehoe.de\/wp-content\/uploads\/2013\/09\/Volksbank-Logo.png 301w\" sizes=\"auto, (max-width: 300px) 100vw, 300px\" \/><\/a><\/p>\n<p style=\"text-align: center;\"><a href=\"http:\/\/www.holcim.de\/ueber-uns\/standorte\/zementwerk-laegerdorf.html\"><img loading=\"lazy\" decoding=\"async\" class=\"alignnone wp-image-3804 size-full\" src=\"http:\/\/wbs-itzehoe.de\/wp-content\/uploads\/2013\/09\/Holcim-Logo.bmp\" alt=\"Holcim-Logo\" width=\"322\" height=\"157\" \/><\/a><\/p>\n<p><a href=\"http:\/\/www.klinikum-itzehoe.de\"><img loading=\"lazy\" decoding=\"async\" class=\"wp-image-3839 size-full aligncenter\" src=\"http:\/\/wbs-itzehoe.de\/wp-content\/uploads\/2013\/09\/klinikum-itzehoe-logo.png\" alt=\"klinikum-itzehoe-logo\" width=\"200\" height=\"69\" \/><\/a><\/p>\n<p><span style=\"text-decoration: underline;\">Unsere Kooperationspartner-Schulen:<\/span><\/p>\n<p><a href=\"http:\/\/www.rbz-steinburg.de\"><img loading=\"lazy\" decoding=\"async\" class=\"aligncenter wp-image-3836 size-medium\" src=\"http:\/\/wbs-itzehoe.de\/wp-content\/uploads\/2015\/11\/rbz_logo-300x157.jpg\" alt=\"rbz_logo\" width=\"300\" height=\"157\" srcset=\"https:\/\/wbs-itzehoe.de\/wp-content\/uploads\/2015\/11\/rbz_logo-300x157.jpg 300w, https:\/\/wbs-itzehoe.de\/wp-content\/uploads\/2015\/11\/rbz_logo.jpg 500w\" sizes=\"auto, (max-width: 300px) 100vw, 300px\" \/><\/a><\/p>\n<p><a href=\"http:\/\/www.kks-itzehoe.de\"><img loading=\"lazy\" decoding=\"async\" class=\"aligncenter wp-image-3837 size-full\" src=\"http:\/\/wbs-itzehoe.de\/wp-content\/uploads\/2015\/11\/kks-Logo.bmp\" alt=\"kks-Logo\" width=\"112\" height=\"156\" \/><\/a><\/p>\n<p><a href=\"http:\/\/www.avs-itzehoe.de\"><img loading=\"lazy\" decoding=\"async\" class=\"wp-image-3835 size-medium aligncenter\" src=\"http:\/\/wbs-itzehoe.de\/wp-content\/uploads\/2015\/11\/AVSLogo-300x100.jpg\" alt=\"AVSLogo\" width=\"300\" height=\"100\" \/><\/a><\/p>\n<p>Verantwortlicher f\u00fcr die Berufsorientierung: <a title=\"Koodinatoren\" href=\"http:\/\/test.wbs-itzehoe.de\/?page_id=883\">Herr Behrens<\/a><\/p>\n","protected":false},"excerpt":{"rendered":"<p>Berufsorientierung ist laut Gemeinschaftsschulverordnung integrativer Teil aller F\u00e4cher und Jahrgangsstufen. Die wichtigsten Ziele sind f\u00fcr unsere Schule vor allem das Erreichen von Ausbildungsreife und ein reibungsloser \u00dcbergang in die Bildungsg\u00e4nge zum Erwerb der Fachhochschulreife und der allgemeinen Hochschulreife bzw. in &hellip; <a href=\"https:\/\/wbs-itzehoe.de\/?page_id=982\">Weiterlesen <span class=\"meta-nav\">&rarr;<\/span><\/a><\/p>\n","protected":false},"author":1,"featured_media":0,"parent":960,"menu_order":2,"comment_status":"closed","ping_status":"closed","template":"","meta":{"footnotes":""},"class_list":["post-982","page","type-page","status-publish","hentry"],"_links":{"self":[{"href":"https:\/\/wbs-itzehoe.de\/index.php?rest_route=\/wp\/v2\/pages\/982","targetHints":{"allow":["GET"]}}],"collection":[{"href":"https:\/\/wbs-itzehoe.de\/index.php?rest_route=\/wp\/v2\/pages"}],"about":[{"href":"https:\/\/wbs-itzehoe.de\/index.php?rest_route=\/wp\/v2\/types\/page"}],"author":[{"embeddable":true,"href":"https:\/\/wbs-itzehoe.de\/index.php?rest_route=\/wp\/v2\/users\/1"}],"replies":[{"embeddable":true,"href":"https:\/\/wbs-itzehoe.de\/index.php?rest_route=%2Fwp%2Fv2%2Fcomments&post=982"}],"version-history":[{"count":18,"href":"https:\/\/wbs-itzehoe.de\/index.php?rest_route=\/wp\/v2\/pages\/982\/revisions"}],"predecessor-version":[{"id":9189,"href":"https:\/\/wbs-itzehoe.de\/index.php?rest_route=\/wp\/v2\/pages\/982\/revisions\/9189"}],"up":[{"embeddable":true,"href":"https:\/\/wbs-itzehoe.de\/index.php?rest_route=\/wp\/v2\/pages\/960"}],"wp:attachment":[{"href":"https:\/\/wbs-itzehoe.de\/index.php?rest_route=%2Fwp%2Fv2%2Fmedia&parent=982"}],"curies":[{"name":"wp","href":"https:\/\/api.w.org\/{rel}","templated":true}]}}