{"id":984,"date":"2013-09-08T14:34:33","date_gmt":"2013-09-08T14:34:33","guid":{"rendered":"http:\/\/test.wbs-itzehoe.de\/?page_id=984"},"modified":"2021-01-09T13:31:39","modified_gmt":"2021-01-09T12:31:39","slug":"lesefoerderung","status":"publish","type":"page","link":"https:\/\/wbs-itzehoe.de\/?page_id=984","title":{"rendered":"Lesef\u00f6rderung    >"},"content":{"rendered":"<p><strong>Wenn Stille das Geb\u00e4ude erfasst und Buchseiten leise rascheln, \u2026<\/strong><\/p>\n<p><a href=\"http:\/\/test.wbs-itzehoe.de\/wp-content\/uploads\/2013\/09\/6672194e8864ffe7fb369cca4b56e747.jpg\"><img loading=\"lazy\" decoding=\"async\" class=\"aligncenter size-medium wp-image-1233\" src=\"http:\/\/test.wbs-itzehoe.de\/wp-content\/uploads\/2013\/09\/6672194e8864ffe7fb369cca4b56e747-237x300.jpg\" alt=\"Lesef\u00f6rderung1\" width=\"237\" height=\"300\" srcset=\"https:\/\/wbs-itzehoe.de\/wp-content\/uploads\/2013\/09\/6672194e8864ffe7fb369cca4b56e747-237x300.jpg 237w, https:\/\/wbs-itzehoe.de\/wp-content\/uploads\/2013\/09\/6672194e8864ffe7fb369cca4b56e747.jpg 633w\" sizes=\"auto, (max-width: 237px) 100vw, 237px\" \/><\/a><strong>&#8230;dann ist LESEZEIT.<\/strong><\/p>\n<p>Die Lehrerinnen und Lehrer der Wolfgang-Borchert-Schule schenken ihren Sch\u00fclern von ihrer Unterrichtszeit t\u00e4glich 15 Minuten. Diese 15 Minuten verschieben sich von Woche zu Woche um eine Schulstunde, so dass alle Unterrichtsstunden wiederkehrend betroffen sind. In dieser Lesezeit liest jeder Sch\u00fcler in seinem Lieblingsbuch. Das bedeutet, die Sch\u00fclerinnen und Sch\u00fcler k\u00f6nnen ganz individuell ihr Buch nach Interesse und Schwierigkeit w\u00e4hlen.<\/p>\n<p>Denn wissenschaftliche Untersuchungen kamen zu dem Ergebnis, dass <em>regelm\u00e4\u00dfiges Lesen&#8230;<\/em><\/p>\n<ul>\n<li>den Wortschatz erweitert,<\/li>\n<li>die Rechtschreibf\u00e4higkeiten st\u00e4rkt,<\/li>\n<li>das Textverst\u00e4ndnis steigert<\/li>\n<li>und das Weltwissen vergr\u00f6\u00dfert.<\/li>\n<\/ul>\n<p><a href=\"http:\/\/test.wbs-itzehoe.de\/wp-content\/uploads\/2013\/09\/3a7270a4730a980ba2aad9e309a3d782.jpg\"><img loading=\"lazy\" decoding=\"async\" class=\"alignleft size-medium wp-image-1234\" src=\"http:\/\/test.wbs-itzehoe.de\/wp-content\/uploads\/2013\/09\/3a7270a4730a980ba2aad9e309a3d782-225x300.jpg\" alt=\"Lesef\u00f6rderung2\" width=\"225\" height=\"300\" srcset=\"https:\/\/wbs-itzehoe.de\/wp-content\/uploads\/2013\/09\/3a7270a4730a980ba2aad9e309a3d782-225x300.jpg 225w, https:\/\/wbs-itzehoe.de\/wp-content\/uploads\/2013\/09\/3a7270a4730a980ba2aad9e309a3d782.jpg 600w\" sizes=\"auto, (max-width: 225px) 100vw, 225px\" \/><\/a>Lesen ist somit eine der wichtigsten Schl\u00fcsselqualifikationen im zuk\u00fcnftigen Berufsleben Ihres Kindes. Aus diesen Gr\u00fcnden bitten wir die Eltern, unsere Lesef\u00f6rderung mit zus\u00e4tzlichen 15 Minuten zu Hause zu unterst\u00fctzen. Sorgen Sie f\u00fcr ausreichendes sowie passendes \u201eLesefutter\u201c, eine entspannte Atmosph\u00e4re und motivieren Sie durch Lob. Gemeinsames Lesen vor dem Einschlafen oder nach der Schule sorgt f\u00fcr Entspannung und kann als festes Ritual in den Alltag eingeplant werden. In unserer <a title=\"Sch\u00fclerb\u00fccherei\" href=\"http:\/\/test.wbs-itzehoe.de\/?page_id=1235\">Schulb\u00fccherei<\/a> warten viele spannende B\u00fccher auf gro\u00dfe und kleine \u201eLeseratten\u201c.<\/p>\n","protected":false},"excerpt":{"rendered":"<p>Wenn Stille das Geb\u00e4ude erfasst und Buchseiten leise rascheln, \u2026 &#8230;dann ist LESEZEIT. Die Lehrerinnen und Lehrer der Wolfgang-Borchert-Schule schenken ihren Sch\u00fclern von ihrer Unterrichtszeit t\u00e4glich 15 Minuten. Diese 15 Minuten verschieben sich von Woche zu Woche um eine Schulstunde, &hellip; <a href=\"https:\/\/wbs-itzehoe.de\/?page_id=984\">Weiterlesen <span class=\"meta-nav\">&rarr;<\/span><\/a><\/p>\n","protected":false},"author":1,"featured_media":0,"parent":960,"menu_order":6,"comment_status":"closed","ping_status":"closed","template":"","meta":{"footnotes":""},"class_list":["post-984","page","type-page","status-publish","hentry"],"_links":{"self":[{"href":"https:\/\/wbs-itzehoe.de\/index.php?rest_route=\/wp\/v2\/pages\/984","targetHints":{"allow":["GET"]}}],"collection":[{"href":"https:\/\/wbs-itzehoe.de\/index.php?rest_route=\/wp\/v2\/pages"}],"about":[{"href":"https:\/\/wbs-itzehoe.de\/index.php?rest_route=\/wp\/v2\/types\/page"}],"author":[{"embeddable":true,"href":"https:\/\/wbs-itzehoe.de\/index.php?rest_route=\/wp\/v2\/users\/1"}],"replies":[{"embeddable":true,"href":"https:\/\/wbs-itzehoe.de\/index.php?rest_route=%2Fwp%2Fv2%2Fcomments&post=984"}],"version-history":[{"count":9,"href":"https:\/\/wbs-itzehoe.de\/index.php?rest_route=\/wp\/v2\/pages\/984\/revisions"}],"predecessor-version":[{"id":6915,"href":"https:\/\/wbs-itzehoe.de\/index.php?rest_route=\/wp\/v2\/pages\/984\/revisions\/6915"}],"up":[{"embeddable":true,"href":"https:\/\/wbs-itzehoe.de\/index.php?rest_route=\/wp\/v2\/pages\/960"}],"wp:attachment":[{"href":"https:\/\/wbs-itzehoe.de\/index.php?rest_route=%2Fwp%2Fv2%2Fmedia&parent=984"}],"curies":[{"name":"wp","href":"https:\/\/api.w.org\/{rel}","templated":true}]}}