{"id":989,"date":"2013-09-08T14:36:58","date_gmt":"2013-09-08T14:36:58","guid":{"rendered":"http:\/\/test.wbs-itzehoe.de\/?page_id=989"},"modified":"2021-01-09T13:46:16","modified_gmt":"2021-01-09T12:46:16","slug":"projekttage","status":"publish","type":"page","link":"https:\/\/wbs-itzehoe.de\/?page_id=989","title":{"rendered":"Projekttage"},"content":{"rendered":"<p><span style=\"font-size: 12pt;\">Projekte bieten die M\u00f6glichkeit, Schule einmal anders zu erleben. So versuchen wir alle zwei Jahre unser Stadt &#8222;Wolborgia&#8220; neu entstehen zu lassen:<\/span><\/p>\n<div id=\"attachment_5703\" style=\"width: 310px\" class=\"wp-caption alignleft\"><img loading=\"lazy\" decoding=\"async\" aria-describedby=\"caption-attachment-5703\" class=\"size-medium wp-image-5703\" src=\"http:\/\/wbs-itzehoe.de\/wp-content\/uploads\/2019\/02\/DSC_6688-300x195.jpeg\" alt=\"\" width=\"300\" height=\"195\" \/><p id=\"caption-attachment-5703\" class=\"wp-caption-text\">Herzlich willkommen in Wolborgia<\/p><\/div>\n<p>Wolborgia \u2013 Im Zeitraum vom 29. Januar bis zum 2. Februar 2019 wurde Itzehoe um einen weiteren Stadtteil bereichert. In den R\u00e4umen der Wolfgang Borchert Schule wuchs eine neue Stadt heran. Monate zuvor wurde zwischen den Aufsichtsr\u00e4ten, die zuvor als Lehrer an der Schule t\u00e4tig waren und den Betriebsleitern, die bisher die 9. bzw.10. Klassen der Gemeinschaftsschule besuchten, \u00fcberlegt, welche Betriebe es in der Stadt geben m\u00fcsse und wie diese aufgebaut werden sollten. Ein wagemutiges Experiment startete, das zu einem vollen Erfolg wurde.<\/p>\n<p>In Wolborgia gab es alles, was eine Stadt brauchte. Unter den insgesamt 33 Betrieben gab es verschiedene Bars und Caf\u00e9s, ein Kino und ein Casino, Beauty- und Fitnessstudios sowie zahlreiche kleine Kreativwerkst\u00e4tten. Sogar ein Kurztrip nach London, um seine Englischkenntnisse aufzufrischen, war m\u00f6glich. Selbstverst\u00e4ndlich verf\u00fcgte Wolborgia auch \u00fcber eine eigene Polizeistation, eine Post, eine Bank sowie eine M\u00fcllabfuhr. T\u00e4gliche Nachrichten wurden \u00fcber den Wolborgia-Radiosender und die Zeitung \u201eWild\u201c verbreitet.<\/p>\n<p>Jeden Tag zahlte die Bank den Lehrlingen (Klasse 5-7), den Angestellten (Klasse 8-10), den Betriebsleitern und Aufsichtr\u00e4ten ihren Lohn aus. Die Freude war gro\u00df \u00fcber das selbstverdiente Geld, das nun in der Stadt nach Herzenlust f\u00fcr Pizza, neue Frisuren oder ein \u00f6kologisch einwandfreies Duschgel ausgegeben werden konnte. Auch die Lohnsteuer, die bezahlt werden musste, konnte diese Freude nicht tr\u00fcben.<\/p>\n<p>Am Samstag pr\u00e4sentierten Sch\u00fcler und Lehrer dem breiten Publikum voller Stolz ihre Stadt. Das frisch gew\u00e4hlte B\u00fcrgermeisterteam mit Luisa Lohse (10c) und Maximilian Ramm (9e) begr\u00fc\u00dfte die Besucher mit einer kleinen Ansprache.<\/p>\n<p>Unsere VIP-G\u00e4ste, die Viertkl\u00e4sslern der umliegenden Grundschulen, wurden von Mitarbeitern der Messehalle in Empfang genommen und bekamen die WBS-Shopping-Bag mit dem Schulmaskotchen Wolfgang B. Eichhorn geschenkt. Anschlie\u00dfend hatten sie die M\u00f6glichkeit, sich von unseren ausgebildeten Stadtf\u00fchrern die H\u00f6hepunkte Wolborgias zeigen zu lassen. Eltern, die sich \u00fcber unsere Schule informieren wollten, fanden in der Messehalle verschiedene St\u00e4nde, die \u00fcber die Arbeit an der WBS informierten. Besonderes Interesse erweckte hier der Elterntisch, an dem sich interessierte Eltern mit Eltern unserer Schule austauschen konnten.<\/p>\n<p>Als dann nach 15 Uhr nur noch die M\u00f6belpacker und die M\u00fcllabfuhr ihren Dienst in Wolborgia taten, war allen klar, dass diese Stadt ein echtes Erfolgsmodell war.<\/p>\n<p><span style=\"font-size: 12pt; color: #ff00ff;\">Aber auch in einzelnen Unterrichtsf\u00e4chern finden immer wieder spannende Projekte statt. Hier finden Sie eine Liste von weiteren <a style=\"color: #ff00ff;\" href=\"http:\/\/wbs-itzehoe.de\/?cat=45\">Projektaktivit\u00e4ten<\/a>.<\/span><\/p>\n","protected":false},"excerpt":{"rendered":"<p>Projekte bieten die M\u00f6glichkeit, Schule einmal anders zu erleben. So versuchen wir alle zwei Jahre unser Stadt &#8222;Wolborgia&#8220; neu entstehen zu lassen: Wolborgia \u2013 Im Zeitraum vom 29. Januar bis zum 2. Februar 2019 wurde Itzehoe um einen weiteren Stadtteil &hellip; <a href=\"https:\/\/wbs-itzehoe.de\/?page_id=989\">Weiterlesen <span class=\"meta-nav\">&rarr;<\/span><\/a><\/p>\n","protected":false},"author":1,"featured_media":0,"parent":960,"menu_order":7,"comment_status":"closed","ping_status":"closed","template":"","meta":{"footnotes":""},"class_list":["post-989","page","type-page","status-publish","hentry"],"_links":{"self":[{"href":"https:\/\/wbs-itzehoe.de\/index.php?rest_route=\/wp\/v2\/pages\/989","targetHints":{"allow":["GET"]}}],"collection":[{"href":"https:\/\/wbs-itzehoe.de\/index.php?rest_route=\/wp\/v2\/pages"}],"about":[{"href":"https:\/\/wbs-itzehoe.de\/index.php?rest_route=\/wp\/v2\/types\/page"}],"author":[{"embeddable":true,"href":"https:\/\/wbs-itzehoe.de\/index.php?rest_route=\/wp\/v2\/users\/1"}],"replies":[{"embeddable":true,"href":"https:\/\/wbs-itzehoe.de\/index.php?rest_route=%2Fwp%2Fv2%2Fcomments&post=989"}],"version-history":[{"count":10,"href":"https:\/\/wbs-itzehoe.de\/index.php?rest_route=\/wp\/v2\/pages\/989\/revisions"}],"predecessor-version":[{"id":6918,"href":"https:\/\/wbs-itzehoe.de\/index.php?rest_route=\/wp\/v2\/pages\/989\/revisions\/6918"}],"up":[{"embeddable":true,"href":"https:\/\/wbs-itzehoe.de\/index.php?rest_route=\/wp\/v2\/pages\/960"}],"wp:attachment":[{"href":"https:\/\/wbs-itzehoe.de\/index.php?rest_route=%2Fwp%2Fv2%2Fmedia&parent=989"}],"curies":[{"name":"wp","href":"https:\/\/api.w.org\/{rel}","templated":true}]}}