{"id":993,"date":"2013-09-08T14:38:54","date_gmt":"2013-09-08T14:38:54","guid":{"rendered":"http:\/\/test.wbs-itzehoe.de\/?page_id=993"},"modified":"2021-01-09T14:37:33","modified_gmt":"2021-01-09T13:37:33","slug":"streitschlichter","status":"publish","type":"page","link":"https:\/\/wbs-itzehoe.de\/?page_id=993","title":{"rendered":"Streitschlichtung"},"content":{"rendered":"<p><div id=\"attachment_1331\" style=\"width: 310px\" class=\"wp-caption alignleft\"><a href=\"http:\/\/wbs-itzehoe.de\/wp-content\/uploads\/2013\/09\/IMG_4798.jpg\"><img loading=\"lazy\" decoding=\"async\" aria-describedby=\"caption-attachment-1331\" class=\"wp-image-1331 size-medium\" title=\"Streitschlichter 2013\/14\" src=\"http:\/\/wbs-itzehoe.de\/wp-content\/uploads\/2013\/09\/IMG_4798-300x225.jpg\" alt=\"IMG_4798\" width=\"300\" height=\"225\" srcset=\"https:\/\/wbs-itzehoe.de\/wp-content\/uploads\/2013\/09\/IMG_4798-300x225.jpg 300w, https:\/\/wbs-itzehoe.de\/wp-content\/uploads\/2013\/09\/IMG_4798.jpg 320w\" sizes=\"auto, (max-width: 300px) 100vw, 300px\" \/><\/a><p id=\"caption-attachment-1331\" class=\"wp-caption-text\">Streitschlichter im Schuljahr 2013\/14<\/p><\/div> <div id=\"attachment_2845\" style=\"width: 310px\" class=\"wp-caption alignleft\"><a href=\"http:\/\/wbs-itzehoe.de\/wp-content\/uploads\/2013\/09\/IMG_1070.jpg\"><img loading=\"lazy\" decoding=\"async\" aria-describedby=\"caption-attachment-2845\" class=\"wp-image-2845 size-medium\" src=\"http:\/\/wbs-itzehoe.de\/wp-content\/uploads\/2013\/09\/IMG_1070-300x225.jpg\" alt=\"IMG_1070\" width=\"300\" height=\"225\" srcset=\"https:\/\/wbs-itzehoe.de\/wp-content\/uploads\/2013\/09\/IMG_1070-300x225.jpg 300w, https:\/\/wbs-itzehoe.de\/wp-content\/uploads\/2013\/09\/IMG_1070-1024x768.jpg 1024w\" sizes=\"auto, (max-width: 300px) 100vw, 300px\" \/><\/a><p id=\"caption-attachment-2845\" class=\"wp-caption-text\">Streitschlichter im Schuljahr 2014\/15<\/p><\/div><\/p>\n<p>Seit dem Schuljahr 2005 gibt es f\u00fcr die Sch\u00fclerinnen und Sch\u00fcler die M\u00f6glichkeit, sich zu Streitschlichtern ausbilden zu lassen. Diese Ausbildung erfolgt im Rahmen der Konfliktlotsen-AG unter Federf\u00fchrung unserer Schulsozialarbeiterin Frau Scheller.<\/p>\n<p>Unsere Aufgabe besteht darin, streitende Sch\u00fcler bei der Findung einer L\u00f6sung zu helfen. Hierf\u00fcr wurde ein Raum eingerichtet, welcher sich in der Sporthalle befindet. Hier sitzen t\u00e4glich, in jeder gro\u00dfen Pause, zwei bis drei Streitschlichter und stehen bei Problemen von Sch\u00fclern zu Verf\u00fcgung.<\/p>\n<ul>\n<li>Das Ziel der Streitschlichtung ist eine gewaltfreie Konfliktl\u00f6sung.<\/li>\n<li>Es geht um Einsicht, nicht um Rechthaberei.<\/li>\n<li>Die Streitschlichtung beruht auf dem Prinzip der Freiwilligkeit.<\/li>\n<\/ul>\n<p><div id=\"attachment_5054\" style=\"width: 310px\" class=\"wp-caption alignleft\"><img loading=\"lazy\" decoding=\"async\" aria-describedby=\"caption-attachment-5054\" class=\"wp-image-5054 size-medium\" src=\"http:\/\/wbs-itzehoe.de\/wp-content\/uploads\/2013\/09\/P1040194-300x225.jpg\" alt=\"\" width=\"300\" height=\"225\" srcset=\"https:\/\/wbs-itzehoe.de\/wp-content\/uploads\/2013\/09\/P1040194-300x225.jpg 300w, https:\/\/wbs-itzehoe.de\/wp-content\/uploads\/2013\/09\/P1040194-768x576.jpg 768w, https:\/\/wbs-itzehoe.de\/wp-content\/uploads\/2013\/09\/P1040194-1024x768.jpg 1024w\" sizes=\"auto, (max-width: 300px) 100vw, 300px\" \/><p id=\"caption-attachment-5054\" class=\"wp-caption-text\">Streitschlichter bis zum Schuljahr 2017\/18<\/p><\/div> <div id=\"attachment_5861\" style=\"width: 310px\" class=\"wp-caption alignleft\"><img loading=\"lazy\" decoding=\"async\" aria-describedby=\"caption-attachment-5861\" class=\"wp-image-5861 size-medium\" src=\"http:\/\/wbs-itzehoe.de\/wp-content\/uploads\/2019\/06\/Konfliktlotsen-2019-300x225.png\" alt=\"\" width=\"300\" height=\"225\" srcset=\"https:\/\/wbs-itzehoe.de\/wp-content\/uploads\/2019\/06\/Konfliktlotsen-2019-300x225.png 300w, https:\/\/wbs-itzehoe.de\/wp-content\/uploads\/2019\/06\/Konfliktlotsen-2019-768x576.png 768w, https:\/\/wbs-itzehoe.de\/wp-content\/uploads\/2019\/06\/Konfliktlotsen-2019.png 1024w\" sizes=\"auto, (max-width: 300px) 100vw, 300px\" \/><p id=\"caption-attachment-5861\" class=\"wp-caption-text\">Streitschlichter seit dem Schuljahr 2018\/19<\/p><\/div><\/p>\n<p><span style=\"text-decoration: underline;\">Unsere aktuellen Konfliktlotsen im Dienst:<\/span><\/p>\n<ul>\n<li><em>Finn-Ole Ernst (9c)<\/em><\/li>\n<li><em>Josephine Kaminski (9d)<\/em><\/li>\n<li><em>Charlyn Neumann-Urban (9c)<\/em><\/li>\n<li><em>Sophie Wei\u00df (9c)<\/em><\/li>\n<\/ul>\n<p>Unsere Schulsozialarbeiterin Frau Scheller bildet aktuell neue Konfliktlotsen aus!<\/p>\n","protected":false},"excerpt":{"rendered":"<p>Seit dem Schuljahr 2005 gibt es f\u00fcr die Sch\u00fclerinnen und Sch\u00fcler die M\u00f6glichkeit, sich zu Streitschlichtern ausbilden zu lassen. Diese Ausbildung erfolgt im Rahmen der Konfliktlotsen-AG unter Federf\u00fchrung unserer Schulsozialarbeiterin Frau Scheller. Unsere Aufgabe besteht darin, streitende Sch\u00fcler bei der &hellip; <a href=\"https:\/\/wbs-itzehoe.de\/?page_id=993\">Weiterlesen <span class=\"meta-nav\">&rarr;<\/span><\/a><\/p>\n","protected":false},"author":1,"featured_media":0,"parent":960,"menu_order":9,"comment_status":"closed","ping_status":"closed","template":"","meta":{"footnotes":""},"class_list":["post-993","page","type-page","status-publish","hentry"],"_links":{"self":[{"href":"https:\/\/wbs-itzehoe.de\/index.php?rest_route=\/wp\/v2\/pages\/993","targetHints":{"allow":["GET"]}}],"collection":[{"href":"https:\/\/wbs-itzehoe.de\/index.php?rest_route=\/wp\/v2\/pages"}],"about":[{"href":"https:\/\/wbs-itzehoe.de\/index.php?rest_route=\/wp\/v2\/types\/page"}],"author":[{"embeddable":true,"href":"https:\/\/wbs-itzehoe.de\/index.php?rest_route=\/wp\/v2\/users\/1"}],"replies":[{"embeddable":true,"href":"https:\/\/wbs-itzehoe.de\/index.php?rest_route=%2Fwp%2Fv2%2Fcomments&post=993"}],"version-history":[{"count":25,"href":"https:\/\/wbs-itzehoe.de\/index.php?rest_route=\/wp\/v2\/pages\/993\/revisions"}],"predecessor-version":[{"id":6841,"href":"https:\/\/wbs-itzehoe.de\/index.php?rest_route=\/wp\/v2\/pages\/993\/revisions\/6841"}],"up":[{"embeddable":true,"href":"https:\/\/wbs-itzehoe.de\/index.php?rest_route=\/wp\/v2\/pages\/960"}],"wp:attachment":[{"href":"https:\/\/wbs-itzehoe.de\/index.php?rest_route=%2Fwp%2Fv2%2Fmedia&parent=993"}],"curies":[{"name":"wp","href":"https:\/\/api.w.org\/{rel}","templated":true}]}}